{"id":889,"date":"2018-04-11T11:54:52","date_gmt":"2018-04-11T09:54:52","guid":{"rendered":"http:\/\/hotelmaria.net\/piscina\/"},"modified":"2018-06-13T12:31:22","modified_gmt":"2018-06-13T10:31:22","slug":"piscine","status":"publish","type":"page","link":"https:\/\/hotelmaria.net\/fr\/piscine\/","title":{"rendered":"Piscine"},"content":{"rendered":"<div class=\"wpb-content-wrapper\"><p>[vc_row max_row_content_width=\u00a0\u00bb100%\u00a0\u00bb row_content_width=\u00a0\u00bb100%\u00a0\u00bb][vc_column]<div class=\"ult-spacer spacer-69d596eb3eb0c\" data-id=\"69d596eb3eb0c\" data-height=\"151\" data-height-mobile=\"0\" data-height-tab=\"108\" data-height-tab-portrait=\"108\" data-height-mobile-landscape=\"0\" style=\"clear:both;display:block;\"><\/div>[\/vc_column][\/vc_row][vc_row max_row_content_width=\u00a0\u00bb100%\u00a0\u00bb row_content_width=\u00a0\u00bb100%\u00a0\u00bb bg_row=\u00a0\u00bbcenter center\u00a0\u00bb css=\u00a0\u00bb.vc_custom_1523438032628{background-image: url(http:\/\/hotelmaria.net\/wp-content\/uploads\/camere2.jpg?id=375) !important;background-position: center !important;background-repeat: no-repeat !important;background-size: cover !important;}\u00a0\u00bb][vc_column][vc_empty_space height=\u00a0\u00bb490px\u00a0\u00bb][\/vc_column][\/vc_row][vc_row max_row_content_width=\u00a0\u00bb1400px\u00a0\u00bb row_content_width=\u00a0\u00bb100%\u00a0\u00bb bg_type=\u00a0\u00bbbg_color\u00a0\u00bb seperator_enable=\u00a0\u00bbseperator_enable_value\u00a0\u00bb seperator_type=\u00a0\u00bbxlarge_circle_seperator\u00a0\u00bb seperator_position=\u00a0\u00bbbottom_seperator\u00a0\u00bb seperator_svg_height=\u00a0\u00bb100&Prime; seperator_shape_background=\u00a0\u00bb#ffffff\u00a0\u00bb bg_color_value=\u00a0\u00bb#74c2dc\u00a0\u00bb][vc_column][vc_row_inner equal_height=\u00a0\u00bbyes\u00a0\u00bb content_placement=\u00a0\u00bbmiddle\u00a0\u00bb][vc_column_inner el_class=\u00a0\u00bbwow fadeIn whitefont\u00a0\u00bb width=\u00a0\u00bb1\/2&Prime; offset=\u00a0\u00bbvc_col-lg-8 vc_col-md-8 vc_col-xs-12&Prime; css=\u00a0\u00bb.vc_custom_1523372696741{padding-top: 50px !important;padding-right: 50px !important;padding-bottom: 50px !important;padding-left: 50px !important;background-position: 0 0 !important;background-repeat: repeat !important;}\u00a0\u00bb][vc_custom_heading text=\u00a0\u00bbPiscine\u00a0\u00bb font_container=\u00a0\u00bbtag:h1|text_align:center|color:%23ffffff\u00a0\u00bb use_theme_fonts=\u00a0\u00bbyes\u00a0\u00bb][vc_separator color=\u00a0\u00bbcustom\u00a0\u00bb accent_color=\u00a0\u00bb#ffffff\u00a0\u00bb el_class=\u00a0\u00bbseparatore\u00a0\u00bb css=\u00a0\u00bb.vc_custom_1523365059271{margin-top: 20px !important;margin-bottom: 20px !important;}\u00a0\u00bb][vc_column_text]<\/p>\n<p class=\"evidenziato\" style=\"text-align: center;\"><em>Notre piscine est si belle et le solarium est si grand que nous serons votre oasis dans les Abruzzes.<\/em><\/p>\n<p style=\"text-align: center;\">La mer de\u00a0<strong>Pineto<\/strong>\u00a0est tr\u00e8s belle, tellement belle qu\u2019elle m\u00e9rite le Drapeau Bleu depuis des ann\u00e9es, et nous nous trouvons \u00e0 seulement quelques pas d\u2019elle. Vous pourriez par exemple nous demander un VTT et y arriver en moins de dix minutes ou encore profiter de notre\u00a0<strong>service navette gratuit<\/strong>.<br \/>\nToutefois nous notons que vous vous trouvez si bien dans la piscine\u00a0<strong>de l\u2019H\u00f4tel Maria<\/strong>\u00a0que vous passez vos vacances, en riant et jouant avec vos enfants sur les matelas pneumatiques adapt\u00e9s \u00e0 tous et en vous relaxant sur les chaises-longues dans le\u00a0<strong>solarium<\/strong>\u00a0de plus de 500 m\u00b2.<\/p>\n<p style=\"text-align: center;\">Du reste, ce choix est compr\u00e9hensible\u00a0: pensez comme il est agr\u00e9able de pouvoir siroter une boisson pr\u00e9par\u00e9e par notre American bar au bord de la piscine et profiter du climat favorable de Pineto, en vous sentant ainsi dans une v\u00e9ritable oasis italienne.<\/p>\n<p>[\/vc_column_text][\/vc_column_inner][vc_column_inner width=\u00a0\u00bb1\/2&Prime; offset=\u00a0\u00bbvc_col-lg-4 vc_col-md-4 vc_col-xs-12&Prime; css=\u00a0\u00bb.vc_custom_1523372613451{padding-top: 50px !important;padding-right: 50px !important;padding-bottom: 50px !important;padding-left: 50px !important;background-position: 0 0 !important;background-repeat: repeat !important;}\u00a0\u00bb][vc_custom_heading text=\u00a0\u00bbOffres et \u00e9v\u00e9nements\u00a0\u00bb font_container=\u00a0\u00bbtag:h2|text_align:center|color:%23ffffff\u00a0\u00bb use_theme_fonts=\u00a0\u00bbyes\u00a0\u00bb][vc_separator color=\u00a0\u00bbcustom\u00a0\u00bb accent_color=\u00a0\u00bb#ffffff\u00a0\u00bb el_class=\u00a0\u00bbseparatore\u00a0\u00bb css=\u00a0\u00bb.vc_custom_1523372759124{margin-top: 20px !important;margin-bottom: 20px !important;}\u00a0\u00bb][vc_basic_grid post_type=\u00a0\u00bbofferte\u00a0\u00bb max_items=\u00a0\u00bb10&Prime; style=\u00a0\u00bbpagination\u00a0\u00bb items_per_page=\u00a0\u00bb1&Prime; element_width=\u00a0\u00bb12&Prime; gap=\u00a0\u00bb5&Prime; arrows_design=\u00a0\u00bbvc_arrow-icon-arrow_03_left\u00a0\u00bb arrows_color=\u00a0\u00bbgrey\u00a0\u00bb paging_design=\u00a0\u00bbnone\u00a0\u00bb loop=\u00a0\u00bbyes\u00a0\u00bb item=\u00a0\u00bb187&Prime; grid_id=\u00a0\u00bbvc_gid:1528885040254-7a15f905-b528-7&Prime;][\/vc_column_inner][\/vc_row_inner][\/vc_column][\/vc_row][vc_row max_row_content_width=\u00a0\u00bb1400px\u00a0\u00bb row_content_width=\u00a0\u00bb100%\u00a0\u00bb bg_type=\u00a0\u00bbbg_color\u00a0\u00bb seperator_enable=\u00a0\u00bbseperator_enable_value\u00a0\u00bb seperator_type=\u00a0\u00bbxlarge_circle_seperator\u00a0\u00bb seperator_position=\u00a0\u00bbbottom_seperator\u00a0\u00bb seperator_svg_height=\u00a0\u00bb100&Prime; seperator_shape_background=\u00a0\u00bb#62c3d3&Prime; bg_color_value=\u00a0\u00bb#ffffff\u00a0\u00bb][vc_column][vc_row_inner equal_height=\u00a0\u00bbyes\u00a0\u00bb content_placement=\u00a0\u00bbmiddle\u00a0\u00bb][vc_column_inner width=\u00a0\u00bb1\/2&Prime; offset=\u00a0\u00bbvc_col-lg-4 vc_col-md-4 vc_col-xs-12&Prime; css=\u00a0\u00bb.vc_custom_1523372613451{padding-top: 50px !important;padding-right: 50px !important;padding-bottom: 50px !important;padding-left: 50px !important;background-position: 0 0 !important;background-repeat: repeat !important;}\u00a0\u00bb]<script>jQuery( document ).ready(function() {jQuery('.owl-imgcarousel69d596eb3eb93').owlCarousel({loop:false,nav:false,navText:[\"<i class=\\\"fa fa-arrow-left\\\" aria-hidden=\\\"true\\\"><\/i>\",\"<i class=\\\"fa fa-arrow-right\\\" aria-hidden=\\\"true\\\"><\/i>\"],dots:false,lazyLoad: true,autoplay:3000,items:1,animateIn: 'fadeIn',animateOut: 'fadeOut',});});<\/script><style>@media (min-width:1500px){.rolenzo_gal_page69d596eb3eb93 {width:100%; float:left;}}@media (min-width:1200px) and (max-width:1499px) {.rolenzo_gal_page69d596eb3eb93  {width:100%; float:left;}}@media (min-width:992px) and (max-width:1199px) {.rolenzo_gal_page69d596eb3eb93  {width:100%; float:left;}}@media (min-width:768px) and (max-width:991px) {.rolenzo_gal_page69d596eb3eb93  {width:100%; float:left;}}@media (max-width:767px) {.rolenzo_gal_page69d596eb3eb93  {width:100%; float:left;}}<\/style><style>.rolenzo_gal69d596eb3eb93  {margin:10px}@media (min-width:1500px){ .rolenzo_gal69d596eb3eb93 {height:250px}}@media (min-width:1200px) and (max-width:1499px) { .rolenzo_gal69d596eb3eb93 {height:250px}}@media (min-width:992px) and (max-width:1199px) {.rolenzo_gal69d596eb3eb93 {height:200px}}@media (min-width:768px) and (max-width:991px) {.rolenzo_gal69d596eb3eb93 {height:150px}}@media (max-width:767px) { .rolenzo_gal69d596eb3eb93 {height:250px}}body .owl-imgcarousel69d596eb3eb93 .owl-nav .owl-prev, body .owl-imgcarousel69d596eb3eb93 .owl-nav .owl-next {background:; color: }body .owl-imgcarousel69d596eb3eb93 .owl-nav .owl-prev:hover, body .owl-imgcarousel69d596eb3eb93 .owl-nav .owl-next:hover {background:; color:}<\/style><div class=><div class=\"owl-carousel owl-theme owl-imgcarousel69d596eb3eb93\" ><div class=\"item\"><div class='rolenzo_gal_page69d596eb3eb93'><a   class=\"ilightbox69d596eb3eb93\"  href=\"https:\/\/hotelmaria.net\/wp-content\/uploads\/139043510043f9431d85aff22cf01eab1d2bebeea3.jpg\"  ><div data-src=\"https:\/\/hotelmaria.net\/wp-content\/uploads\/139043510043f9431d85aff22cf01eab1d2bebeea3.jpg\" class=\"owl-lazy rolenzo_gal69d596eb3eb93 hoverGal\" style=\"background:url(https:\/\/hotelmaria.net\/wp-content\/uploads\/139043510043f9431d85aff22cf01eab1d2bebeea3.jpg) no-repeat center center \/cover;position:relative; \"> <div class=\"overlay\" style=\" background-color:rgba(22,67,88,0.8);\">   <svg class=\"addSvg\" xmlns=\"http:\/\/www.w3.org\/2000\/svg\" xmlns:xlink=\"http:\/\/www.w3.org\/1999\/xlink\" version=\"1.1\" id=\"Capa_1\" x=\"0px\" y=\"0px\" viewBox=\"0 0 42 42\" style=\"enable-background:new 0 0 42 42;\" xml:space=\"preserve\"><polygon points=\"42,20 22,20 22,0 20,0 20,20 0,20 0,22 20,22 20,42 22,42 22,22 42,22 \" fill=\"#ffffff\"\/><g><\/g><g><\/g><g><\/g><g><\/g><g><\/g><g><\/g><g><\/g><g><\/g><g><\/g><g><\/g><g><\/g><g><\/g><g><\/g><g><\/g><g><\/g><\/svg><\/div><\/div><\/a><\/div><div class='rolenzo_gal_page69d596eb3eb93'><a   class=\"ilightbox69d596eb3eb93\"  href=\"https:\/\/hotelmaria.net\/wp-content\/uploads\/1390435186329f54b737eb4556d9648daed6297432.jpg\"  ><div data-src=\"https:\/\/hotelmaria.net\/wp-content\/uploads\/1390435186329f54b737eb4556d9648daed6297432.jpg\" class=\"owl-lazy rolenzo_gal69d596eb3eb93 hoverGal\" style=\"background:url(https:\/\/hotelmaria.net\/wp-content\/uploads\/1390435186329f54b737eb4556d9648daed6297432.jpg) no-repeat center center \/cover;position:relative; \"> <div class=\"overlay\" style=\" background-color:rgba(22,67,88,0.8);\">   <svg class=\"addSvg\" xmlns=\"http:\/\/www.w3.org\/2000\/svg\" xmlns:xlink=\"http:\/\/www.w3.org\/1999\/xlink\" version=\"1.1\" id=\"Capa_1\" x=\"0px\" y=\"0px\" viewBox=\"0 0 42 42\" style=\"enable-background:new 0 0 42 42;\" xml:space=\"preserve\"><polygon points=\"42,20 22,20 22,0 20,0 20,20 0,20 0,22 20,22 20,42 22,42 22,22 42,22 \" fill=\"#ffffff\"\/><g><\/g><g><\/g><g><\/g><g><\/g><g><\/g><g><\/g><g><\/g><g><\/g><g><\/g><g><\/g><g><\/g><g><\/g><g><\/g><g><\/g><g><\/g><\/svg><\/div><\/div><\/a><\/div><\/div><div class=\"item\"><div class='rolenzo_gal_page69d596eb3eb93'><a   class=\"ilightbox69d596eb3eb93\"  href=\"https:\/\/hotelmaria.net\/wp-content\/uploads\/5996655.jpg\"  ><div data-src=\"https:\/\/hotelmaria.net\/wp-content\/uploads\/5996655.jpg\" class=\"owl-lazy rolenzo_gal69d596eb3eb93 hoverGal\" style=\"background:url(https:\/\/hotelmaria.net\/wp-content\/uploads\/5996655.jpg) no-repeat center center \/cover;position:relative; \"> <div class=\"overlay\" style=\" background-color:rgba(22,67,88,0.8);\">   <svg class=\"addSvg\" xmlns=\"http:\/\/www.w3.org\/2000\/svg\" xmlns:xlink=\"http:\/\/www.w3.org\/1999\/xlink\" version=\"1.1\" id=\"Capa_1\" x=\"0px\" y=\"0px\" viewBox=\"0 0 42 42\" style=\"enable-background:new 0 0 42 42;\" xml:space=\"preserve\"><polygon points=\"42,20 22,20 22,0 20,0 20,20 0,20 0,22 20,22 20,42 22,42 22,22 42,22 \" fill=\"#ffffff\"\/><g><\/g><g><\/g><g><\/g><g><\/g><g><\/g><g><\/g><g><\/g><g><\/g><g><\/g><g><\/g><g><\/g><g><\/g><g><\/g><g><\/g><g><\/g><\/svg><\/div><\/div><\/a><\/div><div class='rolenzo_gal_page69d596eb3eb93'><a   class=\"ilightbox69d596eb3eb93\"  href=\"https:\/\/hotelmaria.net\/wp-content\/uploads\/10451057.jpg\"  ><div data-src=\"https:\/\/hotelmaria.net\/wp-content\/uploads\/10451057-1024x683.jpg\" class=\"owl-lazy rolenzo_gal69d596eb3eb93 hoverGal\" style=\"background:url(https:\/\/hotelmaria.net\/wp-content\/uploads\/10451057-1024x683.jpg) no-repeat center center \/cover;position:relative; \"> <div class=\"overlay\" style=\" background-color:rgba(22,67,88,0.8);\">   <svg class=\"addSvg\" xmlns=\"http:\/\/www.w3.org\/2000\/svg\" xmlns:xlink=\"http:\/\/www.w3.org\/1999\/xlink\" version=\"1.1\" id=\"Capa_1\" x=\"0px\" y=\"0px\" viewBox=\"0 0 42 42\" style=\"enable-background:new 0 0 42 42;\" xml:space=\"preserve\"><polygon points=\"42,20 22,20 22,0 20,0 20,20 0,20 0,22 20,22 20,42 22,42 22,22 42,22 \" fill=\"#ffffff\"\/><g><\/g><g><\/g><g><\/g><g><\/g><g><\/g><g><\/g><g><\/g><g><\/g><g><\/g><g><\/g><g><\/g><g><\/g><g><\/g><g><\/g><g><\/g><\/svg><\/div><\/div><\/a><\/div><\/div><div class=\"item\"><div class='rolenzo_gal_page69d596eb3eb93'><a   class=\"ilightbox69d596eb3eb93\"  href=\"https:\/\/hotelmaria.net\/wp-content\/uploads\/37596921-2.jpg\"  ><div data-src=\"https:\/\/hotelmaria.net\/wp-content\/uploads\/37596921-2-1024x768.jpg\" class=\"owl-lazy rolenzo_gal69d596eb3eb93 hoverGal\" style=\"background:url(https:\/\/hotelmaria.net\/wp-content\/uploads\/37596921-2-1024x768.jpg) no-repeat center center \/cover;position:relative; \"> <div class=\"overlay\" style=\" background-color:rgba(22,67,88,0.8);\">   <svg class=\"addSvg\" xmlns=\"http:\/\/www.w3.org\/2000\/svg\" xmlns:xlink=\"http:\/\/www.w3.org\/1999\/xlink\" version=\"1.1\" id=\"Capa_1\" x=\"0px\" y=\"0px\" viewBox=\"0 0 42 42\" style=\"enable-background:new 0 0 42 42;\" xml:space=\"preserve\"><polygon points=\"42,20 22,20 22,0 20,0 20,20 0,20 0,22 20,22 20,42 22,42 22,22 42,22 \" fill=\"#ffffff\"\/><g><\/g><g><\/g><g><\/g><g><\/g><g><\/g><g><\/g><g><\/g><g><\/g><g><\/g><g><\/g><g><\/g><g><\/g><g><\/g><g><\/g><g><\/g><\/svg><\/div><\/div><\/a><\/div><div class='rolenzo_gal_page69d596eb3eb93'><a   class=\"ilightbox69d596eb3eb93\"  href=\"https:\/\/hotelmaria.net\/wp-content\/uploads\/37596923.jpg\"  ><div data-src=\"https:\/\/hotelmaria.net\/wp-content\/uploads\/37596923-1024x768.jpg\" class=\"owl-lazy rolenzo_gal69d596eb3eb93 hoverGal\" style=\"background:url(https:\/\/hotelmaria.net\/wp-content\/uploads\/37596923-1024x768.jpg) no-repeat center center \/cover;position:relative; \"> <div class=\"overlay\" style=\" background-color:rgba(22,67,88,0.8);\">   <svg class=\"addSvg\" xmlns=\"http:\/\/www.w3.org\/2000\/svg\" xmlns:xlink=\"http:\/\/www.w3.org\/1999\/xlink\" version=\"1.1\" id=\"Capa_1\" x=\"0px\" y=\"0px\" viewBox=\"0 0 42 42\" style=\"enable-background:new 0 0 42 42;\" xml:space=\"preserve\"><polygon points=\"42,20 22,20 22,0 20,0 20,20 0,20 0,22 20,22 20,42 22,42 22,22 42,22 \" fill=\"#ffffff\"\/><g><\/g><g><\/g><g><\/g><g><\/g><g><\/g><g><\/g><g><\/g><g><\/g><g><\/g><g><\/g><g><\/g><g><\/g><g><\/g><g><\/g><g><\/g><\/svg><\/div><\/div><\/a><\/div><\/div><div class=\"item\"><div class='rolenzo_gal_page69d596eb3eb93'><a   class=\"ilightbox69d596eb3eb93\"  href=\"https:\/\/hotelmaria.net\/wp-content\/uploads\/37596926.jpg\"  ><div data-src=\"https:\/\/hotelmaria.net\/wp-content\/uploads\/37596926-1024x768.jpg\" class=\"owl-lazy rolenzo_gal69d596eb3eb93 hoverGal\" style=\"background:url(https:\/\/hotelmaria.net\/wp-content\/uploads\/37596926-1024x768.jpg) no-repeat center center \/cover;position:relative; \"> <div class=\"overlay\" style=\" background-color:rgba(22,67,88,0.8);\">   <svg class=\"addSvg\" xmlns=\"http:\/\/www.w3.org\/2000\/svg\" xmlns:xlink=\"http:\/\/www.w3.org\/1999\/xlink\" version=\"1.1\" id=\"Capa_1\" x=\"0px\" y=\"0px\" viewBox=\"0 0 42 42\" style=\"enable-background:new 0 0 42 42;\" xml:space=\"preserve\"><polygon points=\"42,20 22,20 22,0 20,0 20,20 0,20 0,22 20,22 20,42 22,42 22,22 42,22 \" fill=\"#ffffff\"\/><g><\/g><g><\/g><g><\/g><g><\/g><g><\/g><g><\/g><g><\/g><g><\/g><g><\/g><g><\/g><g><\/g><g><\/g><g><\/g><g><\/g><g><\/g><\/svg><\/div><\/div><\/a><\/div><div class='rolenzo_gal_page69d596eb3eb93'><a   class=\"ilightbox69d596eb3eb93\"  href=\"https:\/\/hotelmaria.net\/wp-content\/uploads\/56282253-1.jpg\"  ><div data-src=\"https:\/\/hotelmaria.net\/wp-content\/uploads\/56282253-1-1024x768.jpg\" class=\"owl-lazy rolenzo_gal69d596eb3eb93 hoverGal\" style=\"background:url(https:\/\/hotelmaria.net\/wp-content\/uploads\/56282253-1-1024x768.jpg) no-repeat center center \/cover;position:relative; \"> <div class=\"overlay\" style=\" background-color:rgba(22,67,88,0.8);\">   <svg class=\"addSvg\" xmlns=\"http:\/\/www.w3.org\/2000\/svg\" xmlns:xlink=\"http:\/\/www.w3.org\/1999\/xlink\" version=\"1.1\" id=\"Capa_1\" x=\"0px\" y=\"0px\" viewBox=\"0 0 42 42\" style=\"enable-background:new 0 0 42 42;\" xml:space=\"preserve\"><polygon points=\"42,20 22,20 22,0 20,0 20,20 0,20 0,22 20,22 20,42 22,42 22,22 42,22 \" fill=\"#ffffff\"\/><g><\/g><g><\/g><g><\/g><g><\/g><g><\/g><g><\/g><g><\/g><g><\/g><g><\/g><g><\/g><g><\/g><g><\/g><g><\/g><g><\/g><g><\/g><\/svg><\/div><\/div><\/a><\/div><\/div><div class=\"item\"><div class='rolenzo_gal_page69d596eb3eb93'><a   class=\"ilightbox69d596eb3eb93\"  href=\"https:\/\/hotelmaria.net\/wp-content\/uploads\/56528739-1.jpg\"  ><div data-src=\"https:\/\/hotelmaria.net\/wp-content\/uploads\/56528739-1-1024x683.jpg\" class=\"owl-lazy rolenzo_gal69d596eb3eb93 hoverGal\" style=\"background:url(https:\/\/hotelmaria.net\/wp-content\/uploads\/56528739-1-1024x683.jpg) no-repeat center center \/cover;position:relative; \"> <div class=\"overlay\" style=\" background-color:rgba(22,67,88,0.8);\">   <svg class=\"addSvg\" xmlns=\"http:\/\/www.w3.org\/2000\/svg\" xmlns:xlink=\"http:\/\/www.w3.org\/1999\/xlink\" version=\"1.1\" id=\"Capa_1\" x=\"0px\" y=\"0px\" viewBox=\"0 0 42 42\" style=\"enable-background:new 0 0 42 42;\" xml:space=\"preserve\"><polygon points=\"42,20 22,20 22,0 20,0 20,20 0,20 0,22 20,22 20,42 22,42 22,22 42,22 \" fill=\"#ffffff\"\/><g><\/g><g><\/g><g><\/g><g><\/g><g><\/g><g><\/g><g><\/g><g><\/g><g><\/g><g><\/g><g><\/g><g><\/g><g><\/g><g><\/g><g><\/g><\/svg><\/div><\/div><\/a><\/div><div class='rolenzo_gal_page69d596eb3eb93'><a   class=\"ilightbox69d596eb3eb93\"  href=\"https:\/\/hotelmaria.net\/wp-content\/uploads\/1390434205b694071dcbbc61fc90f07565517e4480.jpg\"  ><div data-src=\"https:\/\/hotelmaria.net\/wp-content\/uploads\/1390434205b694071dcbbc61fc90f07565517e4480.jpg\" class=\"owl-lazy rolenzo_gal69d596eb3eb93 hoverGal\" style=\"background:url(https:\/\/hotelmaria.net\/wp-content\/uploads\/1390434205b694071dcbbc61fc90f07565517e4480.jpg) no-repeat center center \/cover;position:relative; \"> <div class=\"overlay\" style=\" background-color:rgba(22,67,88,0.8);\">   <svg class=\"addSvg\" xmlns=\"http:\/\/www.w3.org\/2000\/svg\" xmlns:xlink=\"http:\/\/www.w3.org\/1999\/xlink\" version=\"1.1\" id=\"Capa_1\" x=\"0px\" y=\"0px\" viewBox=\"0 0 42 42\" style=\"enable-background:new 0 0 42 42;\" xml:space=\"preserve\"><polygon points=\"42,20 22,20 22,0 20,0 20,20 0,20 0,22 20,22 20,42 22,42 22,22 42,22 \" fill=\"#ffffff\"\/><g><\/g><g><\/g><g><\/g><g><\/g><g><\/g><g><\/g><g><\/g><g><\/g><g><\/g><g><\/g><g><\/g><g><\/g><g><\/g><g><\/g><g><\/g><\/svg><\/div><\/div><\/a><\/div><\/div><\/div><\/div><script>jQuery('.ilightbox69d596eb3eb93').iLightBox({skin: 'metro-black',path: 'horizontal',controls: {toolbar: true,arrows: true,fullscreen: true,thumbnail: true,keyboard: true,mousewheel: true,swipe: true},caption: {start: false,}});<\/script>[\/vc_column_inner][vc_column_inner el_class=\u00a0\u00bbwow fadeInUp \u00a0\u00bb width=\u00a0\u00bb1\/2&Prime; offset=\u00a0\u00bbvc_col-lg-8 vc_col-md-8 vc_col-xs-12&Prime; css=\u00a0\u00bb.vc_custom_1523373791997{padding-top: 50px !important;padding-right: 50px !important;padding-bottom: 50px !important;padding-left: 50px !important;background-position: 0 0 !important;background-repeat: repeat !important;}\u00a0\u00bb][vc_custom_heading text=\u00a0\u00bbLes piscines party \u00a0\u00bb font_container=\u00a0\u00bbtag:h1|text_align:center\u00a0\u00bb use_theme_fonts=\u00a0\u00bbyes\u00a0\u00bb][vc_separator color=\u00a0\u00bbcustom\u00a0\u00bb accent_color=\u00a0\u00bb#164358&Prime; el_class=\u00a0\u00bbseparatore\u00a0\u00bb css=\u00a0\u00bb.vc_custom_1523373732213{margin-top: 20px !important;margin-bottom: 20px !important;}\u00a0\u00bb][vc_column_text]<\/p>\n<p style=\"text-align: center;\">Ne loupez surtout pas les\u00a0<strong><a href=\"http:\/\/hotelmaria.net\/servizi\/?lang=fr\">piscines party\u00a0<\/a><\/strong>qui, une fois par semaine pendant la p\u00e9riode estivale, animent nos soir\u00e9es avec de d\u00e9licieux buffets et des musiques entrainantes.<\/p>\n<p style=\"text-align: center;\">Dans la\u00a0<strong>piscine\u00a0<\/strong>de l\u2019<strong>H\u00f4tel Maria<\/strong>\u00a0les enfants pourront jouer en toute s\u00e9curit\u00e9, sous le regard vigilant et affectueux de notre maitre-nageur.<\/p>\n<p style=\"text-align: center;\">En plus du divertissement dans la piscine, vous pourrez faire une agr\u00e9able promenade dans la\u00a0<strong>zone marine prot\u00e9g\u00e9e<\/strong>\u00a0<strong>Torre del Cerrano<\/strong>,<strong>\u00a0<\/strong>institu\u00e9e en 2010 dans les territoires de Pineto et de Silvi. La qualit\u00e9 remarquable de la nature de cette zone est d\u00e9montr\u00e9e par la pr\u00e9sence du gravelot \u00e0 collier interrompu, qui nidifie habituellement uniquement l\u00e0 o\u00f9 la nature est la plus pure.<\/p>\n<p>[\/vc_column_text][\/vc_column_inner][vc_column_inner][vc_empty_space height=\u00a0\u00bb64px\u00a0\u00bb][\/vc_column_inner][\/vc_row_inner][\/vc_column][\/vc_row]<\/p>\n<\/div>","protected":false},"excerpt":{"rendered":"<p>[vc_row max_row_content_width=\u00a0\u00bb100%\u00a0\u00bb row_content_width=\u00a0\u00bb100%\u00a0\u00bb][vc_column][\/vc_column][\/vc_row][vc_row max_row_content_width=\u00a0\u00bb100%\u00a0\u00bb row_content_width=\u00a0\u00bb100%\u00a0\u00bb bg_row=\u00a0\u00bbcenter center\u00a0\u00bb css=\u00a0\u00bb.vc_custom_1523438032628{background-image: url(http:\/\/hotelmaria.net\/wp-content\/uploads\/camere2.jpg?id=375) !important;background-position: center !important;background-repeat: no-repeat !important;background-size: cover !important;}\u00a0\u00bb][vc_column][vc_empty_space height=\u00a0\u00bb490px\u00a0\u00bb][\/vc_column][\/vc_row][vc_row max_row_content_width=\u00a0\u00bb1400px\u00a0\u00bb row_content_width=\u00a0\u00bb100%\u00a0\u00bb bg_type=\u00a0\u00bbbg_color\u00a0\u00bb seperator_enable=\u00a0\u00bbseperator_enable_value\u00a0\u00bb seperator_type=\u00a0\u00bbxlarge_circle_seperator\u00a0\u00bb seperator_position=\u00a0\u00bbbottom_seperator\u00a0\u00bb seperator_svg_height=\u00a0\u00bb100&Prime; seperator_shape_background=\u00a0\u00bb#ffffff\u00a0\u00bb bg_color_value=\u00a0\u00bb#74c2dc\u00a0\u00bb][vc_column][vc_row_inner equal_height=\u00a0\u00bbyes\u00a0\u00bb content_placement=\u00a0\u00bbmiddle\u00a0\u00bb][vc_column_inner el_class=\u00a0\u00bbwow fadeIn whitefont\u00a0\u00bb width=\u00a0\u00bb1\/2&Prime; offset=\u00a0\u00bbvc_col-lg-8 vc_col-md-8 vc_col-xs-12&Prime; css=\u00a0\u00bb.vc_custom_1523372696741{padding-top: 50px !important;padding-right: 50px !important;padding-bottom: 50px !important;padding-left: 50px !important;background-position: 0 0 !important;background-repeat: repeat !important;}\u00a0\u00bb][vc_custom_heading text=\u00a0\u00bbPiscine\u00a0\u00bb font_container=\u00a0\u00bbtag:h1|text_align:center|color:%23ffffff\u00a0\u00bb use_theme_fonts=\u00a0\u00bbyes\u00a0\u00bb][vc_separator color=\u00a0\u00bbcustom\u00a0\u00bb accent_color=\u00a0\u00bb#ffffff\u00a0\u00bb el_class=\u00a0\u00bbseparatore\u00a0\u00bb &hellip; <a href=\"https:\/\/hotelmaria.net\/fr\/piscine\/\" class=\"more-link\">Continuer la lecture<span class=\"screen-reader-text\"> de &laquo;&nbsp;Piscine&nbsp;&raquo;<\/span><\/a><\/p>\n","protected":false},"author":1,"featured_media":0,"parent":0,"menu_order":0,"comment_status":"closed","ping_status":"closed","template":"","meta":{"footnotes":""},"_links":{"self":[{"href":"https:\/\/hotelmaria.net\/fr\/wp-json\/wp\/v2\/pages\/889"}],"collection":[{"href":"https:\/\/hotelmaria.net\/fr\/wp-json\/wp\/v2\/pages"}],"about":[{"href":"https:\/\/hotelmaria.net\/fr\/wp-json\/wp\/v2\/types\/page"}],"author":[{"embeddable":true,"href":"https:\/\/hotelmaria.net\/fr\/wp-json\/wp\/v2\/users\/1"}],"replies":[{"embeddable":true,"href":"https:\/\/hotelmaria.net\/fr\/wp-json\/wp\/v2\/comments?post=889"}],"version-history":[{"count":2,"href":"https:\/\/hotelmaria.net\/fr\/wp-json\/wp\/v2\/pages\/889\/revisions"}],"predecessor-version":[{"id":915,"href":"https:\/\/hotelmaria.net\/fr\/wp-json\/wp\/v2\/pages\/889\/revisions\/915"}],"wp:attachment":[{"href":"https:\/\/hotelmaria.net\/fr\/wp-json\/wp\/v2\/media?parent=889"}],"curies":[{"name":"wp","href":"https:\/\/api.w.org\/{rel}","templated":true}]}}