{"id":881,"date":"2018-04-11T12:51:05","date_gmt":"2018-04-11T10:51:05","guid":{"rendered":"http:\/\/hotelmaria.net\/dove-siamo\/"},"modified":"2018-06-13T12:28:47","modified_gmt":"2018-06-13T10:28:47","slug":"position","status":"publish","type":"page","link":"https:\/\/hotelmaria.net\/fr\/position\/","title":{"rendered":"Position"},"content":{"rendered":"<div class=\"wpb-content-wrapper\"><p>[vc_row max_row_content_width=\u00a0\u00bb100%\u00a0\u00bb row_content_width=\u00a0\u00bb100%\u00a0\u00bb][vc_column]<div class=\"ult-spacer spacer-69d59a4408188\" data-id=\"69d59a4408188\" data-height=\"151\" data-height-mobile=\"0\" data-height-tab=\"108\" data-height-tab-portrait=\"108\" data-height-mobile-landscape=\"0\" style=\"clear:both;display:block;\"><\/div>[\/vc_column][\/vc_row][vc_row max_row_content_width=\u00a0\u00bb100%\u00a0\u00bb row_content_width=\u00a0\u00bb100%\u00a0\u00bb bg_row=\u00a0\u00bbcenter center\u00a0\u00bb][vc_column][vc_single_image image=\u00a0\u00bb696&Prime; img_size=\u00a0\u00bb1920&#215;812&Prime; alignment=\u00a0\u00bbcenter\u00a0\u00bb onclick=\u00a0\u00bbcustom_link\u00a0\u00bb img_link_target=\u00a0\u00bb_blank\u00a0\u00bb link=\u00a0\u00bbhttps:\/\/goo.gl\/maps\/ACcW64QaiYS2&Prime;][\/vc_column][\/vc_row][vc_row max_row_content_width=\u00a0\u00bb1400px\u00a0\u00bb row_content_width=\u00a0\u00bb100%\u00a0\u00bb bg_type=\u00a0\u00bbbg_color\u00a0\u00bb seperator_enable=\u00a0\u00bbseperator_enable_value\u00a0\u00bb seperator_type=\u00a0\u00bbxlarge_circle_seperator\u00a0\u00bb seperator_position=\u00a0\u00bbbottom_seperator\u00a0\u00bb seperator_svg_height=\u00a0\u00bb100&Prime; seperator_shape_background=\u00a0\u00bb#ffffff\u00a0\u00bb bg_color_value=\u00a0\u00bb#74c2dc\u00a0\u00bb][vc_column][vc_row_inner equal_height=\u00a0\u00bbyes\u00a0\u00bb content_placement=\u00a0\u00bbmiddle\u00a0\u00bb][vc_column_inner el_class=\u00a0\u00bbwow fadeIn whitefont\u00a0\u00bb width=\u00a0\u00bb1\/2&Prime; offset=\u00a0\u00bbvc_col-lg-8 vc_col-md-8 vc_col-xs-12&Prime; css=\u00a0\u00bb.vc_custom_1523372696741{padding-top: 50px !important;padding-right: 50px !important;padding-bottom: 50px !important;padding-left: 50px !important;background-position: 0 0 !important;background-repeat: repeat !important;}\u00a0\u00bb][vc_custom_heading text=\u00a0\u00bbPosition\u00a0\u00bb font_container=\u00a0\u00bbtag:h1|text_align:center|color:%23ffffff\u00a0\u00bb use_theme_fonts=\u00a0\u00bbyes\u00a0\u00bb][vc_separator color=\u00a0\u00bbcustom\u00a0\u00bb accent_color=\u00a0\u00bb#ffffff\u00a0\u00bb el_class=\u00a0\u00bbseparatore\u00a0\u00bb css=\u00a0\u00bb.vc_custom_1523365059271{margin-top: 20px !important;margin-bottom: 20px !important;}\u00a0\u00bb][vc_column_text]<\/p>\n<p class=\"bolditalic\" style=\"text-align: center;\"><em>A mi-chemin entre le Nord et le Sud, offrez-vous une pause de beaut\u00e9 et de relax dans les Abruzzes, venez nous trouver.<\/em><\/p>\n<p style=\"text-align: center;\">L\u2019<strong>H\u00f4tel Maria 3 \u00e9toiles<\/strong>\u00a0se trouve via Morandi \u00e0 Borgo Santa Maria pr\u00e8s de\u00a0<strong>Pineto<\/strong>, le long de la c\u00f4te abruzzaise, position id\u00e9ale m\u00eame pour vos arr\u00eats pendants vos voyages, mais aussi ceux de travail entre le Nord et le Sud.<\/p>\n<p style=\"text-align: center;\">Se trouvant \u00e0 quelques minutes de Pineto, dans une position tr\u00e8s tranquille, l\u2019<strong>H\u00f4tel Maria<\/strong>offre une atmosph\u00e8re intime, de grand relax.<\/p>\n<p style=\"text-align: center;\">Profitant des bonnes liaisons routi\u00e8res, en peu de temps vous pouvez atteindre toutes les Abruzzes, gr\u00e2ce \u00e9galement aux\u00a0<strong>services gratuits<\/strong>\u00a0que nous offrons, comme\u00a0:<\/p>\n<ul style=\"text-align: center;\">\n<li style=\"list-style-type: none;\">\n<ul>\n<li>Transfert depuis et pour gare ferroviaire de Atri-Pineto;;<\/li>\n<li>Transfert depuis et pour l&rsquo;A\u00e9roport International Des Abruzzes (Pescara) pour les s\u00e9jours sup\u00e9rieurs \u00e0 3 nuits;<\/li>\n<li>&#8211; Navette h\u00f4tel\/plage<\/li>\n<\/ul>\n<\/li>\n<\/ul>\n<p style=\"text-align: center;\">Nos\u00a0<strong>coordonn\u00e9es pour le navigateur satellitaire<\/strong>\u00a0sont\u00a0: 42.61.307; 14.04.155<\/p>\n<p>[\/vc_column_text][vc_btn title=\u00a0\u00bbCalculez gr\u00e2ce au formulaire interactif le parcours le plus pratique pour vous pour vous rendre \u00e0 l\u2019H\u00f4tel Maria.\u00a0\u00bb style=\u00a0\u00bbflat\u00a0\u00bb shape=\u00a0\u00bbround\u00a0\u00bb color=\u00a0\u00bbdanger\u00a0\u00bb size=\u00a0\u00bblg\u00a0\u00bb align=\u00a0\u00bbcenter\u00a0\u00bb link=\u00a0\u00bburl:https%3A%2F%2Fwww.google.com%2Fmaps%2Fdir%2F%2FHotel%2BMaria%2BPineto%2C%2BVia%2BR.%2BMorandi%2C%2B2%2C%2B64025%2BPineto%2BTE%2F%4042.613032%2C14.0391133%2C17z%2Fdata%3D!4m8!4m7!1m0!1m5!1m1!1s0x1331bd88ac8a4c51%3A0x368e30bbeef585d4!2m2!1d14.041302!2d42.613032||target:%20_blank|\u00a0\u00bb][\/vc_column_inner][vc_column_inner width=\u00a0\u00bb1\/2&Prime; offset=\u00a0\u00bbvc_col-lg-4 vc_col-md-4 vc_col-xs-12&Prime; css=\u00a0\u00bb.vc_custom_1523372613451{padding-top: 50px !important;padding-right: 50px !important;padding-bottom: 50px !important;padding-left: 50px !important;background-position: 0 0 !important;background-repeat: repeat !important;}\u00a0\u00bb][vc_custom_heading text=\u00a0\u00bbOffres et \u00e9v\u00e9nements\u00a0\u00bb font_container=\u00a0\u00bbtag:h2|text_align:center|color:%23ffffff\u00a0\u00bb use_theme_fonts=\u00a0\u00bbyes\u00a0\u00bb link=\u00a0\u00bburl:http%3A%2F%2Fhotelmaria.net%2Fofferte-eventi%2F|||\u00a0\u00bb][vc_separator color=\u00a0\u00bbcustom\u00a0\u00bb accent_color=\u00a0\u00bb#ffffff\u00a0\u00bb el_class=\u00a0\u00bbseparatore\u00a0\u00bb css=\u00a0\u00bb.vc_custom_1523372759124{margin-top: 20px !important;margin-bottom: 20px !important;}\u00a0\u00bb][vc_basic_grid post_type=\u00a0\u00bbofferte\u00a0\u00bb max_items=\u00a0\u00bb10&Prime; style=\u00a0\u00bbpagination\u00a0\u00bb items_per_page=\u00a0\u00bb1&Prime; element_width=\u00a0\u00bb12&Prime; gap=\u00a0\u00bb5&Prime; arrows_design=\u00a0\u00bbvc_arrow-icon-arrow_03_left\u00a0\u00bb arrows_color=\u00a0\u00bbgrey\u00a0\u00bb paging_design=\u00a0\u00bbnone\u00a0\u00bb loop=\u00a0\u00bbyes\u00a0\u00bb item=\u00a0\u00bb187&Prime; grid_id=\u00a0\u00bbvc_gid:1528885026874-a596a447-76f9-6&Prime;][\/vc_column_inner][\/vc_row_inner][\/vc_column][\/vc_row][vc_row max_row_content_width=\u00a0\u00bb1400px\u00a0\u00bb row_content_width=\u00a0\u00bb100%\u00a0\u00bb bg_type=\u00a0\u00bbbg_color\u00a0\u00bb seperator_enable=\u00a0\u00bbseperator_enable_value\u00a0\u00bb seperator_type=\u00a0\u00bbxlarge_circle_seperator\u00a0\u00bb seperator_position=\u00a0\u00bbbottom_seperator\u00a0\u00bb seperator_svg_height=\u00a0\u00bb100&Prime; seperator_shape_background=\u00a0\u00bb#62c3d3&Prime; bg_color_value=\u00a0\u00bb#ffffff\u00a0\u00bb][vc_column][vc_empty_space height=\u00a0\u00bb132px\u00a0\u00bb][\/vc_column][\/vc_row]<\/p>\n<\/div>","protected":false},"excerpt":{"rendered":"<p>[vc_row max_row_content_width=\u00a0\u00bb100%\u00a0\u00bb row_content_width=\u00a0\u00bb100%\u00a0\u00bb][vc_column][\/vc_column][\/vc_row][vc_row max_row_content_width=\u00a0\u00bb100%\u00a0\u00bb row_content_width=\u00a0\u00bb100%\u00a0\u00bb bg_row=\u00a0\u00bbcenter center\u00a0\u00bb][vc_column][vc_single_image image=\u00a0\u00bb696&Prime; img_size=\u00a0\u00bb1920&#215;812&Prime; alignment=\u00a0\u00bbcenter\u00a0\u00bb onclick=\u00a0\u00bbcustom_link\u00a0\u00bb img_link_target=\u00a0\u00bb_blank\u00a0\u00bb link=\u00a0\u00bbhttps:\/\/goo.gl\/maps\/ACcW64QaiYS2&Prime;][\/vc_column][\/vc_row][vc_row max_row_content_width=\u00a0\u00bb1400px\u00a0\u00bb row_content_width=\u00a0\u00bb100%\u00a0\u00bb bg_type=\u00a0\u00bbbg_color\u00a0\u00bb seperator_enable=\u00a0\u00bbseperator_enable_value\u00a0\u00bb seperator_type=\u00a0\u00bbxlarge_circle_seperator\u00a0\u00bb seperator_position=\u00a0\u00bbbottom_seperator\u00a0\u00bb seperator_svg_height=\u00a0\u00bb100&Prime; seperator_shape_background=\u00a0\u00bb#ffffff\u00a0\u00bb bg_color_value=\u00a0\u00bb#74c2dc\u00a0\u00bb][vc_column][vc_row_inner equal_height=\u00a0\u00bbyes\u00a0\u00bb content_placement=\u00a0\u00bbmiddle\u00a0\u00bb][vc_column_inner el_class=\u00a0\u00bbwow fadeIn whitefont\u00a0\u00bb width=\u00a0\u00bb1\/2&Prime; offset=\u00a0\u00bbvc_col-lg-8 vc_col-md-8 vc_col-xs-12&Prime; css=\u00a0\u00bb.vc_custom_1523372696741{padding-top: 50px !important;padding-right: 50px !important;padding-bottom: 50px !important;padding-left: 50px !important;background-position: 0 0 !important;background-repeat: repeat !important;}\u00a0\u00bb][vc_custom_heading text=\u00a0\u00bbPosition\u00a0\u00bb font_container=\u00a0\u00bbtag:h1|text_align:center|color:%23ffffff\u00a0\u00bb use_theme_fonts=\u00a0\u00bbyes\u00a0\u00bb][vc_separator color=\u00a0\u00bbcustom\u00a0\u00bb accent_color=\u00a0\u00bb#ffffff\u00a0\u00bb el_class=\u00a0\u00bbseparatore\u00a0\u00bb css=\u00a0\u00bb.vc_custom_1523365059271{margin-top: 20px !important;margin-bottom: 20px &hellip; <a href=\"https:\/\/hotelmaria.net\/fr\/position\/\" class=\"more-link\">Continuer la lecture<span class=\"screen-reader-text\"> de &laquo;&nbsp;Position&nbsp;&raquo;<\/span><\/a><\/p>\n","protected":false},"author":1,"featured_media":0,"parent":0,"menu_order":0,"comment_status":"closed","ping_status":"closed","template":"","meta":{"footnotes":""},"_links":{"self":[{"href":"https:\/\/hotelmaria.net\/fr\/wp-json\/wp\/v2\/pages\/881"}],"collection":[{"href":"https:\/\/hotelmaria.net\/fr\/wp-json\/wp\/v2\/pages"}],"about":[{"href":"https:\/\/hotelmaria.net\/fr\/wp-json\/wp\/v2\/types\/page"}],"author":[{"embeddable":true,"href":"https:\/\/hotelmaria.net\/fr\/wp-json\/wp\/v2\/users\/1"}],"replies":[{"embeddable":true,"href":"https:\/\/hotelmaria.net\/fr\/wp-json\/wp\/v2\/comments?post=881"}],"version-history":[{"count":2,"href":"https:\/\/hotelmaria.net\/fr\/wp-json\/wp\/v2\/pages\/881\/revisions"}],"predecessor-version":[{"id":912,"href":"https:\/\/hotelmaria.net\/fr\/wp-json\/wp\/v2\/pages\/881\/revisions\/912"}],"wp:attachment":[{"href":"https:\/\/hotelmaria.net\/fr\/wp-json\/wp\/v2\/media?parent=881"}],"curies":[{"name":"wp","href":"https:\/\/api.w.org\/{rel}","templated":true}]}}