{"id":879,"date":"2018-04-11T11:50:05","date_gmt":"2018-04-11T09:50:05","guid":{"rendered":"http:\/\/hotelmaria.net\/cucina\/"},"modified":"2018-06-13T12:27:56","modified_gmt":"2018-06-13T10:27:56","slug":"cuisine","status":"publish","type":"page","link":"https:\/\/hotelmaria.net\/fr\/cuisine\/","title":{"rendered":"Cuisine"},"content":{"rendered":"<div class=\"wpb-content-wrapper\"><p>[vc_row max_row_content_width=\u00a0\u00bb100%\u00a0\u00bb row_content_width=\u00a0\u00bb100%\u00a0\u00bb][vc_column]<div class=\"ult-spacer spacer-69d599ec1521e\" data-id=\"69d599ec1521e\" data-height=\"151\" data-height-mobile=\"0\" data-height-tab=\"108\" data-height-tab-portrait=\"108\" data-height-mobile-landscape=\"0\" style=\"clear:both;display:block;\"><\/div>[\/vc_column][\/vc_row][vc_row max_row_content_width=\u00a0\u00bb100%\u00a0\u00bb row_content_width=\u00a0\u00bb100%\u00a0\u00bb bg_row=\u00a0\u00bbcenter center\u00a0\u00bb css=\u00a0\u00bb.vc_custom_1523439953776{background-image: url(http:\/\/hotelmaria.net\/wp-content\/uploads\/cucina4.jpg?id=389) !important;background-position: center !important;background-repeat: no-repeat !important;background-size: cover !important;}\u00a0\u00bb][vc_column][vc_empty_space height=\u00a0\u00bb490px\u00a0\u00bb][\/vc_column][\/vc_row][vc_row max_row_content_width=\u00a0\u00bb1400px\u00a0\u00bb row_content_width=\u00a0\u00bb100%\u00a0\u00bb bg_type=\u00a0\u00bbbg_color\u00a0\u00bb seperator_enable=\u00a0\u00bbseperator_enable_value\u00a0\u00bb seperator_type=\u00a0\u00bbxlarge_circle_seperator\u00a0\u00bb seperator_position=\u00a0\u00bbbottom_seperator\u00a0\u00bb seperator_svg_height=\u00a0\u00bb100&Prime; seperator_shape_background=\u00a0\u00bb#ffffff\u00a0\u00bb bg_color_value=\u00a0\u00bb#74c2dc\u00a0\u00bb][vc_column][vc_row_inner equal_height=\u00a0\u00bbyes\u00a0\u00bb content_placement=\u00a0\u00bbmiddle\u00a0\u00bb][vc_column_inner el_class=\u00a0\u00bbwow fadeIn whitefont\u00a0\u00bb width=\u00a0\u00bb1\/2&Prime; offset=\u00a0\u00bbvc_col-lg-8 vc_col-md-8 vc_col-xs-12&Prime; css=\u00a0\u00bb.vc_custom_1523372696741{padding-top: 50px !important;padding-right: 50px !important;padding-bottom: 50px !important;padding-left: 50px !important;background-position: 0 0 !important;background-repeat: repeat !important;}\u00a0\u00bb][vc_custom_heading text=\u00a0\u00bbCuisine\u00a0\u00bb font_container=\u00a0\u00bbtag:h1|text_align:center|color:%23ffffff\u00a0\u00bb use_theme_fonts=\u00a0\u00bbyes\u00a0\u00bb][vc_separator color=\u00a0\u00bbcustom\u00a0\u00bb accent_color=\u00a0\u00bb#ffffff\u00a0\u00bb el_class=\u00a0\u00bbseparatore\u00a0\u00bb css=\u00a0\u00bb.vc_custom_1523365059271{margin-top: 20px !important;margin-bottom: 20px !important;}\u00a0\u00bb][vc_column_text]<\/p>\n<p class=\"bolditalic\" style=\"text-align: center;\"><em>\u00c0 la mer des Abruzzes soleil, amusement, relax et bonne table. Que d\u00e9sirez de plus?<\/em><\/p>\n<p style=\"text-align: center;\">La<strong>\u00a0cuisine<\/strong>\u00a0est un de nos fleurons, dont nous pouvons certainement nous vanter. Elle est directement soign\u00e9e par nos soins et offre un choix entre 3 menus avec poisson deux fois par semaine et la pr\u00e9sence de diff\u00e9rentes sp\u00e9cialit\u00e9s r\u00e9gionales et nationales directement \u00e0 table dans la salle de restaurant climatis\u00e9e. Le\u00a0<strong>Vin et l\u2019eau\u00a0<\/strong>aux repas sont offerts par l\u2019<strong>H\u00f4tel Maria.<\/strong><\/p>\n<p style=\"text-align: center;\">Le<strong>\u00a0petit-d\u00e9jeuner<\/strong>\u00a0est servi sous forme d\u2019un riche buffet et peut \u00e9galement offrir des\u00a0<strong>g\u00e2teaux faits maison<\/strong>.<\/p>\n<p style=\"text-align: center;\">Et puis en \u00e9t\u00e9 tout est plus \u00e9vocateur, d\u2019autant plus que profitant du climat favorable, il est possible de prendre son petit-d\u00e9jeuner en plein air, sous une spacieuse v\u00e9randa.<\/p>\n<p style=\"text-align: center;\">Pour vivre de splendides vacances dans les Abruzzes choisissez la qualit\u00e9 et l\u2019authenticit\u00e9 de\u00a0<strong>l\u2019H\u00f4tel Maria<\/strong>\u00a0: vous d\u00e9couvrirez que le chemin qui conduit au plaisir passe \u00e0 travers les saveurs.<\/p>\n<p>[\/vc_column_text][\/vc_column_inner][vc_column_inner width=\u00a0\u00bb1\/2&Prime; offset=\u00a0\u00bbvc_col-lg-4 vc_col-md-4 vc_col-xs-12&Prime; css=\u00a0\u00bb.vc_custom_1523372613451{padding-top: 50px !important;padding-right: 50px !important;padding-bottom: 50px !important;padding-left: 50px !important;background-position: 0 0 !important;background-repeat: repeat !important;}\u00a0\u00bb][vc_custom_heading text=\u00a0\u00bbOffres et \u00e9v\u00e9nements\u00a0\u00bb font_container=\u00a0\u00bbtag:h2|text_align:center|color:%23ffffff\u00a0\u00bb use_theme_fonts=\u00a0\u00bbyes\u00a0\u00bb][vc_separator color=\u00a0\u00bbcustom\u00a0\u00bb accent_color=\u00a0\u00bb#ffffff\u00a0\u00bb el_class=\u00a0\u00bbseparatore\u00a0\u00bb css=\u00a0\u00bb.vc_custom_1523372759124{margin-top: 20px !important;margin-bottom: 20px !important;}\u00a0\u00bb][vc_basic_grid post_type=\u00a0\u00bbofferte\u00a0\u00bb max_items=\u00a0\u00bb10&Prime; style=\u00a0\u00bbpagination\u00a0\u00bb items_per_page=\u00a0\u00bb1&Prime; element_width=\u00a0\u00bb12&Prime; gap=\u00a0\u00bb5&Prime; arrows_design=\u00a0\u00bbvc_arrow-icon-arrow_03_left\u00a0\u00bb arrows_color=\u00a0\u00bbgrey\u00a0\u00bb paging_design=\u00a0\u00bbnone\u00a0\u00bb loop=\u00a0\u00bbyes\u00a0\u00bb item=\u00a0\u00bb187&Prime; grid_id=\u00a0\u00bbvc_gid:1528884965952-f009be2a-bed9-6&Prime;][\/vc_column_inner][\/vc_row_inner][\/vc_column][\/vc_row][vc_row max_row_content_width=\u00a0\u00bb1400px\u00a0\u00bb row_content_width=\u00a0\u00bb100%\u00a0\u00bb bg_type=\u00a0\u00bbbg_color\u00a0\u00bb seperator_enable=\u00a0\u00bbseperator_enable_value\u00a0\u00bb seperator_type=\u00a0\u00bbxlarge_circle_seperator\u00a0\u00bb seperator_position=\u00a0\u00bbbottom_seperator\u00a0\u00bb seperator_svg_height=\u00a0\u00bb100&Prime; seperator_shape_background=\u00a0\u00bb#62c3d3&Prime; bg_color_value=\u00a0\u00bb#ffffff\u00a0\u00bb][vc_column][vc_row_inner equal_height=\u00a0\u00bbyes\u00a0\u00bb content_placement=\u00a0\u00bbmiddle\u00a0\u00bb][vc_column_inner offset=\u00a0\u00bbvc_col-lg-12 vc_col-md-12 vc_col-xs-12&Prime; css=\u00a0\u00bb.vc_custom_1523440023862{padding-top: 50px !important;padding-right: 50px !important;padding-bottom: 50px !important;padding-left: 50px !important;background-position: 0 0 !important;background-repeat: repeat !important;}\u00a0\u00bb]<script>jQuery( document ).ready(function() {jQuery('.owl-imgcarousel69d599ec1529c').owlCarousel({loop:false,nav:true,navText:[\"<i class=\\\"fa fa-arrow-left\\\" aria-hidden=\\\"true\\\"><\/i>\",\"<i class=\\\"fa fa-arrow-right\\\" aria-hidden=\\\"true\\\"><\/i>\"],dots:false,lazyLoad: true,autoplay:3000,responsive:{0:{items:2},768:{items:2},992:{items:3},1200:{items:4},1500:{items:4}}});});<\/script><style>.rolenzo_gal69d599ec1529c  {margin:10px}@media (min-width:1500px){ .rolenzo_gal69d599ec1529c {height:350px}}@media (min-width:1200px) and (max-width:1499px) { .rolenzo_gal69d599ec1529c {height:350px}}@media (min-width:992px) and (max-width:1199px) {.rolenzo_gal69d599ec1529c {height:300px}}@media (min-width:768px) and (max-width:991px) {.rolenzo_gal69d599ec1529c {height:250px}}@media (max-width:767px) { .rolenzo_gal69d599ec1529c {height:250px}}body .owl-imgcarousel69d599ec1529c .owl-nav .owl-prev, body .owl-imgcarousel69d599ec1529c .owl-nav .owl-next {background:#164358; color: #ffffff}body .owl-imgcarousel69d599ec1529c .owl-nav .owl-prev:hover, body .owl-imgcarousel69d599ec1529c .owl-nav .owl-next:hover {background:rgba(22,67,88,0.9); color:#ffffff}<\/style><div class=><div class=\"owl-carousel owl-theme owl-imgcarousel69d599ec1529c\" ><div class=\"item\"><a   class=\"ilightbox69d599ec1529c\"  href=\"https:\/\/hotelmaria.net\/wp-content\/uploads\/1390434757636cdfa3fd24b207441eb30c8cc241a6.jpg\"  ><div data-src=\"https:\/\/hotelmaria.net\/wp-content\/uploads\/1390434757636cdfa3fd24b207441eb30c8cc241a6.jpg\" class=\"owl-lazy rolenzo_gal69d599ec1529c hoverGal\" style=\"background:url(https:\/\/hotelmaria.net\/wp-content\/uploads\/1390434757636cdfa3fd24b207441eb30c8cc241a6.jpg) no-repeat center center \/cover;position:relative; \"> <div class=\"overlay\" style=\" background-color:rgba(22,67,88,0.8);\">   <svg class=\"addSvg\" xmlns=\"http:\/\/www.w3.org\/2000\/svg\" xmlns:xlink=\"http:\/\/www.w3.org\/1999\/xlink\" version=\"1.1\" id=\"Capa_1\" x=\"0px\" y=\"0px\" viewBox=\"0 0 42 42\" style=\"enable-background:new 0 0 42 42;\" xml:space=\"preserve\"><polygon points=\"42,20 22,20 22,0 20,0 20,20 0,20 0,22 20,22 20,42 22,42 22,22 42,22 \" fill=\"#ffffff\"\/><g><\/g><g><\/g><g><\/g><g><\/g><g><\/g><g><\/g><g><\/g><g><\/g><g><\/g><g><\/g><g><\/g><g><\/g><g><\/g><g><\/g><g><\/g><\/svg><\/div><\/div><\/a><\/div><div class=\"item\"><a   class=\"ilightbox69d599ec1529c\"  href=\"https:\/\/hotelmaria.net\/wp-content\/uploads\/13904351075185eb42536b24f65dbfa1666a718530.jpg\"  ><div data-src=\"https:\/\/hotelmaria.net\/wp-content\/uploads\/13904351075185eb42536b24f65dbfa1666a718530.jpg\" class=\"owl-lazy rolenzo_gal69d599ec1529c hoverGal\" style=\"background:url(https:\/\/hotelmaria.net\/wp-content\/uploads\/13904351075185eb42536b24f65dbfa1666a718530.jpg) no-repeat center center \/cover;position:relative; \"> <div class=\"overlay\" style=\" background-color:rgba(22,67,88,0.8);\">   <svg class=\"addSvg\" xmlns=\"http:\/\/www.w3.org\/2000\/svg\" xmlns:xlink=\"http:\/\/www.w3.org\/1999\/xlink\" version=\"1.1\" id=\"Capa_1\" x=\"0px\" y=\"0px\" viewBox=\"0 0 42 42\" style=\"enable-background:new 0 0 42 42;\" xml:space=\"preserve\"><polygon points=\"42,20 22,20 22,0 20,0 20,20 0,20 0,22 20,22 20,42 22,42 22,22 42,22 \" fill=\"#ffffff\"\/><g><\/g><g><\/g><g><\/g><g><\/g><g><\/g><g><\/g><g><\/g><g><\/g><g><\/g><g><\/g><g><\/g><g><\/g><g><\/g><g><\/g><g><\/g><\/svg><\/div><\/div><\/a><\/div><div class=\"item\"><a   class=\"ilightbox69d599ec1529c\"  href=\"https:\/\/hotelmaria.net\/wp-content\/uploads\/139043517842930eb2e17973d4cb6d1ad99edd3fc0.jpg\"  ><div data-src=\"https:\/\/hotelmaria.net\/wp-content\/uploads\/139043517842930eb2e17973d4cb6d1ad99edd3fc0.jpg\" class=\"owl-lazy rolenzo_gal69d599ec1529c hoverGal\" style=\"background:url(https:\/\/hotelmaria.net\/wp-content\/uploads\/139043517842930eb2e17973d4cb6d1ad99edd3fc0.jpg) no-repeat center center \/cover;position:relative; \"> <div class=\"overlay\" style=\" background-color:rgba(22,67,88,0.8);\">   <svg class=\"addSvg\" xmlns=\"http:\/\/www.w3.org\/2000\/svg\" xmlns:xlink=\"http:\/\/www.w3.org\/1999\/xlink\" version=\"1.1\" id=\"Capa_1\" x=\"0px\" y=\"0px\" viewBox=\"0 0 42 42\" style=\"enable-background:new 0 0 42 42;\" xml:space=\"preserve\"><polygon points=\"42,20 22,20 22,0 20,0 20,20 0,20 0,22 20,22 20,42 22,42 22,22 42,22 \" fill=\"#ffffff\"\/><g><\/g><g><\/g><g><\/g><g><\/g><g><\/g><g><\/g><g><\/g><g><\/g><g><\/g><g><\/g><g><\/g><g><\/g><g><\/g><g><\/g><g><\/g><\/svg><\/div><\/div><\/a><\/div><div class=\"item\"><a   class=\"ilightbox69d599ec1529c\"  href=\"https:\/\/hotelmaria.net\/wp-content\/uploads\/piscina3.jpg\"  ><div data-src=\"https:\/\/hotelmaria.net\/wp-content\/uploads\/piscina3.jpg\" class=\"owl-lazy rolenzo_gal69d599ec1529c hoverGal\" style=\"background:url(https:\/\/hotelmaria.net\/wp-content\/uploads\/piscina3.jpg) no-repeat center center \/cover;position:relative; \"> <div class=\"overlay\" style=\" background-color:rgba(22,67,88,0.8);\">   <svg class=\"addSvg\" xmlns=\"http:\/\/www.w3.org\/2000\/svg\" xmlns:xlink=\"http:\/\/www.w3.org\/1999\/xlink\" version=\"1.1\" id=\"Capa_1\" x=\"0px\" y=\"0px\" viewBox=\"0 0 42 42\" style=\"enable-background:new 0 0 42 42;\" xml:space=\"preserve\"><polygon points=\"42,20 22,20 22,0 20,0 20,20 0,20 0,22 20,22 20,42 22,42 22,22 42,22 \" fill=\"#ffffff\"\/><g><\/g><g><\/g><g><\/g><g><\/g><g><\/g><g><\/g><g><\/g><g><\/g><g><\/g><g><\/g><g><\/g><g><\/g><g><\/g><g><\/g><g><\/g><\/svg><\/div><\/div><\/a><\/div><div class=\"item\"><a   class=\"ilightbox69d599ec1529c\"  href=\"https:\/\/hotelmaria.net\/wp-content\/uploads\/1390434298bd81031701a2b732a08b299179e1c2ef.jpg\"  ><div data-src=\"https:\/\/hotelmaria.net\/wp-content\/uploads\/1390434298bd81031701a2b732a08b299179e1c2ef.jpg\" class=\"owl-lazy rolenzo_gal69d599ec1529c hoverGal\" style=\"background:url(https:\/\/hotelmaria.net\/wp-content\/uploads\/1390434298bd81031701a2b732a08b299179e1c2ef.jpg) no-repeat center center \/cover;position:relative; \"> <div class=\"overlay\" style=\" background-color:rgba(22,67,88,0.8);\">   <svg class=\"addSvg\" xmlns=\"http:\/\/www.w3.org\/2000\/svg\" xmlns:xlink=\"http:\/\/www.w3.org\/1999\/xlink\" version=\"1.1\" id=\"Capa_1\" x=\"0px\" y=\"0px\" viewBox=\"0 0 42 42\" style=\"enable-background:new 0 0 42 42;\" xml:space=\"preserve\"><polygon points=\"42,20 22,20 22,0 20,0 20,20 0,20 0,22 20,22 20,42 22,42 22,22 42,22 \" fill=\"#ffffff\"\/><g><\/g><g><\/g><g><\/g><g><\/g><g><\/g><g><\/g><g><\/g><g><\/g><g><\/g><g><\/g><g><\/g><g><\/g><g><\/g><g><\/g><g><\/g><\/svg><\/div><\/div><\/a><\/div><div class=\"item\"><a   class=\"ilightbox69d599ec1529c\"  href=\"https:\/\/hotelmaria.net\/wp-content\/uploads\/1390434323ef88990f6d053844f1f47d7549bbda98.jpg\"  ><div data-src=\"https:\/\/hotelmaria.net\/wp-content\/uploads\/1390434323ef88990f6d053844f1f47d7549bbda98.jpg\" class=\"owl-lazy rolenzo_gal69d599ec1529c hoverGal\" style=\"background:url(https:\/\/hotelmaria.net\/wp-content\/uploads\/1390434323ef88990f6d053844f1f47d7549bbda98.jpg) no-repeat center center \/cover;position:relative; \"> <div class=\"overlay\" style=\" background-color:rgba(22,67,88,0.8);\">   <svg class=\"addSvg\" xmlns=\"http:\/\/www.w3.org\/2000\/svg\" xmlns:xlink=\"http:\/\/www.w3.org\/1999\/xlink\" version=\"1.1\" id=\"Capa_1\" x=\"0px\" y=\"0px\" viewBox=\"0 0 42 42\" style=\"enable-background:new 0 0 42 42;\" xml:space=\"preserve\"><polygon points=\"42,20 22,20 22,0 20,0 20,20 0,20 0,22 20,22 20,42 22,42 22,22 42,22 \" fill=\"#ffffff\"\/><g><\/g><g><\/g><g><\/g><g><\/g><g><\/g><g><\/g><g><\/g><g><\/g><g><\/g><g><\/g><g><\/g><g><\/g><g><\/g><g><\/g><g><\/g><\/svg><\/div><\/div><\/a><\/div><div class=\"item\"><a   class=\"ilightbox69d599ec1529c\"  href=\"https:\/\/hotelmaria.net\/wp-content\/uploads\/1390434584a20b6db1a44b6a2c5fe1731c31560512.jpg\"  ><div data-src=\"https:\/\/hotelmaria.net\/wp-content\/uploads\/1390434584a20b6db1a44b6a2c5fe1731c31560512.jpg\" class=\"owl-lazy rolenzo_gal69d599ec1529c hoverGal\" style=\"background:url(https:\/\/hotelmaria.net\/wp-content\/uploads\/1390434584a20b6db1a44b6a2c5fe1731c31560512.jpg) no-repeat center center \/cover;position:relative; \"> <div class=\"overlay\" style=\" background-color:rgba(22,67,88,0.8);\">   <svg class=\"addSvg\" xmlns=\"http:\/\/www.w3.org\/2000\/svg\" xmlns:xlink=\"http:\/\/www.w3.org\/1999\/xlink\" version=\"1.1\" id=\"Capa_1\" x=\"0px\" y=\"0px\" viewBox=\"0 0 42 42\" style=\"enable-background:new 0 0 42 42;\" xml:space=\"preserve\"><polygon points=\"42,20 22,20 22,0 20,0 20,20 0,20 0,22 20,22 20,42 22,42 22,22 42,22 \" fill=\"#ffffff\"\/><g><\/g><g><\/g><g><\/g><g><\/g><g><\/g><g><\/g><g><\/g><g><\/g><g><\/g><g><\/g><g><\/g><g><\/g><g><\/g><g><\/g><g><\/g><\/svg><\/div><\/div><\/a><\/div><div class=\"item\"><a   class=\"ilightbox69d599ec1529c\"  href=\"https:\/\/hotelmaria.net\/wp-content\/uploads\/1390434723bf78d65ad94b0118e49d6608d02eb5bc.jpg\"  ><div data-src=\"https:\/\/hotelmaria.net\/wp-content\/uploads\/1390434723bf78d65ad94b0118e49d6608d02eb5bc.jpg\" class=\"owl-lazy rolenzo_gal69d599ec1529c hoverGal\" style=\"background:url(https:\/\/hotelmaria.net\/wp-content\/uploads\/1390434723bf78d65ad94b0118e49d6608d02eb5bc.jpg) no-repeat center center \/cover;position:relative; \"> <div class=\"overlay\" style=\" background-color:rgba(22,67,88,0.8);\">   <svg class=\"addSvg\" xmlns=\"http:\/\/www.w3.org\/2000\/svg\" xmlns:xlink=\"http:\/\/www.w3.org\/1999\/xlink\" version=\"1.1\" id=\"Capa_1\" x=\"0px\" y=\"0px\" viewBox=\"0 0 42 42\" style=\"enable-background:new 0 0 42 42;\" xml:space=\"preserve\"><polygon points=\"42,20 22,20 22,0 20,0 20,20 0,20 0,22 20,22 20,42 22,42 22,22 42,22 \" fill=\"#ffffff\"\/><g><\/g><g><\/g><g><\/g><g><\/g><g><\/g><g><\/g><g><\/g><g><\/g><g><\/g><g><\/g><g><\/g><g><\/g><g><\/g><g><\/g><g><\/g><\/svg><\/div><\/div><\/a><\/div><div class=\"item\"><a   class=\"ilightbox69d599ec1529c\"  href=\"https:\/\/hotelmaria.net\/wp-content\/uploads\/1390435051a8f42d79dc010158337f2ed595d8ce6f.jpg\"  ><div data-src=\"https:\/\/hotelmaria.net\/wp-content\/uploads\/1390435051a8f42d79dc010158337f2ed595d8ce6f.jpg\" class=\"owl-lazy rolenzo_gal69d599ec1529c hoverGal\" style=\"background:url(https:\/\/hotelmaria.net\/wp-content\/uploads\/1390435051a8f42d79dc010158337f2ed595d8ce6f.jpg) no-repeat center center \/cover;position:relative; \"> <div class=\"overlay\" style=\" background-color:rgba(22,67,88,0.8);\">   <svg class=\"addSvg\" xmlns=\"http:\/\/www.w3.org\/2000\/svg\" xmlns:xlink=\"http:\/\/www.w3.org\/1999\/xlink\" version=\"1.1\" id=\"Capa_1\" x=\"0px\" y=\"0px\" viewBox=\"0 0 42 42\" style=\"enable-background:new 0 0 42 42;\" xml:space=\"preserve\"><polygon points=\"42,20 22,20 22,0 20,0 20,20 0,20 0,22 20,22 20,42 22,42 22,22 42,22 \" fill=\"#ffffff\"\/><g><\/g><g><\/g><g><\/g><g><\/g><g><\/g><g><\/g><g><\/g><g><\/g><g><\/g><g><\/g><g><\/g><g><\/g><g><\/g><g><\/g><g><\/g><\/svg><\/div><\/div><\/a><\/div><div class=\"item\"><a   class=\"ilightbox69d599ec1529c\"  href=\"https:\/\/hotelmaria.net\/wp-content\/uploads\/1390435067aaf14e312a4e98e015f3f64034123aab.jpg\"  ><div data-src=\"https:\/\/hotelmaria.net\/wp-content\/uploads\/1390435067aaf14e312a4e98e015f3f64034123aab.jpg\" class=\"owl-lazy rolenzo_gal69d599ec1529c hoverGal\" style=\"background:url(https:\/\/hotelmaria.net\/wp-content\/uploads\/1390435067aaf14e312a4e98e015f3f64034123aab.jpg) no-repeat center center \/cover;position:relative; \"> <div class=\"overlay\" style=\" background-color:rgba(22,67,88,0.8);\">   <svg class=\"addSvg\" xmlns=\"http:\/\/www.w3.org\/2000\/svg\" xmlns:xlink=\"http:\/\/www.w3.org\/1999\/xlink\" version=\"1.1\" id=\"Capa_1\" x=\"0px\" y=\"0px\" viewBox=\"0 0 42 42\" style=\"enable-background:new 0 0 42 42;\" xml:space=\"preserve\"><polygon points=\"42,20 22,20 22,0 20,0 20,20 0,20 0,22 20,22 20,42 22,42 22,22 42,22 \" fill=\"#ffffff\"\/><g><\/g><g><\/g><g><\/g><g><\/g><g><\/g><g><\/g><g><\/g><g><\/g><g><\/g><g><\/g><g><\/g><g><\/g><g><\/g><g><\/g><g><\/g><\/svg><\/div><\/div><\/a><\/div><div class=\"item\"><a   class=\"ilightbox69d599ec1529c\"  href=\"https:\/\/hotelmaria.net\/wp-content\/uploads\/1390435072c582f4cd88f38a1ec82695ba7d6c718a.jpg\"  ><div data-src=\"https:\/\/hotelmaria.net\/wp-content\/uploads\/1390435072c582f4cd88f38a1ec82695ba7d6c718a.jpg\" class=\"owl-lazy rolenzo_gal69d599ec1529c hoverGal\" style=\"background:url(https:\/\/hotelmaria.net\/wp-content\/uploads\/1390435072c582f4cd88f38a1ec82695ba7d6c718a.jpg) no-repeat center center \/cover;position:relative; \"> <div class=\"overlay\" style=\" background-color:rgba(22,67,88,0.8);\">   <svg class=\"addSvg\" xmlns=\"http:\/\/www.w3.org\/2000\/svg\" xmlns:xlink=\"http:\/\/www.w3.org\/1999\/xlink\" version=\"1.1\" id=\"Capa_1\" x=\"0px\" y=\"0px\" viewBox=\"0 0 42 42\" style=\"enable-background:new 0 0 42 42;\" xml:space=\"preserve\"><polygon points=\"42,20 22,20 22,0 20,0 20,20 0,20 0,22 20,22 20,42 22,42 22,22 42,22 \" fill=\"#ffffff\"\/><g><\/g><g><\/g><g><\/g><g><\/g><g><\/g><g><\/g><g><\/g><g><\/g><g><\/g><g><\/g><g><\/g><g><\/g><g><\/g><g><\/g><g><\/g><\/svg><\/div><\/div><\/a><\/div><div class=\"item\"><a   class=\"ilightbox69d599ec1529c\"  href=\"https:\/\/hotelmaria.net\/wp-content\/uploads\/1390435221ef647b99217c3123a97d327535770967.jpg\"  ><div data-src=\"https:\/\/hotelmaria.net\/wp-content\/uploads\/1390435221ef647b99217c3123a97d327535770967.jpg\" class=\"owl-lazy rolenzo_gal69d599ec1529c hoverGal\" style=\"background:url(https:\/\/hotelmaria.net\/wp-content\/uploads\/1390435221ef647b99217c3123a97d327535770967.jpg) no-repeat center center \/cover;position:relative; \"> <div class=\"overlay\" style=\" background-color:rgba(22,67,88,0.8);\">   <svg class=\"addSvg\" xmlns=\"http:\/\/www.w3.org\/2000\/svg\" xmlns:xlink=\"http:\/\/www.w3.org\/1999\/xlink\" version=\"1.1\" id=\"Capa_1\" x=\"0px\" y=\"0px\" viewBox=\"0 0 42 42\" style=\"enable-background:new 0 0 42 42;\" xml:space=\"preserve\"><polygon points=\"42,20 22,20 22,0 20,0 20,20 0,20 0,22 20,22 20,42 22,42 22,22 42,22 \" fill=\"#ffffff\"\/><g><\/g><g><\/g><g><\/g><g><\/g><g><\/g><g><\/g><g><\/g><g><\/g><g><\/g><g><\/g><g><\/g><g><\/g><g><\/g><g><\/g><g><\/g><\/svg><\/div><\/div><\/a><\/div><div class=\"item\"><a   class=\"ilightbox69d599ec1529c\"  href=\"https:\/\/hotelmaria.net\/wp-content\/uploads\/13904343439fd88b12d0ad8ac99b030e8c4e5b2540.jpg\"  ><div data-src=\"https:\/\/hotelmaria.net\/wp-content\/uploads\/13904343439fd88b12d0ad8ac99b030e8c4e5b2540.jpg\" class=\"owl-lazy rolenzo_gal69d599ec1529c hoverGal\" style=\"background:url(https:\/\/hotelmaria.net\/wp-content\/uploads\/13904343439fd88b12d0ad8ac99b030e8c4e5b2540.jpg) no-repeat center center \/cover;position:relative; \"> <div class=\"overlay\" style=\" background-color:rgba(22,67,88,0.8);\">   <svg class=\"addSvg\" xmlns=\"http:\/\/www.w3.org\/2000\/svg\" xmlns:xlink=\"http:\/\/www.w3.org\/1999\/xlink\" version=\"1.1\" id=\"Capa_1\" x=\"0px\" y=\"0px\" viewBox=\"0 0 42 42\" style=\"enable-background:new 0 0 42 42;\" xml:space=\"preserve\"><polygon points=\"42,20 22,20 22,0 20,0 20,20 0,20 0,22 20,22 20,42 22,42 22,22 42,22 \" fill=\"#ffffff\"\/><g><\/g><g><\/g><g><\/g><g><\/g><g><\/g><g><\/g><g><\/g><g><\/g><g><\/g><g><\/g><g><\/g><g><\/g><g><\/g><g><\/g><g><\/g><\/svg><\/div><\/div><\/a><\/div><div class=\"item\"><a   class=\"ilightbox69d599ec1529c\"  href=\"https:\/\/hotelmaria.net\/wp-content\/uploads\/139043331054dd7da9994d814cef19364f261ba0aa.jpg\"  ><div data-src=\"https:\/\/hotelmaria.net\/wp-content\/uploads\/139043331054dd7da9994d814cef19364f261ba0aa.jpg\" class=\"owl-lazy rolenzo_gal69d599ec1529c hoverGal\" style=\"background:url(https:\/\/hotelmaria.net\/wp-content\/uploads\/139043331054dd7da9994d814cef19364f261ba0aa.jpg) no-repeat center center \/cover;position:relative; \"> <div class=\"overlay\" style=\" background-color:rgba(22,67,88,0.8);\">   <svg class=\"addSvg\" xmlns=\"http:\/\/www.w3.org\/2000\/svg\" xmlns:xlink=\"http:\/\/www.w3.org\/1999\/xlink\" version=\"1.1\" id=\"Capa_1\" x=\"0px\" y=\"0px\" viewBox=\"0 0 42 42\" style=\"enable-background:new 0 0 42 42;\" xml:space=\"preserve\"><polygon points=\"42,20 22,20 22,0 20,0 20,20 0,20 0,22 20,22 20,42 22,42 22,22 42,22 \" fill=\"#ffffff\"\/><g><\/g><g><\/g><g><\/g><g><\/g><g><\/g><g><\/g><g><\/g><g><\/g><g><\/g><g><\/g><g><\/g><g><\/g><g><\/g><g><\/g><g><\/g><\/svg><\/div><\/div><\/a><\/div><\/div><\/div><script>jQuery('.ilightbox69d599ec1529c').iLightBox({skin: 'metro-black',path: 'horizontal',controls: {toolbar: true,arrows: true,fullscreen: true,thumbnail: true,keyboard: true,mousewheel: true,swipe: true},caption: {start: false,}});<\/script>[\/vc_column_inner][vc_column_inner][vc_empty_space height=\u00a0\u00bb64px\u00a0\u00bb][\/vc_column_inner][\/vc_row_inner][\/vc_column][\/vc_row]<\/p>\n<\/div>","protected":false},"excerpt":{"rendered":"<p>[vc_row max_row_content_width=\u00a0\u00bb100%\u00a0\u00bb row_content_width=\u00a0\u00bb100%\u00a0\u00bb][vc_column][\/vc_column][\/vc_row][vc_row max_row_content_width=\u00a0\u00bb100%\u00a0\u00bb row_content_width=\u00a0\u00bb100%\u00a0\u00bb bg_row=\u00a0\u00bbcenter center\u00a0\u00bb css=\u00a0\u00bb.vc_custom_1523439953776{background-image: url(http:\/\/hotelmaria.net\/wp-content\/uploads\/cucina4.jpg?id=389) !important;background-position: center !important;background-repeat: no-repeat !important;background-size: cover !important;}\u00a0\u00bb][vc_column][vc_empty_space height=\u00a0\u00bb490px\u00a0\u00bb][\/vc_column][\/vc_row][vc_row max_row_content_width=\u00a0\u00bb1400px\u00a0\u00bb row_content_width=\u00a0\u00bb100%\u00a0\u00bb bg_type=\u00a0\u00bbbg_color\u00a0\u00bb seperator_enable=\u00a0\u00bbseperator_enable_value\u00a0\u00bb seperator_type=\u00a0\u00bbxlarge_circle_seperator\u00a0\u00bb seperator_position=\u00a0\u00bbbottom_seperator\u00a0\u00bb seperator_svg_height=\u00a0\u00bb100&Prime; seperator_shape_background=\u00a0\u00bb#ffffff\u00a0\u00bb bg_color_value=\u00a0\u00bb#74c2dc\u00a0\u00bb][vc_column][vc_row_inner equal_height=\u00a0\u00bbyes\u00a0\u00bb content_placement=\u00a0\u00bbmiddle\u00a0\u00bb][vc_column_inner el_class=\u00a0\u00bbwow fadeIn whitefont\u00a0\u00bb width=\u00a0\u00bb1\/2&Prime; offset=\u00a0\u00bbvc_col-lg-8 vc_col-md-8 vc_col-xs-12&Prime; css=\u00a0\u00bb.vc_custom_1523372696741{padding-top: 50px !important;padding-right: 50px !important;padding-bottom: 50px !important;padding-left: 50px !important;background-position: 0 0 !important;background-repeat: repeat !important;}\u00a0\u00bb][vc_custom_heading text=\u00a0\u00bbCuisine\u00a0\u00bb font_container=\u00a0\u00bbtag:h1|text_align:center|color:%23ffffff\u00a0\u00bb use_theme_fonts=\u00a0\u00bbyes\u00a0\u00bb][vc_separator color=\u00a0\u00bbcustom\u00a0\u00bb accent_color=\u00a0\u00bb#ffffff\u00a0\u00bb el_class=\u00a0\u00bbseparatore\u00a0\u00bb &hellip; <a href=\"https:\/\/hotelmaria.net\/fr\/cuisine\/\" class=\"more-link\">Continuer la lecture<span class=\"screen-reader-text\"> de &laquo;&nbsp;Cuisine&nbsp;&raquo;<\/span><\/a><\/p>\n","protected":false},"author":1,"featured_media":0,"parent":0,"menu_order":0,"comment_status":"closed","ping_status":"closed","template":"","meta":{"footnotes":""},"_links":{"self":[{"href":"https:\/\/hotelmaria.net\/fr\/wp-json\/wp\/v2\/pages\/879"}],"collection":[{"href":"https:\/\/hotelmaria.net\/fr\/wp-json\/wp\/v2\/pages"}],"about":[{"href":"https:\/\/hotelmaria.net\/fr\/wp-json\/wp\/v2\/types\/page"}],"author":[{"embeddable":true,"href":"https:\/\/hotelmaria.net\/fr\/wp-json\/wp\/v2\/users\/1"}],"replies":[{"embeddable":true,"href":"https:\/\/hotelmaria.net\/fr\/wp-json\/wp\/v2\/comments?post=879"}],"version-history":[{"count":2,"href":"https:\/\/hotelmaria.net\/fr\/wp-json\/wp\/v2\/pages\/879\/revisions"}],"predecessor-version":[{"id":911,"href":"https:\/\/hotelmaria.net\/fr\/wp-json\/wp\/v2\/pages\/879\/revisions\/911"}],"wp:attachment":[{"href":"https:\/\/hotelmaria.net\/fr\/wp-json\/wp\/v2\/media?parent=879"}],"curies":[{"name":"wp","href":"https:\/\/api.w.org\/{rel}","templated":true}]}}