{"id":877,"date":"2018-04-10T12:41:02","date_gmt":"2018-04-10T10:41:02","guid":{"rendered":"http:\/\/hotelmaria.net\/hotel\/"},"modified":"2018-06-13T12:23:04","modified_gmt":"2018-06-13T10:23:04","slug":"hotel","status":"publish","type":"page","link":"https:\/\/hotelmaria.net\/fr\/hotel\/","title":{"rendered":"Hotel"},"content":{"rendered":"<div class=\"wpb-content-wrapper\"><p>[vc_row max_row_content_width=\u00a0\u00bb100%\u00a0\u00bb row_content_width=\u00a0\u00bb100%\u00a0\u00bb][vc_column]<div class=\"ult-spacer spacer-69d5965897dd7\" data-id=\"69d5965897dd7\" data-height=\"151\" data-height-mobile=\"0\" data-height-tab=\"108\" data-height-tab-portrait=\"108\" data-height-mobile-landscape=\"0\" style=\"clear:both;display:block;\"><\/div>[\/vc_column][\/vc_row][vc_row max_row_content_width=\u00a0\u00bb100%\u00a0\u00bb row_content_width=\u00a0\u00bb100%\u00a0\u00bb bg_row=\u00a0\u00bbcenter center\u00a0\u00bb css=\u00a0\u00bb.vc_custom_1523374440674{background-image: url(http:\/\/hotelmaria.net\/wp-content\/uploads\/index1.jpg?id=67) !important;background-position: center !important;background-repeat: no-repeat !important;background-size: cover !important;}\u00a0\u00bb][vc_column][vc_empty_space height=\u00a0\u00bb490px\u00a0\u00bb][\/vc_column][\/vc_row][vc_row max_row_content_width=\u00a0\u00bb1400px\u00a0\u00bb row_content_width=\u00a0\u00bb100%\u00a0\u00bb bg_type=\u00a0\u00bbbg_color\u00a0\u00bb seperator_enable=\u00a0\u00bbseperator_enable_value\u00a0\u00bb seperator_type=\u00a0\u00bbxlarge_circle_seperator\u00a0\u00bb seperator_position=\u00a0\u00bbbottom_seperator\u00a0\u00bb seperator_svg_height=\u00a0\u00bb100&Prime; seperator_shape_background=\u00a0\u00bb#ffffff\u00a0\u00bb bg_color_value=\u00a0\u00bb#74c2dc\u00a0\u00bb][vc_column][vc_row_inner equal_height=\u00a0\u00bbyes\u00a0\u00bb content_placement=\u00a0\u00bbmiddle\u00a0\u00bb][vc_column_inner el_class=\u00a0\u00bbwow fadeIn whitefont\u00a0\u00bb offset=\u00a0\u00bbvc_col-lg-8 vc_col-md-8 vc_col-xs-12&Prime; css=\u00a0\u00bb.vc_custom_1528882876431{padding-top: 50px !important;padding-right: 50px !important;padding-bottom: 50px !important;padding-left: 50px !important;background-position: 0 0 !important;background-repeat: repeat !important;}\u00a0\u00bb][vc_custom_heading text=\u00a0\u00bbHotel Maria &#8211; Pineto\u00a0\u00bb font_container=\u00a0\u00bbtag:h1|text_align:center|color:%23ffffff\u00a0\u00bb use_theme_fonts=\u00a0\u00bbyes\u00a0\u00bb][vc_separator color=\u00a0\u00bbcustom\u00a0\u00bb accent_color=\u00a0\u00bb#ffffff\u00a0\u00bb el_class=\u00a0\u00bbseparatore\u00a0\u00bb css=\u00a0\u00bb.vc_custom_1523365059271{margin-top: 20px !important;margin-bottom: 20px !important;}\u00a0\u00bb][vc_column_text]<\/p>\n<p style=\"text-align: center;\"><strong>L\u2019h\u00f4tel Maria, un 3 \u00e9toiles pr\u00e8s de Pineto,<\/strong>\u00a0se trouve sur une tranquille et jolie petite colline avec vue sur la Riviera Adriatique des Abruzzes.<\/p>\n<p style=\"text-align: center;\">Depuis 1976 la\u00a0<strong class=\"evidenziato\">Famille Del Sole<\/strong>\u00a0g\u00e8re l\u2019entreprise avec enthousiasme et amour et accueille tout le monde avec grande\u00a0<strong class=\"evidenziato\">cordialit\u00e9 et professionnalisme<\/strong>\u00a0assurant de cette fa\u00e7on, pendant toute l\u2019ann\u00e9e, un s\u00e9jour agr\u00e9able sous le signe de la s\u00e9r\u00e9nit\u00e9, de l\u2019amusement et du relax.<\/p>\n<p style=\"text-align: center;\">En plus de la tr\u00e8s belle atmosph\u00e8re familiale que vous respirerez \u00e0\u00a0<strong class=\"evidenziato\">l\u2019h\u00f4tel Maria<\/strong>, vous pourrez compter sur l\u2019agr\u00e9able position marine\u00a0:\u00a0<strong class=\"evidenziato\">Pineto<\/strong>, Plage Verte des Abruzzes, offre une\u00a0<strong class=\"evidenziato\">mer bleue avec un fond peu profond fantastique pour les enfants<\/strong>\u00a0qui peuvent y jouer en toute tranquillit\u00e9 et s\u00e9curit\u00e9, ainsi qu\u2019une\u00a0<strong class=\"evidenziato\">plage de sable fin et dor\u00e9<\/strong>\u00a0bord\u00e9e d\u2019une merveilleuse\u00a0<strong class=\"evidenziato\">pin\u00e8de<\/strong>, authentique poumon naturel de la ville, lieu id\u00e9al pour de longues promenades, pour pratiquer le jogging et faire des\u00a0<strong class=\"evidenziato\">tours en v\u00e9lo<\/strong>, en profitant de la piste cyclable de 6 kilom\u00e8tres qui arrive jusqu\u2019\u00e0 Scerne di Pineto.<br \/>\nDemandez-nous gratuitement un v\u00e9lo pour d\u00e9couvrir facilement ce merveilleux territoire.<\/p>\n<p style=\"text-align: center;\"><strong class=\"evidenziato\">L\u2019h\u00f4tel Maria 3 \u00e9toiles<\/strong>\u00a0se trouve \u00e0 quelques minutes de la mer et non loin du p\u00e9age autoroutier de Atri-Pineto sur l\u2019autoroute Adriatica A14 qui relie Bari et Bologne. L\u2019h\u00f4tel repr\u00e9sente tout au long de l\u2019ann\u00e9e une\u00a0<strong class=\"evidenziato\">petite oasis<\/strong>\u00a0o\u00f9 se reposer et faire le plein d\u2019\u00e9nergie mais aussi une destination pour des voyages de travail, tout comme une\u00a0<strong class=\"evidenziato\">agr\u00e9able pause<\/strong>\u00a0lors des d\u00e9placements entre le Nord et le Sud de l\u2019Italie<\/p>\n<p>[\/vc_column_text][\/vc_column_inner][vc_column_inner offset=\u00a0\u00bbvc_col-lg-4 vc_col-md-4 vc_col-xs-12&Prime; css=\u00a0\u00bb.vc_custom_1528882866491{padding-top: 50px !important;padding-right: 50px !important;padding-bottom: 50px !important;padding-left: 50px !important;background-position: 0 0 !important;background-repeat: repeat !important;}\u00a0\u00bb][vc_custom_heading text=\u00a0\u00bbOffres et \u00e9v\u00e9nements\u00a0\u00bb font_container=\u00a0\u00bbtag:h2|text_align:center|color:%23ffffff\u00a0\u00bb use_theme_fonts=\u00a0\u00bbyes\u00a0\u00bb][vc_separator color=\u00a0\u00bbcustom\u00a0\u00bb accent_color=\u00a0\u00bb#ffffff\u00a0\u00bb el_class=\u00a0\u00bbseparatore\u00a0\u00bb css=\u00a0\u00bb.vc_custom_1523372759124{margin-top: 20px !important;margin-bottom: 20px !important;}\u00a0\u00bb][vc_basic_grid post_type=\u00a0\u00bbofferte\u00a0\u00bb max_items=\u00a0\u00bb10&Prime; style=\u00a0\u00bbpagination\u00a0\u00bb items_per_page=\u00a0\u00bb1&Prime; element_width=\u00a0\u00bb12&Prime; gap=\u00a0\u00bb5&Prime; arrows_design=\u00a0\u00bbvc_arrow-icon-arrow_03_left\u00a0\u00bb arrows_color=\u00a0\u00bbgrey\u00a0\u00bb paging_design=\u00a0\u00bbnone\u00a0\u00bb loop=\u00a0\u00bbyes\u00a0\u00bb item=\u00a0\u00bb187&Prime; grid_id=\u00a0\u00bbvc_gid:1528884959392-2853bb38-fe9e-2&Prime;][\/vc_column_inner][\/vc_row_inner][\/vc_column][\/vc_row][vc_row max_row_content_width=\u00a0\u00bb1400px\u00a0\u00bb row_content_width=\u00a0\u00bb100%\u00a0\u00bb bg_type=\u00a0\u00bbbg_color\u00a0\u00bb seperator_enable=\u00a0\u00bbseperator_enable_value\u00a0\u00bb seperator_type=\u00a0\u00bbxlarge_circle_seperator\u00a0\u00bb seperator_position=\u00a0\u00bbbottom_seperator\u00a0\u00bb seperator_svg_height=\u00a0\u00bb100&Prime; seperator_shape_background=\u00a0\u00bb#62c3d3&Prime; bg_color_value=\u00a0\u00bb#ffffff\u00a0\u00bb][vc_column][vc_row_inner equal_height=\u00a0\u00bbyes\u00a0\u00bb content_placement=\u00a0\u00bbmiddle\u00a0\u00bb][vc_column_inner offset=\u00a0\u00bbvc_col-lg-4 vc_col-md-4 vc_col-xs-12&Prime; css=\u00a0\u00bb.vc_custom_1528882933505{padding-top: 50px !important;padding-right: 50px !important;padding-bottom: 50px !important;padding-left: 50px !important;background-position: 0 0 !important;background-repeat: repeat !important;}\u00a0\u00bb]<script>jQuery( document ).ready(function() {jQuery('.owl-imgcarousel69d5965897e5e').owlCarousel({loop:false,nav:false,navText:[\"<i class=\\\"fa fa-arrow-left\\\" aria-hidden=\\\"true\\\"><\/i>\",\"<i class=\\\"fa fa-arrow-right\\\" aria-hidden=\\\"true\\\"><\/i>\"],dots:false,lazyLoad: true,autoplay:3000,items:1,animateIn: 'fadeIn',animateOut: 'fadeOut',});});<\/script><style>.rolenzo_gal69d5965897e5e  {margin:0px}@media (min-width:1500px){ .rolenzo_gal69d5965897e5e {height:350px}}@media (min-width:1200px) and (max-width:1499px) { .rolenzo_gal69d5965897e5e {height:350px}}@media (min-width:992px) and (max-width:1199px) {.rolenzo_gal69d5965897e5e {height:300px}}@media (min-width:768px) and (max-width:991px) {.rolenzo_gal69d5965897e5e {height:250px}}@media (max-width:767px) { .rolenzo_gal69d5965897e5e {height:250px}}body .owl-imgcarousel69d5965897e5e .owl-nav .owl-prev, body .owl-imgcarousel69d5965897e5e .owl-nav .owl-next {background:; color: }body .owl-imgcarousel69d5965897e5e .owl-nav .owl-prev:hover, body .owl-imgcarousel69d5965897e5e .owl-nav .owl-next:hover {background:; color:}<\/style><div class=><div class=\"owl-carousel owl-theme owl-imgcarousel69d5965897e5e\" ><div class=\"item\"><a   class=\"ilightbox69d5965897e5e\"  href=\"https:\/\/hotelmaria.net\/wp-content\/uploads\/6061318.jpg\"  ><div data-src=\"https:\/\/hotelmaria.net\/wp-content\/uploads\/6061318-1024x768.jpg\" class=\"owl-lazy rolenzo_gal69d5965897e5e hoverGal\" style=\"background:url(https:\/\/hotelmaria.net\/wp-content\/uploads\/6061318-1024x768.jpg) no-repeat center center \/cover;position:relative; \"> <div class=\"overlay\" style=\" background-color:rgba(22,67,88,0.8);\">   <svg class=\"addSvg\" xmlns=\"http:\/\/www.w3.org\/2000\/svg\" xmlns:xlink=\"http:\/\/www.w3.org\/1999\/xlink\" version=\"1.1\" id=\"Capa_1\" x=\"0px\" y=\"0px\" viewBox=\"0 0 42 42\" style=\"enable-background:new 0 0 42 42;\" xml:space=\"preserve\"><polygon points=\"42,20 22,20 22,0 20,0 20,20 0,20 0,22 20,22 20,42 22,42 22,22 42,22 \" fill=\"#ffffff\"\/><g><\/g><g><\/g><g><\/g><g><\/g><g><\/g><g><\/g><g><\/g><g><\/g><g><\/g><g><\/g><g><\/g><g><\/g><g><\/g><g><\/g><g><\/g><\/svg><\/div><\/div><\/a><\/div><div class=\"item\"><a   class=\"ilightbox69d5965897e5e\"  href=\"https:\/\/hotelmaria.net\/wp-content\/uploads\/56528557-1.jpg\"  ><div data-src=\"https:\/\/hotelmaria.net\/wp-content\/uploads\/56528557-1-1024x683.jpg\" class=\"owl-lazy rolenzo_gal69d5965897e5e hoverGal\" style=\"background:url(https:\/\/hotelmaria.net\/wp-content\/uploads\/56528557-1-1024x683.jpg) no-repeat center center \/cover;position:relative; \"> <div class=\"overlay\" style=\" background-color:rgba(22,67,88,0.8);\">   <svg class=\"addSvg\" xmlns=\"http:\/\/www.w3.org\/2000\/svg\" xmlns:xlink=\"http:\/\/www.w3.org\/1999\/xlink\" version=\"1.1\" id=\"Capa_1\" x=\"0px\" y=\"0px\" viewBox=\"0 0 42 42\" style=\"enable-background:new 0 0 42 42;\" xml:space=\"preserve\"><polygon points=\"42,20 22,20 22,0 20,0 20,20 0,20 0,22 20,22 20,42 22,42 22,22 42,22 \" fill=\"#ffffff\"\/><g><\/g><g><\/g><g><\/g><g><\/g><g><\/g><g><\/g><g><\/g><g><\/g><g><\/g><g><\/g><g><\/g><g><\/g><g><\/g><g><\/g><g><\/g><\/svg><\/div><\/div><\/a><\/div><div class=\"item\"><a   class=\"ilightbox69d5965897e5e\"  href=\"https:\/\/hotelmaria.net\/wp-content\/uploads\/56528739.jpg\"  ><div data-src=\"https:\/\/hotelmaria.net\/wp-content\/uploads\/56528739-1024x683.jpg\" class=\"owl-lazy rolenzo_gal69d5965897e5e hoverGal\" style=\"background:url(https:\/\/hotelmaria.net\/wp-content\/uploads\/56528739-1024x683.jpg) no-repeat center center \/cover;position:relative; \"> <div class=\"overlay\" style=\" background-color:rgba(22,67,88,0.8);\">   <svg class=\"addSvg\" xmlns=\"http:\/\/www.w3.org\/2000\/svg\" xmlns:xlink=\"http:\/\/www.w3.org\/1999\/xlink\" version=\"1.1\" id=\"Capa_1\" x=\"0px\" y=\"0px\" viewBox=\"0 0 42 42\" style=\"enable-background:new 0 0 42 42;\" xml:space=\"preserve\"><polygon points=\"42,20 22,20 22,0 20,0 20,20 0,20 0,22 20,22 20,42 22,42 22,22 42,22 \" fill=\"#ffffff\"\/><g><\/g><g><\/g><g><\/g><g><\/g><g><\/g><g><\/g><g><\/g><g><\/g><g><\/g><g><\/g><g><\/g><g><\/g><g><\/g><g><\/g><g><\/g><\/svg><\/div><\/div><\/a><\/div><div class=\"item\"><a   class=\"ilightbox69d5965897e5e\"  href=\"https:\/\/hotelmaria.net\/wp-content\/uploads\/56294451.jpg\"  ><div data-src=\"https:\/\/hotelmaria.net\/wp-content\/uploads\/56294451-1024x723.jpg\" class=\"owl-lazy rolenzo_gal69d5965897e5e hoverGal\" style=\"background:url(https:\/\/hotelmaria.net\/wp-content\/uploads\/56294451-1024x723.jpg) no-repeat center center \/cover;position:relative; \"> <div class=\"overlay\" style=\" background-color:rgba(22,67,88,0.8);\">   <svg class=\"addSvg\" xmlns=\"http:\/\/www.w3.org\/2000\/svg\" xmlns:xlink=\"http:\/\/www.w3.org\/1999\/xlink\" version=\"1.1\" id=\"Capa_1\" x=\"0px\" y=\"0px\" viewBox=\"0 0 42 42\" style=\"enable-background:new 0 0 42 42;\" xml:space=\"preserve\"><polygon points=\"42,20 22,20 22,0 20,0 20,20 0,20 0,22 20,22 20,42 22,42 22,22 42,22 \" fill=\"#ffffff\"\/><g><\/g><g><\/g><g><\/g><g><\/g><g><\/g><g><\/g><g><\/g><g><\/g><g><\/g><g><\/g><g><\/g><g><\/g><g><\/g><g><\/g><g><\/g><\/svg><\/div><\/div><\/a><\/div><div class=\"item\"><a   class=\"ilightbox69d5965897e5e\"  href=\"https:\/\/hotelmaria.net\/wp-content\/uploads\/56282253.jpg\"  ><div data-src=\"https:\/\/hotelmaria.net\/wp-content\/uploads\/56282253-1024x768.jpg\" class=\"owl-lazy rolenzo_gal69d5965897e5e hoverGal\" style=\"background:url(https:\/\/hotelmaria.net\/wp-content\/uploads\/56282253-1024x768.jpg) no-repeat center center \/cover;position:relative; \"> <div class=\"overlay\" style=\" background-color:rgba(22,67,88,0.8);\">   <svg class=\"addSvg\" xmlns=\"http:\/\/www.w3.org\/2000\/svg\" xmlns:xlink=\"http:\/\/www.w3.org\/1999\/xlink\" version=\"1.1\" id=\"Capa_1\" x=\"0px\" y=\"0px\" viewBox=\"0 0 42 42\" style=\"enable-background:new 0 0 42 42;\" xml:space=\"preserve\"><polygon points=\"42,20 22,20 22,0 20,0 20,20 0,20 0,22 20,22 20,42 22,42 22,22 42,22 \" fill=\"#ffffff\"\/><g><\/g><g><\/g><g><\/g><g><\/g><g><\/g><g><\/g><g><\/g><g><\/g><g><\/g><g><\/g><g><\/g><g><\/g><g><\/g><g><\/g><g><\/g><\/svg><\/div><\/div><\/a><\/div><\/div><\/div><script>jQuery('.ilightbox69d5965897e5e').iLightBox({skin: 'metro-black',path: 'horizontal',controls: {toolbar: true,arrows: true,fullscreen: true,thumbnail: true,keyboard: true,mousewheel: true,swipe: true},caption: {start: false,}});<\/script>[\/vc_column_inner][vc_column_inner el_class=\u00a0\u00bbwow fadeInUp \u00a0\u00bb offset=\u00a0\u00bbvc_col-lg-8 vc_col-md-8 vc_col-xs-12&Prime; css=\u00a0\u00bb.vc_custom_1528882944994{padding-top: 50px !important;padding-right: 50px !important;padding-bottom: 50px !important;padding-left: 50px !important;background-position: 0 0 !important;background-repeat: repeat !important;}\u00a0\u00bb][vc_custom_heading text=\u00a0\u00bbL&rsquo; authentique accueil abruzzais\u00a0\u00bb font_container=\u00a0\u00bbtag:h1|text_align:center\u00a0\u00bb use_theme_fonts=\u00a0\u00bbyes\u00a0\u00bb][vc_separator color=\u00a0\u00bbcustom\u00a0\u00bb accent_color=\u00a0\u00bb#164358&Prime; el_class=\u00a0\u00bbseparatore\u00a0\u00bb css=\u00a0\u00bb.vc_custom_1523373732213{margin-top: 20px !important;margin-bottom: 20px !important;}\u00a0\u00bb][vc_column_text]Vous aurez ainsi la chance de go\u00fbter aussi bien \u00e0 la valeur de l\u2019authentique\u00a0<strong class=\"evidenziato\">accueil abruzzais\u00a0<\/strong>qu\u2019\u00e0 sa\u00a0<strong class=\"evidenziato\">cuisine caract\u00e9ristique et saine<\/strong>. D\u00e9guster notamment nos\u00a0<strong class=\"evidenziato\">p\u00e2tes faites \u00e0 la main<\/strong>\u00a0et au petit d\u00e9jeuner nos g\u00e2teaux faits maison, parmi lesquels le traditionnel \u00ab\u00a0ciambellone\u00a0\u00bb abruzzais et les biscuits pr\u00e9f\u00e9r\u00e9s de nos grands-parents.<\/p>\n<p>Vous \u00eates curieux d\u2019en savoir plus\u00a0? Demandez-nous comment nous les pr\u00e9parons, \u00e9tant donn\u00e9 que vous pouvez nous t\u00e9l\u00e9phoner gratuitement avec Skype\u00a0: notre contact est\u00a0<a href=\"skype:hotelmariapineto?call\">hotelmariapineto<\/a>.[\/vc_column_text][\/vc_column_inner][vc_column_inner][vc_empty_space height=\u00a0\u00bb64px\u00a0\u00bb][\/vc_column_inner][\/vc_row_inner][\/vc_column][\/vc_row]<\/p>\n<\/div>","protected":false},"excerpt":{"rendered":"<p>[vc_row max_row_content_width=\u00a0\u00bb100%\u00a0\u00bb row_content_width=\u00a0\u00bb100%\u00a0\u00bb][vc_column][\/vc_column][\/vc_row][vc_row max_row_content_width=\u00a0\u00bb100%\u00a0\u00bb row_content_width=\u00a0\u00bb100%\u00a0\u00bb bg_row=\u00a0\u00bbcenter center\u00a0\u00bb css=\u00a0\u00bb.vc_custom_1523374440674{background-image: url(http:\/\/hotelmaria.net\/wp-content\/uploads\/index1.jpg?id=67) !important;background-position: center !important;background-repeat: no-repeat !important;background-size: cover !important;}\u00a0\u00bb][vc_column][vc_empty_space height=\u00a0\u00bb490px\u00a0\u00bb][\/vc_column][\/vc_row][vc_row max_row_content_width=\u00a0\u00bb1400px\u00a0\u00bb row_content_width=\u00a0\u00bb100%\u00a0\u00bb bg_type=\u00a0\u00bbbg_color\u00a0\u00bb seperator_enable=\u00a0\u00bbseperator_enable_value\u00a0\u00bb seperator_type=\u00a0\u00bbxlarge_circle_seperator\u00a0\u00bb seperator_position=\u00a0\u00bbbottom_seperator\u00a0\u00bb seperator_svg_height=\u00a0\u00bb100&Prime; seperator_shape_background=\u00a0\u00bb#ffffff\u00a0\u00bb bg_color_value=\u00a0\u00bb#74c2dc\u00a0\u00bb][vc_column][vc_row_inner equal_height=\u00a0\u00bbyes\u00a0\u00bb content_placement=\u00a0\u00bbmiddle\u00a0\u00bb][vc_column_inner el_class=\u00a0\u00bbwow fadeIn whitefont\u00a0\u00bb offset=\u00a0\u00bbvc_col-lg-8 vc_col-md-8 vc_col-xs-12&Prime; css=\u00a0\u00bb.vc_custom_1528882876431{padding-top: 50px !important;padding-right: 50px !important;padding-bottom: 50px !important;padding-left: 50px !important;background-position: 0 0 !important;background-repeat: repeat !important;}\u00a0\u00bb][vc_custom_heading text=\u00a0\u00bbHotel Maria &#8211; Pineto\u00a0\u00bb font_container=\u00a0\u00bbtag:h1|text_align:center|color:%23ffffff\u00a0\u00bb use_theme_fonts=\u00a0\u00bbyes\u00a0\u00bb][vc_separator color=\u00a0\u00bbcustom\u00a0\u00bb &hellip; <a href=\"https:\/\/hotelmaria.net\/fr\/hotel\/\" class=\"more-link\">Continuer la lecture<span class=\"screen-reader-text\"> de &laquo;&nbsp;Hotel&nbsp;&raquo;<\/span><\/a><\/p>\n","protected":false},"author":1,"featured_media":0,"parent":0,"menu_order":0,"comment_status":"closed","ping_status":"closed","template":"","meta":{"footnotes":""},"_links":{"self":[{"href":"https:\/\/hotelmaria.net\/fr\/wp-json\/wp\/v2\/pages\/877"}],"collection":[{"href":"https:\/\/hotelmaria.net\/fr\/wp-json\/wp\/v2\/pages"}],"about":[{"href":"https:\/\/hotelmaria.net\/fr\/wp-json\/wp\/v2\/types\/page"}],"author":[{"embeddable":true,"href":"https:\/\/hotelmaria.net\/fr\/wp-json\/wp\/v2\/users\/1"}],"replies":[{"embeddable":true,"href":"https:\/\/hotelmaria.net\/fr\/wp-json\/wp\/v2\/comments?post=877"}],"version-history":[{"count":2,"href":"https:\/\/hotelmaria.net\/fr\/wp-json\/wp\/v2\/pages\/877\/revisions"}],"predecessor-version":[{"id":907,"href":"https:\/\/hotelmaria.net\/fr\/wp-json\/wp\/v2\/pages\/877\/revisions\/907"}],"wp:attachment":[{"href":"https:\/\/hotelmaria.net\/fr\/wp-json\/wp\/v2\/media?parent=877"}],"curies":[{"name":"wp","href":"https:\/\/api.w.org\/{rel}","templated":true}]}}