{"id":873,"date":"2017-07-24T11:14:41","date_gmt":"2017-07-24T09:14:41","guid":{"rendered":"http:\/\/hotelmaria.net\/home\/"},"modified":"2020-02-22T17:04:31","modified_gmt":"2020-02-22T16:04:31","slug":"home","status":"publish","type":"page","link":"https:\/\/hotelmaria.net\/fr\/","title":{"rendered":"Home"},"content":{"rendered":"<div class=\"wpb-content-wrapper\"><p>[vc_row max_row_content_width=\u00a0\u00bb100%\u00a0\u00bb row_content_width=\u00a0\u00bb100%\u00a0\u00bb css=\u00a0\u00bb.vc_custom_1524067169680{background-color: #f9f9f9 !important;}\u00a0\u00bb][vc_column]<div class=\"ult-spacer spacer-69d58200b4694\" data-id=\"69d58200b4694\" data-height=\"151\" data-height-mobile=\"0\" data-height-tab=\"108\" data-height-tab-portrait=\"108\" data-height-mobile-landscape=\"0\" style=\"clear:both;display:block;\"><\/div>[rev_slider_vc alias=\u00a0\u00bbhome\u00a0\u00bb el_class=\u00a0\u00bbmarginzero\u00a0\u00bb][\/vc_column][\/vc_row][vc_row max_row_content_width=\u00a0\u00bb100%\u00a0\u00bb row_content_width=\u00a0\u00bb100%\u00a0\u00bb bg_type=\u00a0\u00bbbg_color\u00a0\u00bb seperator_enable=\u00a0\u00bbseperator_enable_value\u00a0\u00bb seperator_type=\u00a0\u00bbxlarge_circle_seperator\u00a0\u00bb seperator_position=\u00a0\u00bbbottom_seperator\u00a0\u00bb seperator_svg_height=\u00a0\u00bb100&Prime; seperator_shape_background=\u00a0\u00bb#ffffff\u00a0\u00bb css=\u00a0\u00bb.vc_custom_1526310838757{padding-top: 50px !important;padding-right: 50px !important;padding-bottom: 50px !important;padding-left: 50px !important;}\u00a0\u00bb bg_color_value=\u00a0\u00bb#dddddd\u00a0\u00bb][vc_column][vc_custom_heading text=\u00a0\u00bbOffres et \u00e9v\u00e9nements\u00a0\u00bb font_container=\u00a0\u00bbtag:h2|text_align:center\u00a0\u00bb use_theme_fonts=\u00a0\u00bbyes\u00a0\u00bb][vc_separator color=\u00a0\u00bbcustom\u00a0\u00bb accent_color=\u00a0\u00bb#164358&Prime; el_class=\u00a0\u00bbseparatore\u00a0\u00bb css=\u00a0\u00bb.vc_custom_1523367825688{margin-top: 20px !important;margin-bottom: 20px !important;}\u00a0\u00bb][\/vc_column][vc_column offset=\u00a0\u00bbvc_hidden-sm vc_hidden-xs\u00a0\u00bb][vc_basic_grid post_type=\u00a0\u00bbofferte\u00a0\u00bb max_items=\u00a0\u00bb10&Prime; style=\u00a0\u00bbpagination\u00a0\u00bb items_per_page=\u00a0\u00bb4&Prime; element_width=\u00a0\u00bb3&Prime; gap=\u00a0\u00bb5&Prime; arrows_design=\u00a0\u00bbvc_arrow-icon-arrow_03_left\u00a0\u00bb arrows_color=\u00a0\u00bbgrey\u00a0\u00bb paging_color=\u00a0\u00bbblack\u00a0\u00bb loop=\u00a0\u00bbyes\u00a0\u00bb item=\u00a0\u00bb187&Prime; grid_id=\u00a0\u00bbvc_gid:1582387405908-c1b38106-7c93-8&Prime;][\/vc_column][vc_column offset=\u00a0\u00bbvc_hidden-lg vc_hidden-md vc_hidden-xs\u00a0\u00bb][vc_basic_grid post_type=\u00a0\u00bbofferte\u00a0\u00bb max_items=\u00a0\u00bb-1&Prime; style=\u00a0\u00bbpagination\u00a0\u00bb items_per_page=\u00a0\u00bb2&Prime; element_width=\u00a0\u00bb6&Prime; gap=\u00a0\u00bb5&Prime; arrows_design=\u00a0\u00bbvc_arrow-icon-arrow_03_left\u00a0\u00bb arrows_color=\u00a0\u00bbgrey\u00a0\u00bb paging_color=\u00a0\u00bbblack\u00a0\u00bb loop=\u00a0\u00bbyes\u00a0\u00bb item=\u00a0\u00bb187&Prime; grid_id=\u00a0\u00bbvc_gid:1582387405909-5e18931b-32ec-4&Prime;][\/vc_column][vc_column offset=\u00a0\u00bbvc_hidden-lg vc_hidden-md vc_hidden-sm\u00a0\u00bb][vc_basic_grid post_type=\u00a0\u00bbofferte\u00a0\u00bb max_items=\u00a0\u00bb-1&Prime; style=\u00a0\u00bbpagination\u00a0\u00bb items_per_page=\u00a0\u00bb1&Prime; element_width=\u00a0\u00bb12&Prime; gap=\u00a0\u00bb5&Prime; arrows_design=\u00a0\u00bbvc_arrow-icon-arrow_03_left\u00a0\u00bb arrows_color=\u00a0\u00bbgrey\u00a0\u00bb paging_color=\u00a0\u00bbblack\u00a0\u00bb loop=\u00a0\u00bbyes\u00a0\u00bb item=\u00a0\u00bb187&Prime; grid_id=\u00a0\u00bbvc_gid:1582387405910-bb5f4527-954e-1&Prime;][\/vc_column][\/vc_row][vc_row max_row_content_width=\u00a0\u00bb100%\u00a0\u00bb row_content_width=\u00a0\u00bb100%\u00a0\u00bb bg_type=\u00a0\u00bbbg_color\u00a0\u00bb seperator_enable=\u00a0\u00bbseperator_enable_value\u00a0\u00bb seperator_type=\u00a0\u00bbxlarge_circle_seperator\u00a0\u00bb seperator_position=\u00a0\u00bbbottom_seperator\u00a0\u00bb seperator_svg_height=\u00a0\u00bb100&Prime; seperator_shape_background=\u00a0\u00bb#62c3d3&Prime; bg_color_value=\u00a0\u00bb#ffffff\u00a0\u00bb css=\u00a0\u00bb.vc_custom_1526310871207{padding-bottom: 120px !important;}\u00a0\u00bb][vc_column][vc_row_inner equal_height=\u00a0\u00bbyes\u00a0\u00bb content_placement=\u00a0\u00bbmiddle\u00a0\u00bb][vc_column_inner el_class=\u00a0\u00bbborderright noimg\u00a0\u00bb width=\u00a0\u00bb1\/2&Prime; offset=\u00a0\u00bbvc_col-lg-4 vc_col-md-4 vc_hidden-xs\u00a0\u00bb css=\u00a0\u00bb.vc_custom_1528882790735{margin-top: 0px !important;margin-right: 0px !important;margin-bottom: 0px !important;margin-left: 0px !important;padding-top: 0px !important;padding-right: 0px !important;padding-bottom: 0px !important;padding-left: 0px !important;}\u00a0\u00bb]<script>jQuery( document ).ready(function() {jQuery('.owl-imgcarousel69d58200b470e').owlCarousel({loop:true,nav:false,navText:[\"<i class=\\\"fa fa-arrow-left\\\" aria-hidden=\\\"true\\\"><\/i>\",\"<i class=\\\"fa fa-arrow-right\\\" aria-hidden=\\\"true\\\"><\/i>\"],dots:false,lazyLoad: true,autoplay:3000,responsive:{0:{items:1},768:{items:1},992:{items:1},1200:{items:1},1500:{items:1}}});});<\/script><style>.rolenzo_gal69d58200b470e  {margin:0px}@media (min-width:1500px){ .rolenzo_gal69d58200b470e {height:600px}}@media (min-width:1200px) and (max-width:1499px) { .rolenzo_gal69d58200b470e {height:600px}}@media (min-width:992px) and (max-width:1199px) {.rolenzo_gal69d58200b470e {height:500px}}@media (min-width:768px) and (max-width:991px) {.rolenzo_gal69d58200b470e {height:500px}}@media (max-width:767px) { .rolenzo_gal69d58200b470e {height:300px}}body .owl-imgcarousel69d58200b470e .owl-nav .owl-prev, body .owl-imgcarousel69d58200b470e .owl-nav .owl-next {background:; color: }body .owl-imgcarousel69d58200b470e .owl-nav .owl-prev:hover, body .owl-imgcarousel69d58200b470e .owl-nav .owl-next:hover {background:; color:}<\/style><div class=><div class=\"owl-carousel owl-theme owl-imgcarousel69d58200b470e\" ><div class=\"item\"><a   class=\"ilightbox69d58200b470e\"  href=\"https:\/\/hotelmaria.net\/wp-content\/uploads\/37596926.jpg\"  ><div data-src=\"https:\/\/hotelmaria.net\/wp-content\/uploads\/37596926-1024x768.jpg\" class=\"owl-lazy rolenzo_gal69d58200b470e hoverGal\" style=\"background:url(https:\/\/hotelmaria.net\/wp-content\/uploads\/37596926-1024x768.jpg) no-repeat center center \/cover;position:relative; \"> <div class=\"overlay\" style=\" background-color:;\">   <svg class=\"addSvg\" xmlns=\"http:\/\/www.w3.org\/2000\/svg\" xmlns:xlink=\"http:\/\/www.w3.org\/1999\/xlink\" version=\"1.1\" id=\"Capa_1\" x=\"0px\" y=\"0px\" viewBox=\"0 0 42 42\" style=\"enable-background:new 0 0 42 42;\" xml:space=\"preserve\"><polygon points=\"42,20 22,20 22,0 20,0 20,20 0,20 0,22 20,22 20,42 22,42 22,22 42,22 \" fill=\"\"\/><g><\/g><g><\/g><g><\/g><g><\/g><g><\/g><g><\/g><g><\/g><g><\/g><g><\/g><g><\/g><g><\/g><g><\/g><g><\/g><g><\/g><g><\/g><\/svg><\/div><\/div><\/a><\/div><div class=\"item\"><a   class=\"ilightbox69d58200b470e\"  href=\"https:\/\/hotelmaria.net\/wp-content\/uploads\/37596923.jpg\"  ><div data-src=\"https:\/\/hotelmaria.net\/wp-content\/uploads\/37596923-1024x768.jpg\" class=\"owl-lazy rolenzo_gal69d58200b470e hoverGal\" style=\"background:url(https:\/\/hotelmaria.net\/wp-content\/uploads\/37596923-1024x768.jpg) no-repeat center center \/cover;position:relative; \"> <div class=\"overlay\" style=\" background-color:;\">   <svg class=\"addSvg\" xmlns=\"http:\/\/www.w3.org\/2000\/svg\" xmlns:xlink=\"http:\/\/www.w3.org\/1999\/xlink\" version=\"1.1\" id=\"Capa_1\" x=\"0px\" y=\"0px\" viewBox=\"0 0 42 42\" style=\"enable-background:new 0 0 42 42;\" xml:space=\"preserve\"><polygon points=\"42,20 22,20 22,0 20,0 20,20 0,20 0,22 20,22 20,42 22,42 22,22 42,22 \" fill=\"\"\/><g><\/g><g><\/g><g><\/g><g><\/g><g><\/g><g><\/g><g><\/g><g><\/g><g><\/g><g><\/g><g><\/g><g><\/g><g><\/g><g><\/g><g><\/g><\/svg><\/div><\/div><\/a><\/div><div class=\"item\"><a   class=\"ilightbox69d58200b470e\"  href=\"https:\/\/hotelmaria.net\/wp-content\/uploads\/5996451.jpg\"  ><div data-src=\"https:\/\/hotelmaria.net\/wp-content\/uploads\/5996451.jpg\" class=\"owl-lazy rolenzo_gal69d58200b470e hoverGal\" style=\"background:url(https:\/\/hotelmaria.net\/wp-content\/uploads\/5996451.jpg) no-repeat center center \/cover;position:relative; \"> <div class=\"overlay\" style=\" background-color:;\">   <svg class=\"addSvg\" xmlns=\"http:\/\/www.w3.org\/2000\/svg\" xmlns:xlink=\"http:\/\/www.w3.org\/1999\/xlink\" version=\"1.1\" id=\"Capa_1\" x=\"0px\" y=\"0px\" viewBox=\"0 0 42 42\" style=\"enable-background:new 0 0 42 42;\" xml:space=\"preserve\"><polygon points=\"42,20 22,20 22,0 20,0 20,20 0,20 0,22 20,22 20,42 22,42 22,22 42,22 \" fill=\"\"\/><g><\/g><g><\/g><g><\/g><g><\/g><g><\/g><g><\/g><g><\/g><g><\/g><g><\/g><g><\/g><g><\/g><g><\/g><g><\/g><g><\/g><g><\/g><\/svg><\/div><\/div><\/a><\/div><div class=\"item\"><a   class=\"ilightbox69d58200b470e\"  href=\"https:\/\/hotelmaria.net\/wp-content\/uploads\/56282253.jpg\"  ><div data-src=\"https:\/\/hotelmaria.net\/wp-content\/uploads\/56282253-1024x768.jpg\" class=\"owl-lazy rolenzo_gal69d58200b470e hoverGal\" style=\"background:url(https:\/\/hotelmaria.net\/wp-content\/uploads\/56282253-1024x768.jpg) no-repeat center center \/cover;position:relative; \"> <div class=\"overlay\" style=\" background-color:;\">   <svg class=\"addSvg\" xmlns=\"http:\/\/www.w3.org\/2000\/svg\" xmlns:xlink=\"http:\/\/www.w3.org\/1999\/xlink\" version=\"1.1\" id=\"Capa_1\" x=\"0px\" y=\"0px\" viewBox=\"0 0 42 42\" style=\"enable-background:new 0 0 42 42;\" xml:space=\"preserve\"><polygon points=\"42,20 22,20 22,0 20,0 20,20 0,20 0,22 20,22 20,42 22,42 22,22 42,22 \" fill=\"\"\/><g><\/g><g><\/g><g><\/g><g><\/g><g><\/g><g><\/g><g><\/g><g><\/g><g><\/g><g><\/g><g><\/g><g><\/g><g><\/g><g><\/g><g><\/g><\/svg><\/div><\/div><\/a><\/div><div class=\"item\"><a   class=\"ilightbox69d58200b470e\"  href=\"https:\/\/hotelmaria.net\/wp-content\/uploads\/1390434205b694071dcbbc61fc90f07565517e4480.jpg\"  ><div data-src=\"https:\/\/hotelmaria.net\/wp-content\/uploads\/1390434205b694071dcbbc61fc90f07565517e4480.jpg\" class=\"owl-lazy rolenzo_gal69d58200b470e hoverGal\" style=\"background:url(https:\/\/hotelmaria.net\/wp-content\/uploads\/1390434205b694071dcbbc61fc90f07565517e4480.jpg) no-repeat center center \/cover;position:relative; \"> <div class=\"overlay\" style=\" background-color:;\">   <svg class=\"addSvg\" xmlns=\"http:\/\/www.w3.org\/2000\/svg\" xmlns:xlink=\"http:\/\/www.w3.org\/1999\/xlink\" version=\"1.1\" id=\"Capa_1\" x=\"0px\" y=\"0px\" viewBox=\"0 0 42 42\" style=\"enable-background:new 0 0 42 42;\" xml:space=\"preserve\"><polygon points=\"42,20 22,20 22,0 20,0 20,20 0,20 0,22 20,22 20,42 22,42 22,22 42,22 \" fill=\"\"\/><g><\/g><g><\/g><g><\/g><g><\/g><g><\/g><g><\/g><g><\/g><g><\/g><g><\/g><g><\/g><g><\/g><g><\/g><g><\/g><g><\/g><g><\/g><\/svg><\/div><\/div><\/a><\/div><\/div><\/div><script>jQuery('.ilightbox69d58200b470e').iLightBox({skin: 'metro-black',path: 'horizontal',controls: {toolbar: true,arrows: true,fullscreen: true,thumbnail: true,keyboard: true,mousewheel: true,swipe: true},caption: {start: false,}});<\/script>[\/vc_column_inner][vc_column_inner el_class=\u00a0\u00bbwow fadeIn\u00a0\u00bb width=\u00a0\u00bb1\/2&Prime; offset=\u00a0\u00bbvc_col-lg-4 vc_col-md-4 vc_col-xs-12&Prime; css=\u00a0\u00bb.vc_custom_1528882795399{padding-top: 50px !important;padding-right: 50px !important;padding-bottom: 50px !important;padding-left: 50px !important;}\u00a0\u00bb][vc_custom_heading text=\u00a0\u00bbHotel Maria &#8211; Pineto\u00a0\u00bb font_container=\u00a0\u00bbtag:h1|text_align:center\u00a0\u00bb use_theme_fonts=\u00a0\u00bbyes\u00a0\u00bb][vc_separator color=\u00a0\u00bbcustom\u00a0\u00bb accent_color=\u00a0\u00bb#164358&Prime; el_class=\u00a0\u00bbseparatore\u00a0\u00bb css=\u00a0\u00bb.vc_custom_1523357198229{margin-top: 20px !important;margin-bottom: 20px !important;}\u00a0\u00bb][vc_column_text]<\/p>\n<p class=\"bolditalic\" style=\"text-align: center;\"><em>Entre le Nord et le Sud se trouvent la merveille des Abruzzes, la mer de Pineto et la tranquillit\u00e9 de l\u2019H\u00f4tel Maria<\/em><\/p>\n<p style=\"text-align: center;\"><strong>L\u2019h\u00f4tel Maria, un 3 \u00e9toiles pr\u00e8s de Pineto,<\/strong>\u00a0se trouve sur une tranquille et jolie petite colline avec vue sur la Riviera Adriatique des Abruzzes.<\/p>\n<p>[\/vc_column_text][vc_btn title=\u00a0\u00bbEn savoir plus\u00a0\u00bb style=\u00a0\u00bbcustom\u00a0\u00bb custom_background=\u00a0\u00bb#67acc2&Prime; custom_text=\u00a0\u00bb#ffffff\u00a0\u00bb shape=\u00a0\u00bbround\u00a0\u00bb align=\u00a0\u00bbcenter\u00a0\u00bb link=\u00a0\u00bburl:https%3A%2F%2Fhotelmaria.net%2Ffr%2Fhotel%2F|||\u00a0\u00bb][\/vc_column_inner][vc_column_inner el_class=\u00a0\u00bbborderleft\u00a0\u00bb offset=\u00a0\u00bbvc_col-lg-4 vc_col-md-4 vc_col-xs-12&Prime; css=\u00a0\u00bb.vc_custom_1524067604692{padding-top: 50px !important;padding-right: 50px !important;padding-bottom: 50px !important;padding-left: 50px !important;background-image: url(http:\/\/hotelmaria.net\/wp-content\/uploads\/diagonalwaves.png?id=102) !important;}\u00a0\u00bb][vc_custom_heading text=\u00a0\u00bbPourquoi r\u00e9server avec nous?\u00a0\u00bb use_theme_fonts=\u00a0\u00bbyes\u00a0\u00bb][vc_separator color=\u00a0\u00bbcustom\u00a0\u00bb align=\u00a0\u00bbalign_left\u00a0\u00bb accent_color=\u00a0\u00bb#164358&Prime; el_class=\u00a0\u00bbseparatore\u00a0\u00bb css=\u00a0\u00bb.vc_custom_1523358194582{margin-top: 20px !important;margin-bottom: 20px !important;}\u00a0\u00bb]<div class=\"aio-icon-component    style_1\"><div id=\"Info-box-wrap-1189\" class=\"aio-icon-box default-icon\" style=\"\"  ><div class=\"aio-icon-default\"><div class=\"ult-just-icon-wrapper  \"><div class=\"align-icon\" style=\"text-align:center;\">\n<div class=\"aio-icon-img \" style=\"font-size:48px;display:inline-block;\" >\n\t<img decoding=\"async\" class=\"img-icon\" alt=\"null\" src=\"https:\/\/hotelmaria.net\/wp-content\/uploads\/music-social-group.png\"\/>\n<\/div><\/div><\/div><\/div><div class=\"aio-icon-header\" ><h4 class=\"aio-icon-title ult-responsive\"  data-ultimate-target='#Info-box-wrap-1189 .aio-icon-title'  data-responsive-json-new='{\"font-size\":\"\",\"line-height\":\"\"}'  style=\"\">Gestion familiale<\/h4><\/div> <!-- header --><\/div> <!-- aio-icon-box --><\/div> <!-- aio-icon-component --><div class=\"aio-icon-component    style_1\"><a class=\"aio-icon-box-link\" href=\"http:\/\/hotelmaria.net\/servizi\/\" ><div id=\"Info-box-wrap-7730\" class=\"aio-icon-box default-icon\" style=\"\"  ><div class=\"aio-icon-default\"><div class=\"ult-just-icon-wrapper  \"><div class=\"align-icon\" style=\"text-align:center;\">\n<div class=\"aio-icon-img \" style=\"font-size:48px;display:inline-block;\" >\n\t<img decoding=\"async\" class=\"img-icon\" alt=\"null\" src=\"https:\/\/hotelmaria.net\/wp-content\/uploads\/handshake.png\"\/>\n<\/div><\/div><\/div><\/div><div class=\"aio-icon-header\" ><h4 class=\"aio-icon-title ult-responsive\"  data-ultimate-target='#Info-box-wrap-7730 .aio-icon-title'  data-responsive-json-new='{\"font-size\":\"\",\"line-height\":\"\"}'  style=\"\">De nombreux services<\/h4><\/div> <!-- header --><\/div> <!-- aio-icon-box --><\/a><\/div> <!-- aio-icon-component --><div class=\"aio-icon-component    style_1\"><a class=\"aio-icon-box-link\" href=\"http:\/\/hotelmaria.net\/cucina\/\" ><div id=\"Info-box-wrap-3458\" class=\"aio-icon-box default-icon\" style=\"\"  ><div class=\"aio-icon-default\"><div class=\"ult-just-icon-wrapper  \"><div class=\"align-icon\" style=\"text-align:center;\">\n<div class=\"aio-icon-img \" style=\"font-size:48px;display:inline-block;\" >\n\t<img decoding=\"async\" class=\"img-icon\" alt=\"null\" src=\"https:\/\/hotelmaria.net\/wp-content\/uploads\/restaurant.png\"\/>\n<\/div><\/div><\/div><\/div><div class=\"aio-icon-header\" ><h4 class=\"aio-icon-title ult-responsive\"  data-ultimate-target='#Info-box-wrap-3458 .aio-icon-title'  data-responsive-json-new='{\"font-size\":\"\",\"line-height\":\"\"}'  style=\"\">Cuisine maison<\/h4><\/div> <!-- header --><\/div> <!-- aio-icon-box --><\/a><\/div> <!-- aio-icon-component --><div class=\"aio-icon-component    style_1\"><div id=\"Info-box-wrap-4628\" class=\"aio-icon-box default-icon\" style=\"\"  ><div class=\"aio-icon-default\"><div class=\"ult-just-icon-wrapper  \"><div class=\"align-icon\" style=\"text-align:center;\">\n<div class=\"aio-icon-img \" style=\"font-size:48px;display:inline-block;\" >\n\t<img decoding=\"async\" class=\"img-icon\" alt=\"null\" src=\"https:\/\/hotelmaria.net\/wp-content\/uploads\/charity.png\"\/>\n<\/div><\/div><\/div><\/div><div class=\"aio-icon-header\" ><h4 class=\"aio-icon-title ult-responsive\"  data-ultimate-target='#Info-box-wrap-4628 .aio-icon-title'  data-responsive-json-new='{\"font-size\":\"\",\"line-height\":\"\"}'  style=\"\">Environnement amical et familial<\/h4><\/div> <!-- header --><\/div> <!-- aio-icon-box --><\/div> <!-- aio-icon-component --><div class=\"aio-icon-component    style_1\"><div id=\"Info-box-wrap-1212\" class=\"aio-icon-box default-icon\" style=\"\"  ><div class=\"aio-icon-header\" ><h4 class=\"aio-icon-title ult-responsive\"  data-ultimate-target='#Info-box-wrap-1212 .aio-icon-title'  data-responsive-json-new='{\"font-size\":\"\",\"line-height\":\"\"}'  style=\"\">et bien plus encore ...<\/h4><\/div> <!-- header --><\/div> <!-- aio-icon-box --><\/div> <!-- aio-icon-component -->[\/vc_column_inner][\/vc_row_inner][vc_row_inner equal_height=\u00a0\u00bbyes\u00a0\u00bb content_placement=\u00a0\u00bbmiddle\u00a0\u00bb][vc_column_inner el_class=\u00a0\u00bbwow fadeIn whitefont\u00a0\u00bb offset=\u00a0\u00bbvc_col-lg-8 vc_col-md-8 vc_col-xs-12&Prime; css=\u00a0\u00bb.vc_custom_1524067533061{padding-top: 50px !important;padding-right: 50px !important;padding-bottom: 50px !important;padding-left: 50px !important;background-image: url(http:\/\/hotelmaria.net\/wp-content\/uploads\/wall.png?id=133) !important;background-position: 0 0 !important;background-repeat: repeat !important;}\u00a0\u00bb][vc_custom_heading text=\u00a0\u00bbChambres\u00a0\u00bb font_container=\u00a0\u00bbtag:h1|text_align:center|color:%23ffffff\u00a0\u00bb use_theme_fonts=\u00a0\u00bbyes\u00a0\u00bb][vc_separator color=\u00a0\u00bbcustom\u00a0\u00bb accent_color=\u00a0\u00bb#ffffff\u00a0\u00bb el_class=\u00a0\u00bbseparatore\u00a0\u00bb css=\u00a0\u00bb.vc_custom_1523365059271{margin-top: 20px !important;margin-bottom: 20px !important;}\u00a0\u00bb][vc_column_text]<\/p>\n<p class=\"bolditalic\" style=\"text-align: center;\"><em>Pensez \u00e0 la chance d\u2019\u00eatre \u00e0 la mer et d\u2019admirer le Grand Sasso<\/em><\/p>\n<p style=\"text-align: center;\">Dans les 23 chambres de\u00a0<strong class=\"paragrafo\">l\u2019h\u00f4tel Maria<\/strong>\u00a0pr\u00e8s de Pineto, vous trouverez l\u2019\u00e9l\u00e9gance des meubles, la pr\u00e9sence de grand confort et surtout le balcon avec une vue vraiment enthousiasmante, \u00e9tant donn\u00e9 que le territoire alentour est un tr\u00e8s beau m\u00e9lange entre mer, colline, vignes et oliveraies. Sachez que depuis certaines chambres vous pourrez m\u00eame apercevoir le Grand Sasso, tr\u00e9sor des Abruzzes.<\/p>\n<p>[\/vc_column_text][vc_btn title=\u00a0\u00bbEn savoir plus\u00a0\u00bb style=\u00a0\u00bbcustom\u00a0\u00bb custom_background=\u00a0\u00bb#67acc2&Prime; custom_text=\u00a0\u00bb#ffffff\u00a0\u00bb shape=\u00a0\u00bbround\u00a0\u00bb align=\u00a0\u00bbcenter\u00a0\u00bb link=\u00a0\u00bburl:https%3A%2F%2Fhotelmaria.net%2Ffr%2Fchambres%2F|||\u00a0\u00bb][\/vc_column_inner][vc_column_inner el_class=\u00a0\u00bbwhitefont\u00a0\u00bb offset=\u00a0\u00bbvc_col-lg-4 vc_col-md-4 vc_col-xs-12&Prime; css=\u00a0\u00bb.vc_custom_1526313671706{padding-top: 50px !important;padding-right: 50px !important;padding-bottom: 50px !important;padding-left: 50px !important;background-color: #01733c !important;background-position: center !important;background-repeat: no-repeat !important;background-size: cover !important;}\u00a0\u00bb]<script>jQuery( document ).ready(function() {jQuery('.owl-testimonial').owlCarousel({loop:false,margin:20,nav:true,navText:[\"<i class=\\\"fa fa-arrow-left\\\" aria-hidden=\\\"true\\\"><\/i>\",\"<i class=\\\"fa fa-arrow-right\\\" aria-hidden=\\\"true\\\"><\/i>\"],dots:false,autoplay: true,autoplayTimeout:5000,autoplayHoverPause:true,responsive:{0:{items:1},768:{items:1},992:{items:1},1200:{items:1},1500:{items:1}}});});<\/script><style>body .owl-testimonial .owl-nav .owl-prev, body .owl-testimonial .owl-nav .owl-next {background:#67acc2; color: #ffffff}body .owl-testimonial .owl-nav .owl-prev:hover, body .owl-testimonial .owl-nav .owl-next:hover {background:#67acc2; color:#ffffff}body .testimonial-star .fa {color:#ffffff}<\/style><div class=><div class=\"owl-carousel owl-theme owl-testimonial\"><div class=\"item\"><img src='https:\/\/hotelmaria.net\/wp-content\/themes\/rolenzo\/shortcodes\/img\/tripadvisor.png' class='testimonial-tripadvisor testimonial-image'\/><h3>Da non perdere....<\/h3> <p class=\"testimonial-content\">\u00c9 come sentirsi a casa.... cordialit\u00e0 ospitalit\u00e0 e disponibilit\u00e0 di tutto lo staff. Camere pulite e comode. Ottima la cucina... Vengo spesso a Pescara per lavoro e non posso non pernottare all'Hotel Maria.<\/p><p class=\"testimonial-name\"><em>Massimiliano T<\/em><\/p><\/div><div class=\"item\"><img src='https:\/\/hotelmaria.net\/wp-content\/themes\/rolenzo\/shortcodes\/img\/tripadvisor.png' class='testimonial-tripadvisor testimonial-image'\/><h3>Vacanza super<\/h3> <p class=\"testimonial-content\">Non si pu\u00f2 desiderare di pi\u00f9: accoglienza, pulizia, cordialit\u00e0, disponibilit\u00e0, gentilezza, cibo fantastico, festa in piscina super lo consiglio per grandi e piccini da ritornare complimenti ancora a Ovidio Loredana e a tutto lo staff continuate cos\u00ec' grazie ancora da Nicola Gloria Maria Luca Roberta e Aurora da Cavarzere (VE)<\/p><p class=\"testimonial-name\"><em>marangoninicola<\/em><\/p><\/div><div class=\"item\"><img src='https:\/\/hotelmaria.net\/wp-content\/themes\/rolenzo\/shortcodes\/img\/tripadvisor.png' class='testimonial-tripadvisor testimonial-image'\/><h3>Ottima vacanza<\/h3> <p class=\"testimonial-content\">Ho trascorso le vacanze presso l'hotel Maria di Pineto nel mese di luglio 2017. La mia esperienza \u00e8 stata molto positiva. Ottima qualit\u00e0 servizi \/prezzo; responsabili dell'albero molto affabili; personale estremamente cortese e disponibile; Consiglio di soggiornare in questa struttura. Domenico da Torino<\/p><p class=\"testimonial-name\"><em>mariarinald0<\/em><\/p><\/div><div class=\"item\"><img src='https:\/\/hotelmaria.net\/wp-content\/themes\/rolenzo\/shortcodes\/img\/tripadvisor.png' class='testimonial-tripadvisor testimonial-image'\/><h3>Ottimo 3 stelle!<\/h3> <p class=\"testimonial-content\">Personale gentilissimo e disponibile;piscina non molto grande ma con uno scivolo fantastico,se avete dei bambini un p\u00f2 spericolati ne rimarranno entusiasti! Buono il ristorante.Veramente un soggiorno piacevole.<\/p><p class=\"testimonial-name\"><em>Soniettasun<\/em><\/p><\/div><div class=\"item\"><img src='https:\/\/hotelmaria.net\/wp-content\/themes\/rolenzo\/shortcodes\/img\/tripadvisor.png' class='testimonial-tripadvisor testimonial-image'\/><h3>Posto tranquillo e prezzo onesto<\/h3> <p class=\"testimonial-content\">Camere pulite e munite di Wi-Fi, Sky e condizionatori. Piscina in hotel e ombrellone in spiaggia (con rispettivo servizio navetta) inclusi nel prezzo. Colazione abbondante. Per pranzo e cena prodotti ottimi a prezzi molto onesti. Davvero consigliato anche a famiglie con bambini.<\/p><p class=\"testimonial-name\"><em>Andrea O<\/em><\/p><\/div><\/div><\/div>[\/vc_column_inner][\/vc_row_inner][\/vc_column][\/vc_row]<\/p>\n<\/div>","protected":false},"excerpt":{"rendered":"<p>[vc_row max_row_content_width=\u00a0\u00bb100%\u00a0\u00bb row_content_width=\u00a0\u00bb100%\u00a0\u00bb css=\u00a0\u00bb.vc_custom_1524067169680{background-color: #f9f9f9 !important;}\u00a0\u00bb][vc_column][rev_slider_vc alias=\u00a0\u00bbhome\u00a0\u00bb el_class=\u00a0\u00bbmarginzero\u00a0\u00bb][\/vc_column][\/vc_row][vc_row max_row_content_width=\u00a0\u00bb100%\u00a0\u00bb row_content_width=\u00a0\u00bb100%\u00a0\u00bb bg_type=\u00a0\u00bbbg_color\u00a0\u00bb seperator_enable=\u00a0\u00bbseperator_enable_value\u00a0\u00bb seperator_type=\u00a0\u00bbxlarge_circle_seperator\u00a0\u00bb seperator_position=\u00a0\u00bbbottom_seperator\u00a0\u00bb seperator_svg_height=\u00a0\u00bb100&Prime; seperator_shape_background=\u00a0\u00bb#ffffff\u00a0\u00bb css=\u00a0\u00bb.vc_custom_1526310838757{padding-top: 50px !important;padding-right: 50px !important;padding-bottom: 50px !important;padding-left: 50px !important;}\u00a0\u00bb bg_color_value=\u00a0\u00bb#dddddd\u00a0\u00bb][vc_column][vc_custom_heading text=\u00a0\u00bbOffres et \u00e9v\u00e9nements\u00a0\u00bb font_container=\u00a0\u00bbtag:h2|text_align:center\u00a0\u00bb use_theme_fonts=\u00a0\u00bbyes\u00a0\u00bb][vc_separator color=\u00a0\u00bbcustom\u00a0\u00bb accent_color=\u00a0\u00bb#164358&Prime; el_class=\u00a0\u00bbseparatore\u00a0\u00bb css=\u00a0\u00bb.vc_custom_1523367825688{margin-top: 20px !important;margin-bottom: 20px !important;}\u00a0\u00bb][\/vc_column][vc_column offset=\u00a0\u00bbvc_hidden-sm vc_hidden-xs\u00a0\u00bb][vc_basic_grid post_type=\u00a0\u00bbofferte\u00a0\u00bb max_items=\u00a0\u00bb10&Prime; style=\u00a0\u00bbpagination\u00a0\u00bb items_per_page=\u00a0\u00bb4&Prime; element_width=\u00a0\u00bb3&Prime; gap=\u00a0\u00bb5&Prime; arrows_design=\u00a0\u00bbvc_arrow-icon-arrow_03_left\u00a0\u00bb arrows_color=\u00a0\u00bbgrey\u00a0\u00bb paging_color=\u00a0\u00bbblack\u00a0\u00bb loop=\u00a0\u00bbyes\u00a0\u00bb item=\u00a0\u00bb187&Prime; grid_id=\u00a0\u00bbvc_gid:1582387405908-c1b38106-7c93-8&Prime;][\/vc_column][vc_column offset=\u00a0\u00bbvc_hidden-lg vc_hidden-md &hellip; <a href=\"https:\/\/hotelmaria.net\/fr\/\" class=\"more-link\">Continuer la lecture<span class=\"screen-reader-text\"> de &laquo;&nbsp;Home&nbsp;&raquo;<\/span><\/a><\/p>\n","protected":false},"author":1,"featured_media":0,"parent":0,"menu_order":0,"comment_status":"closed","ping_status":"closed","template":"","meta":{"footnotes":""},"_links":{"self":[{"href":"https:\/\/hotelmaria.net\/fr\/wp-json\/wp\/v2\/pages\/873"}],"collection":[{"href":"https:\/\/hotelmaria.net\/fr\/wp-json\/wp\/v2\/pages"}],"about":[{"href":"https:\/\/hotelmaria.net\/fr\/wp-json\/wp\/v2\/types\/page"}],"author":[{"embeddable":true,"href":"https:\/\/hotelmaria.net\/fr\/wp-json\/wp\/v2\/users\/1"}],"replies":[{"embeddable":true,"href":"https:\/\/hotelmaria.net\/fr\/wp-json\/wp\/v2\/comments?post=873"}],"version-history":[{"count":6,"href":"https:\/\/hotelmaria.net\/fr\/wp-json\/wp\/v2\/pages\/873\/revisions"}],"predecessor-version":[{"id":1061,"href":"https:\/\/hotelmaria.net\/fr\/wp-json\/wp\/v2\/pages\/873\/revisions\/1061"}],"wp:attachment":[{"href":"https:\/\/hotelmaria.net\/fr\/wp-json\/wp\/v2\/media?parent=873"}],"curies":[{"name":"wp","href":"https:\/\/api.w.org\/{rel}","templated":true}]}}