{"id":826,"date":"2017-07-24T11:14:41","date_gmt":"2017-07-24T09:14:41","guid":{"rendered":"http:\/\/hotelmaria.net\/home\/"},"modified":"2020-02-23T02:45:12","modified_gmt":"2020-02-23T01:45:12","slug":"home","status":"publish","type":"page","link":"https:\/\/hotelmaria.net\/en\/","title":{"rendered":"Home"},"content":{"rendered":"<div class=\"wpb-content-wrapper\"><p>[vc_row max_row_content_width=&#8221;100%&#8221; row_content_width=&#8221;100%&#8221; css=&#8221;.vc_custom_1524067169680{background-color: #f9f9f9 !important;}&#8221;][vc_column]<div class=\"ult-spacer spacer-69ded3989e0da\" data-id=\"69ded3989e0da\" data-height=\"151\" data-height-mobile=\"0\" data-height-tab=\"108\" data-height-tab-portrait=\"108\" data-height-mobile-landscape=\"0\" style=\"clear:both;display:block;\"><\/div>[rev_slider_vc alias=&#8221;home&#8221; el_class=&#8221;marginzero&#8221;][\/vc_column][\/vc_row][vc_row max_row_content_width=&#8221;100%&#8221; row_content_width=&#8221;100%&#8221; bg_type=&#8221;bg_color&#8221; seperator_enable=&#8221;seperator_enable_value&#8221; seperator_type=&#8221;xlarge_circle_seperator&#8221; seperator_position=&#8221;bottom_seperator&#8221; seperator_svg_height=&#8221;100&#8243; seperator_shape_background=&#8221;#ffffff&#8221; css=&#8221;.vc_custom_1526310838757{padding-top: 50px !important;padding-right: 50px !important;padding-bottom: 50px !important;padding-left: 50px !important;}&#8221; bg_color_value=&#8221;#dddddd&#8221;][vc_column][vc_custom_heading text=&#8221;Offers &amp; Events&#8221; font_container=&#8221;tag:h2|text_align:center&#8221; use_theme_fonts=&#8221;yes&#8221;][vc_separator color=&#8221;custom&#8221; accent_color=&#8221;#164358&#8243; el_class=&#8221;separatore&#8221; css=&#8221;.vc_custom_1523367825688{margin-top: 20px !important;margin-bottom: 20px !important;}&#8221;][\/vc_column][vc_column offset=&#8221;vc_hidden-sm vc_hidden-xs&#8221;][vc_basic_grid post_type=&#8221;offerte&#8221; max_items=&#8221;10&#8243; style=&#8221;pagination&#8221; items_per_page=&#8221;4&#8243; element_width=&#8221;3&#8243; gap=&#8221;5&#8243; arrows_design=&#8221;vc_arrow-icon-arrow_03_left&#8221; arrows_color=&#8221;grey&#8221; paging_color=&#8221;black&#8221; loop=&#8221;yes&#8221; item=&#8221;187&#8243; grid_id=&#8221;vc_gid:1582422241748-3f21637a-67c6-8&#8243;][\/vc_column][vc_column offset=&#8221;vc_hidden-lg vc_hidden-md vc_hidden-xs&#8221;][vc_basic_grid post_type=&#8221;offerte&#8221; max_items=&#8221;-1&#8243; style=&#8221;pagination&#8221; items_per_page=&#8221;2&#8243; element_width=&#8221;6&#8243; gap=&#8221;5&#8243; arrows_design=&#8221;vc_arrow-icon-arrow_03_left&#8221; arrows_color=&#8221;grey&#8221; paging_color=&#8221;black&#8221; loop=&#8221;yes&#8221; item=&#8221;187&#8243; grid_id=&#8221;vc_gid:1582422241750-dec020ec-3cb8-10&#8243;][\/vc_column][vc_column offset=&#8221;vc_hidden-lg vc_hidden-md vc_hidden-sm&#8221;][vc_basic_grid post_type=&#8221;offerte&#8221; max_items=&#8221;-1&#8243; style=&#8221;pagination&#8221; items_per_page=&#8221;1&#8243; element_width=&#8221;12&#8243; gap=&#8221;5&#8243; arrows_design=&#8221;vc_arrow-icon-arrow_03_left&#8221; arrows_color=&#8221;grey&#8221; paging_color=&#8221;black&#8221; loop=&#8221;yes&#8221; item=&#8221;187&#8243; grid_id=&#8221;vc_gid:1582422241751-69607db7-82d4-8&#8243;][\/vc_column][\/vc_row][vc_row max_row_content_width=&#8221;100%&#8221; row_content_width=&#8221;100%&#8221; bg_type=&#8221;bg_color&#8221; seperator_enable=&#8221;seperator_enable_value&#8221; seperator_type=&#8221;xlarge_circle_seperator&#8221; seperator_position=&#8221;bottom_seperator&#8221; seperator_svg_height=&#8221;100&#8243; seperator_shape_background=&#8221;#62c3d3&#8243; bg_color_value=&#8221;#ffffff&#8221; css=&#8221;.vc_custom_1526310871207{padding-bottom: 120px !important;}&#8221;][vc_column][vc_row_inner equal_height=&#8221;yes&#8221; content_placement=&#8221;middle&#8221;][vc_column_inner el_class=&#8221;borderright noimg&#8221; width=&#8221;1\/2&#8243; offset=&#8221;vc_col-lg-4 vc_col-md-4 vc_hidden-xs&#8221; css=&#8221;.vc_custom_1528882728065{margin-top: 0px !important;margin-right: 0px !important;margin-bottom: 0px !important;margin-left: 0px !important;padding-top: 0px !important;padding-right: 0px !important;padding-bottom: 0px !important;padding-left: 0px !important;}&#8221;]<script>jQuery( document ).ready(function() {jQuery('.owl-imgcarousel69ded3989e16a').owlCarousel({loop:true,nav:false,navText:[\"<i class=\\\"fa fa-arrow-left\\\" aria-hidden=\\\"true\\\"><\/i>\",\"<i class=\\\"fa fa-arrow-right\\\" aria-hidden=\\\"true\\\"><\/i>\"],dots:false,lazyLoad: true,autoplay:3000,responsive:{0:{items:1},768:{items:1},992:{items:1},1200:{items:1},1500:{items:1}}});});<\/script><style>.rolenzo_gal69ded3989e16a  {margin:0px}@media (min-width:1500px){ .rolenzo_gal69ded3989e16a {height:600px}}@media (min-width:1200px) and (max-width:1499px) { .rolenzo_gal69ded3989e16a {height:600px}}@media (min-width:992px) and (max-width:1199px) {.rolenzo_gal69ded3989e16a {height:500px}}@media (min-width:768px) and (max-width:991px) {.rolenzo_gal69ded3989e16a {height:500px}}@media (max-width:767px) { .rolenzo_gal69ded3989e16a {height:300px}}body .owl-imgcarousel69ded3989e16a .owl-nav .owl-prev, body .owl-imgcarousel69ded3989e16a .owl-nav .owl-next {background:; color: }body .owl-imgcarousel69ded3989e16a .owl-nav .owl-prev:hover, body .owl-imgcarousel69ded3989e16a .owl-nav .owl-next:hover {background:; color:}<\/style><div class=><div class=\"owl-carousel owl-theme owl-imgcarousel69ded3989e16a\" ><div class=\"item\"><a   class=\"ilightbox69ded3989e16a\"  href=\"https:\/\/hotelmaria.net\/wp-content\/uploads\/37596926.jpg\"  ><div data-src=\"https:\/\/hotelmaria.net\/wp-content\/uploads\/37596926-1024x768.jpg\" class=\"owl-lazy rolenzo_gal69ded3989e16a hoverGal\" style=\"background:url(https:\/\/hotelmaria.net\/wp-content\/uploads\/37596926-1024x768.jpg) no-repeat center center \/cover;position:relative; \"> <div class=\"overlay\" style=\" background-color:;\">   <svg class=\"addSvg\" xmlns=\"http:\/\/www.w3.org\/2000\/svg\" xmlns:xlink=\"http:\/\/www.w3.org\/1999\/xlink\" version=\"1.1\" id=\"Capa_1\" x=\"0px\" y=\"0px\" viewBox=\"0 0 42 42\" style=\"enable-background:new 0 0 42 42;\" xml:space=\"preserve\"><polygon points=\"42,20 22,20 22,0 20,0 20,20 0,20 0,22 20,22 20,42 22,42 22,22 42,22 \" fill=\"\"\/><g><\/g><g><\/g><g><\/g><g><\/g><g><\/g><g><\/g><g><\/g><g><\/g><g><\/g><g><\/g><g><\/g><g><\/g><g><\/g><g><\/g><g><\/g><\/svg><\/div><\/div><\/a><\/div><div class=\"item\"><a   class=\"ilightbox69ded3989e16a\"  href=\"https:\/\/hotelmaria.net\/wp-content\/uploads\/37596923.jpg\"  ><div data-src=\"https:\/\/hotelmaria.net\/wp-content\/uploads\/37596923-1024x768.jpg\" class=\"owl-lazy rolenzo_gal69ded3989e16a hoverGal\" style=\"background:url(https:\/\/hotelmaria.net\/wp-content\/uploads\/37596923-1024x768.jpg) no-repeat center center \/cover;position:relative; \"> <div class=\"overlay\" style=\" background-color:;\">   <svg class=\"addSvg\" xmlns=\"http:\/\/www.w3.org\/2000\/svg\" xmlns:xlink=\"http:\/\/www.w3.org\/1999\/xlink\" version=\"1.1\" id=\"Capa_1\" x=\"0px\" y=\"0px\" viewBox=\"0 0 42 42\" style=\"enable-background:new 0 0 42 42;\" xml:space=\"preserve\"><polygon points=\"42,20 22,20 22,0 20,0 20,20 0,20 0,22 20,22 20,42 22,42 22,22 42,22 \" fill=\"\"\/><g><\/g><g><\/g><g><\/g><g><\/g><g><\/g><g><\/g><g><\/g><g><\/g><g><\/g><g><\/g><g><\/g><g><\/g><g><\/g><g><\/g><g><\/g><\/svg><\/div><\/div><\/a><\/div><div class=\"item\"><a   class=\"ilightbox69ded3989e16a\"  href=\"https:\/\/hotelmaria.net\/wp-content\/uploads\/5996451.jpg\"  ><div data-src=\"https:\/\/hotelmaria.net\/wp-content\/uploads\/5996451.jpg\" class=\"owl-lazy rolenzo_gal69ded3989e16a hoverGal\" style=\"background:url(https:\/\/hotelmaria.net\/wp-content\/uploads\/5996451.jpg) no-repeat center center \/cover;position:relative; \"> <div class=\"overlay\" style=\" background-color:;\">   <svg class=\"addSvg\" xmlns=\"http:\/\/www.w3.org\/2000\/svg\" xmlns:xlink=\"http:\/\/www.w3.org\/1999\/xlink\" version=\"1.1\" id=\"Capa_1\" x=\"0px\" y=\"0px\" viewBox=\"0 0 42 42\" style=\"enable-background:new 0 0 42 42;\" xml:space=\"preserve\"><polygon points=\"42,20 22,20 22,0 20,0 20,20 0,20 0,22 20,22 20,42 22,42 22,22 42,22 \" fill=\"\"\/><g><\/g><g><\/g><g><\/g><g><\/g><g><\/g><g><\/g><g><\/g><g><\/g><g><\/g><g><\/g><g><\/g><g><\/g><g><\/g><g><\/g><g><\/g><\/svg><\/div><\/div><\/a><\/div><div class=\"item\"><a   class=\"ilightbox69ded3989e16a\"  href=\"https:\/\/hotelmaria.net\/wp-content\/uploads\/56282253.jpg\"  ><div data-src=\"https:\/\/hotelmaria.net\/wp-content\/uploads\/56282253-1024x768.jpg\" class=\"owl-lazy rolenzo_gal69ded3989e16a hoverGal\" style=\"background:url(https:\/\/hotelmaria.net\/wp-content\/uploads\/56282253-1024x768.jpg) no-repeat center center \/cover;position:relative; \"> <div class=\"overlay\" style=\" background-color:;\">   <svg class=\"addSvg\" xmlns=\"http:\/\/www.w3.org\/2000\/svg\" xmlns:xlink=\"http:\/\/www.w3.org\/1999\/xlink\" version=\"1.1\" id=\"Capa_1\" x=\"0px\" y=\"0px\" viewBox=\"0 0 42 42\" style=\"enable-background:new 0 0 42 42;\" xml:space=\"preserve\"><polygon points=\"42,20 22,20 22,0 20,0 20,20 0,20 0,22 20,22 20,42 22,42 22,22 42,22 \" fill=\"\"\/><g><\/g><g><\/g><g><\/g><g><\/g><g><\/g><g><\/g><g><\/g><g><\/g><g><\/g><g><\/g><g><\/g><g><\/g><g><\/g><g><\/g><g><\/g><\/svg><\/div><\/div><\/a><\/div><div class=\"item\"><a   class=\"ilightbox69ded3989e16a\"  href=\"https:\/\/hotelmaria.net\/wp-content\/uploads\/1390434205b694071dcbbc61fc90f07565517e4480.jpg\"  ><div data-src=\"https:\/\/hotelmaria.net\/wp-content\/uploads\/1390434205b694071dcbbc61fc90f07565517e4480.jpg\" class=\"owl-lazy rolenzo_gal69ded3989e16a hoverGal\" style=\"background:url(https:\/\/hotelmaria.net\/wp-content\/uploads\/1390434205b694071dcbbc61fc90f07565517e4480.jpg) no-repeat center center \/cover;position:relative; \"> <div class=\"overlay\" style=\" background-color:;\">   <svg class=\"addSvg\" xmlns=\"http:\/\/www.w3.org\/2000\/svg\" xmlns:xlink=\"http:\/\/www.w3.org\/1999\/xlink\" version=\"1.1\" id=\"Capa_1\" x=\"0px\" y=\"0px\" viewBox=\"0 0 42 42\" style=\"enable-background:new 0 0 42 42;\" xml:space=\"preserve\"><polygon points=\"42,20 22,20 22,0 20,0 20,20 0,20 0,22 20,22 20,42 22,42 22,22 42,22 \" fill=\"\"\/><g><\/g><g><\/g><g><\/g><g><\/g><g><\/g><g><\/g><g><\/g><g><\/g><g><\/g><g><\/g><g><\/g><g><\/g><g><\/g><g><\/g><g><\/g><\/svg><\/div><\/div><\/a><\/div><\/div><\/div><script>jQuery('.ilightbox69ded3989e16a').iLightBox({skin: 'metro-black',path: 'horizontal',controls: {toolbar: true,arrows: true,fullscreen: true,thumbnail: true,keyboard: true,mousewheel: true,swipe: true},caption: {start: false,}});<\/script>[\/vc_column_inner][vc_column_inner el_class=&#8221;wow fadeIn&#8221; width=&#8221;1\/2&#8243; offset=&#8221;vc_col-lg-4 vc_col-md-4 vc_col-xs-12&#8243; css=&#8221;.vc_custom_1528882733092{padding-top: 50px !important;padding-right: 50px !important;padding-bottom: 50px !important;padding-left: 50px !important;}&#8221;][vc_custom_heading text=&#8221;Hotel Maria a Pineto&#8221; font_container=&#8221;tag:h1|text_align:center&#8221; use_theme_fonts=&#8221;yes&#8221;][vc_separator color=&#8221;custom&#8221; accent_color=&#8221;#164358&#8243; el_class=&#8221;separatore&#8221; css=&#8221;.vc_custom_1523357198229{margin-top: 20px !important;margin-bottom: 20px !important;}&#8221;][vc_column_text]<\/p>\n<p class=\"bolditalic\" style=\"text-align: center;\"><strong>Between the North and South you can find the marvel of Abruzzo, the Pineto sea and the peace of Hotel Maria<\/strong><\/p>\n<p style=\"text-align: center;\"><strong class=\"evidenziato\">The 3-star Hotel Maria near Pineto is located<\/strong>\u00a0on a quiet and enchanting overlooking the Abruzzo Adriatic Riviera.<\/p>\n<p>[\/vc_column_text][vc_btn title=&#8221;Read more&#8221; style=&#8221;custom&#8221; custom_background=&#8221;#67acc2&#8243; custom_text=&#8221;#ffffff&#8221; shape=&#8221;round&#8221; align=&#8221;center&#8221; link=&#8221;url:https%3A%2F%2Fhotelmaria.net%2Fen%2Fhotel%2F|||&#8221;][\/vc_column_inner][vc_column_inner el_class=&#8221;borderleft&#8221; offset=&#8221;vc_col-lg-4 vc_col-md-4 vc_col-xs-12&#8243; css=&#8221;.vc_custom_1524067604692{padding-top: 50px !important;padding-right: 50px !important;padding-bottom: 50px !important;padding-left: 50px !important;background-image: url(http:\/\/hotelmaria.net\/wp-content\/uploads\/diagonalwaves.png?id=102) !important;}&#8221;][vc_custom_heading text=&#8221;Why book with us?&#8221; use_theme_fonts=&#8221;yes&#8221;][vc_separator color=&#8221;custom&#8221; align=&#8221;align_left&#8221; accent_color=&#8221;#164358&#8243; el_class=&#8221;separatore&#8221; css=&#8221;.vc_custom_1523358194582{margin-top: 20px !important;margin-bottom: 20px !important;}&#8221;]<div class=\"aio-icon-component    style_1\"><div id=\"Info-box-wrap-1684\" class=\"aio-icon-box default-icon\" style=\"\"  ><div class=\"aio-icon-default\"><div class=\"ult-just-icon-wrapper  \"><div class=\"align-icon\" style=\"text-align:center;\">\n<div class=\"aio-icon-img \" style=\"font-size:48px;display:inline-block;\" >\n\t<img decoding=\"async\" class=\"img-icon\" alt=\"null\" src=\"https:\/\/hotelmaria.net\/wp-content\/uploads\/music-social-group.png\"\/>\n<\/div><\/div><\/div><\/div><div class=\"aio-icon-header\" ><h4 class=\"aio-icon-title ult-responsive\"  data-ultimate-target='#Info-box-wrap-1684 .aio-icon-title'  data-responsive-json-new='{\"font-size\":\"\",\"line-height\":\"\"}'  style=\"\">Family management<\/h4><\/div> <!-- header --><\/div> <!-- aio-icon-box --><\/div> <!-- aio-icon-component --><div class=\"aio-icon-component    style_1\"><a class=\"aio-icon-box-link\" href=\"http:\/\/hotelmaria.net\/servizi\/\" ><div id=\"Info-box-wrap-5930\" class=\"aio-icon-box default-icon\" style=\"\"  ><div class=\"aio-icon-default\"><div class=\"ult-just-icon-wrapper  \"><div class=\"align-icon\" style=\"text-align:center;\">\n<div class=\"aio-icon-img \" style=\"font-size:48px;display:inline-block;\" >\n\t<img decoding=\"async\" class=\"img-icon\" alt=\"null\" src=\"https:\/\/hotelmaria.net\/wp-content\/uploads\/handshake.png\"\/>\n<\/div><\/div><\/div><\/div><div class=\"aio-icon-header\" ><h4 class=\"aio-icon-title ult-responsive\"  data-ultimate-target='#Info-box-wrap-5930 .aio-icon-title'  data-responsive-json-new='{\"font-size\":\"\",\"line-height\":\"\"}'  style=\"\">Many services<\/h4><\/div> <!-- header --><\/div> <!-- aio-icon-box --><\/a><\/div> <!-- aio-icon-component --><div class=\"aio-icon-component    style_1\"><a class=\"aio-icon-box-link\" href=\"http:\/\/hotelmaria.net\/cucina\/\" ><div id=\"Info-box-wrap-4859\" class=\"aio-icon-box default-icon\" style=\"\"  ><div class=\"aio-icon-default\"><div class=\"ult-just-icon-wrapper  \"><div class=\"align-icon\" style=\"text-align:center;\">\n<div class=\"aio-icon-img \" style=\"font-size:48px;display:inline-block;\" >\n\t<img decoding=\"async\" class=\"img-icon\" alt=\"null\" src=\"https:\/\/hotelmaria.net\/wp-content\/uploads\/restaurant.png\"\/>\n<\/div><\/div><\/div><\/div><div class=\"aio-icon-header\" ><h4 class=\"aio-icon-title ult-responsive\"  data-ultimate-target='#Info-box-wrap-4859 .aio-icon-title'  data-responsive-json-new='{\"font-size\":\"\",\"line-height\":\"\"}'  style=\"\">Home cooking<\/h4><\/div> <!-- header --><\/div> <!-- aio-icon-box --><\/a><\/div> <!-- aio-icon-component --><div class=\"aio-icon-component    style_1\"><div id=\"Info-box-wrap-7723\" class=\"aio-icon-box default-icon\" style=\"\"  ><div class=\"aio-icon-default\"><div class=\"ult-just-icon-wrapper  \"><div class=\"align-icon\" style=\"text-align:center;\">\n<div class=\"aio-icon-img \" style=\"font-size:48px;display:inline-block;\" >\n\t<img decoding=\"async\" class=\"img-icon\" alt=\"null\" src=\"https:\/\/hotelmaria.net\/wp-content\/uploads\/charity.png\"\/>\n<\/div><\/div><\/div><\/div><div class=\"aio-icon-header\" ><h4 class=\"aio-icon-title ult-responsive\"  data-ultimate-target='#Info-box-wrap-7723 .aio-icon-title'  data-responsive-json-new='{\"font-size\":\"\",\"line-height\":\"\"}'  style=\"\">Friendly and Family Environment<\/h4><\/div> <!-- header --><\/div> <!-- aio-icon-box --><\/div> <!-- aio-icon-component --><div class=\"aio-icon-component    style_1\"><div id=\"Info-box-wrap-7620\" class=\"aio-icon-box default-icon\" style=\"\"  ><div class=\"aio-icon-header\" ><h4 class=\"aio-icon-title ult-responsive\"  data-ultimate-target='#Info-box-wrap-7620 .aio-icon-title'  data-responsive-json-new='{\"font-size\":\"\",\"line-height\":\"\"}'  style=\"\">and much more ...<\/h4><\/div> <!-- header --><\/div> <!-- aio-icon-box --><\/div> <!-- aio-icon-component -->[\/vc_column_inner][\/vc_row_inner][vc_row_inner equal_height=&#8221;yes&#8221; content_placement=&#8221;middle&#8221;][vc_column_inner el_class=&#8221;wow fadeIn whitefont&#8221; offset=&#8221;vc_col-lg-8 vc_col-md-8 vc_col-xs-12&#8243; css=&#8221;.vc_custom_1524067533061{padding-top: 50px !important;padding-right: 50px !important;padding-bottom: 50px !important;padding-left: 50px !important;background-image: url(http:\/\/hotelmaria.net\/wp-content\/uploads\/wall.png?id=133) !important;background-position: 0 0 !important;background-repeat: repeat !important;}&#8221;][vc_custom_heading text=&#8221;Rooms&#8221; font_container=&#8221;tag:h1|text_align:center|color:%23ffffff&#8221; use_theme_fonts=&#8221;yes&#8221;][vc_separator color=&#8221;custom&#8221; accent_color=&#8221;#ffffff&#8221; el_class=&#8221;separatore&#8221; css=&#8221;.vc_custom_1523365059271{margin-top: 20px !important;margin-bottom: 20px !important;}&#8221;][vc_column_text]<\/p>\n<p class=\"bolditalic\" style=\"text-align: center;\"><em>The\u00a0<span class=\"evidenziato\"><strong>3-star Hotel Maria<\/strong>\u00a0<\/span>is located just a few minutes from the sea<\/em><\/p>\n<p style=\"text-align: center;\">The\u00a0<strong class=\"evidenziato\">Del Sole family<\/strong>\u00a0has managed the business with love and enthusiasm since 1976 and\u00a0<strong class=\"evidenziato\">welcomes everybody<\/strong>\u00a0with great\u00a0<strong class=\"evidenziato\">cordiality and professionalism<\/strong>\u00a0thus ensuring a pleasant stay, in every season of the year, as a sign of serenity, fun and relaxes.<\/p>\n<p>[\/vc_column_text][vc_btn title=&#8221;Read more&#8221; style=&#8221;custom&#8221; custom_background=&#8221;#67acc2&#8243; custom_text=&#8221;#ffffff&#8221; shape=&#8221;round&#8221; align=&#8221;center&#8221; link=&#8221;url:https%3A%2F%2Fhotelmaria.net%2Fen%2Frooms%2F|||&#8221;][\/vc_column_inner][vc_column_inner el_class=&#8221;whitefont&#8221; offset=&#8221;vc_col-lg-4 vc_col-md-4 vc_col-xs-12&#8243; css=&#8221;.vc_custom_1526313671706{padding-top: 50px !important;padding-right: 50px !important;padding-bottom: 50px !important;padding-left: 50px !important;background-color: #01733c !important;background-position: center !important;background-repeat: no-repeat !important;background-size: cover !important;}&#8221;]<script>jQuery( document ).ready(function() {jQuery('.owl-testimonial').owlCarousel({loop:false,margin:20,nav:true,navText:[\"<i class=\\\"fa fa-arrow-left\\\" aria-hidden=\\\"true\\\"><\/i>\",\"<i class=\\\"fa fa-arrow-right\\\" aria-hidden=\\\"true\\\"><\/i>\"],dots:false,autoplay: true,autoplayTimeout:5000,autoplayHoverPause:true,responsive:{0:{items:1},768:{items:1},992:{items:1},1200:{items:1},1500:{items:1}}});});<\/script><style>body .owl-testimonial .owl-nav .owl-prev, body .owl-testimonial .owl-nav .owl-next {background:#67acc2; color: #ffffff}body .owl-testimonial .owl-nav .owl-prev:hover, body .owl-testimonial .owl-nav .owl-next:hover {background:#67acc2; color:#ffffff}body .testimonial-star .fa {color:#ffffff}<\/style><div class=><div class=\"owl-carousel owl-theme owl-testimonial\"><div class=\"item\"><img src='https:\/\/hotelmaria.net\/wp-content\/themes\/rolenzo\/shortcodes\/img\/tripadvisor.png' class='testimonial-tripadvisor testimonial-image'\/><h3>Da non perdere....<\/h3> <p class=\"testimonial-content\">\u00c9 come sentirsi a casa.... cordialit\u00e0 ospitalit\u00e0 e disponibilit\u00e0 di tutto lo staff. Camere pulite e comode. Ottima la cucina... Vengo spesso a Pescara per lavoro e non posso non pernottare all'Hotel Maria.<\/p><p class=\"testimonial-name\"><em>Massimiliano T<\/em><\/p><\/div><div class=\"item\"><img src='https:\/\/hotelmaria.net\/wp-content\/themes\/rolenzo\/shortcodes\/img\/tripadvisor.png' class='testimonial-tripadvisor testimonial-image'\/><h3>Vacanza super<\/h3> <p class=\"testimonial-content\">Non si pu\u00f2 desiderare di pi\u00f9: accoglienza, pulizia, cordialit\u00e0, disponibilit\u00e0, gentilezza, cibo fantastico, festa in piscina super lo consiglio per grandi e piccini da ritornare complimenti ancora a Ovidio Loredana e a tutto lo staff continuate cos\u00ec' grazie ancora da Nicola Gloria Maria Luca Roberta e Aurora da Cavarzere (VE)<\/p><p class=\"testimonial-name\"><em>marangoninicola<\/em><\/p><\/div><div class=\"item\"><img src='https:\/\/hotelmaria.net\/wp-content\/themes\/rolenzo\/shortcodes\/img\/tripadvisor.png' class='testimonial-tripadvisor testimonial-image'\/><h3>Ottima vacanza<\/h3> <p class=\"testimonial-content\">Ho trascorso le vacanze presso l'hotel Maria di Pineto nel mese di luglio 2017. La mia esperienza \u00e8 stata molto positiva. Ottima qualit\u00e0 servizi \/prezzo; responsabili dell'albero molto affabili; personale estremamente cortese e disponibile; Consiglio di soggiornare in questa struttura. Domenico da Torino<\/p><p class=\"testimonial-name\"><em>mariarinald0<\/em><\/p><\/div><div class=\"item\"><img src='https:\/\/hotelmaria.net\/wp-content\/themes\/rolenzo\/shortcodes\/img\/tripadvisor.png' class='testimonial-tripadvisor testimonial-image'\/><h3>Ottimo 3 stelle!<\/h3> <p class=\"testimonial-content\">Personale gentilissimo e disponibile;piscina non molto grande ma con uno scivolo fantastico,se avete dei bambini un p\u00f2 spericolati ne rimarranno entusiasti! Buono il ristorante.Veramente un soggiorno piacevole.<\/p><p class=\"testimonial-name\"><em>Soniettasun<\/em><\/p><\/div><div class=\"item\"><img src='https:\/\/hotelmaria.net\/wp-content\/themes\/rolenzo\/shortcodes\/img\/tripadvisor.png' class='testimonial-tripadvisor testimonial-image'\/><h3>Posto tranquillo e prezzo onesto<\/h3> <p class=\"testimonial-content\">Camere pulite e munite di Wi-Fi, Sky e condizionatori. Piscina in hotel e ombrellone in spiaggia (con rispettivo servizio navetta) inclusi nel prezzo. Colazione abbondante. Per pranzo e cena prodotti ottimi a prezzi molto onesti. Davvero consigliato anche a famiglie con bambini.<\/p><p class=\"testimonial-name\"><em>Andrea O<\/em><\/p><\/div><\/div><\/div>[\/vc_column_inner][\/vc_row_inner][\/vc_column][\/vc_row]<\/p>\n<\/div>","protected":false},"excerpt":{"rendered":"<p>[vc_row max_row_content_width=&#8221;100%&#8221; row_content_width=&#8221;100%&#8221; css=&#8221;.vc_custom_1524067169680{background-color: #f9f9f9 !important;}&#8221;][vc_column][rev_slider_vc alias=&#8221;home&#8221; el_class=&#8221;marginzero&#8221;][\/vc_column][\/vc_row][vc_row max_row_content_width=&#8221;100%&#8221; row_content_width=&#8221;100%&#8221; bg_type=&#8221;bg_color&#8221; seperator_enable=&#8221;seperator_enable_value&#8221; seperator_type=&#8221;xlarge_circle_seperator&#8221; seperator_position=&#8221;bottom_seperator&#8221; seperator_svg_height=&#8221;100&#8243; seperator_shape_background=&#8221;#ffffff&#8221; css=&#8221;.vc_custom_1526310838757{padding-top: 50px !important;padding-right: 50px !important;padding-bottom: 50px !important;padding-left: 50px !important;}&#8221; bg_color_value=&#8221;#dddddd&#8221;][vc_column][vc_custom_heading text=&#8221;Offers &amp; Events&#8221; font_container=&#8221;tag:h2|text_align:center&#8221; use_theme_fonts=&#8221;yes&#8221;][vc_separator color=&#8221;custom&#8221; accent_color=&#8221;#164358&#8243; el_class=&#8221;separatore&#8221; css=&#8221;.vc_custom_1523367825688{margin-top: 20px !important;margin-bottom: 20px !important;}&#8221;][\/vc_column][vc_column offset=&#8221;vc_hidden-sm vc_hidden-xs&#8221;][vc_basic_grid post_type=&#8221;offerte&#8221; max_items=&#8221;10&#8243; style=&#8221;pagination&#8221; items_per_page=&#8221;4&#8243; element_width=&#8221;3&#8243; gap=&#8221;5&#8243; arrows_design=&#8221;vc_arrow-icon-arrow_03_left&#8221; arrows_color=&#8221;grey&#8221; paging_color=&#8221;black&#8221; loop=&#8221;yes&#8221; item=&#8221;187&#8243; grid_id=&#8221;vc_gid:1582422241748-3f21637a-67c6-8&#8243;][\/vc_column][vc_column offset=&#8221;vc_hidden-lg vc_hidden-md &hellip; <a href=\"https:\/\/hotelmaria.net\/en\/\" class=\"more-link\">Continue reading<span class=\"screen-reader-text\"> &#8220;Home&#8221;<\/span><\/a><\/p>\n","protected":false},"author":1,"featured_media":0,"parent":0,"menu_order":0,"comment_status":"closed","ping_status":"closed","template":"","meta":{"footnotes":""},"_links":{"self":[{"href":"https:\/\/hotelmaria.net\/en\/wp-json\/wp\/v2\/pages\/826"}],"collection":[{"href":"https:\/\/hotelmaria.net\/en\/wp-json\/wp\/v2\/pages"}],"about":[{"href":"https:\/\/hotelmaria.net\/en\/wp-json\/wp\/v2\/types\/page"}],"author":[{"embeddable":true,"href":"https:\/\/hotelmaria.net\/en\/wp-json\/wp\/v2\/users\/1"}],"replies":[{"embeddable":true,"href":"https:\/\/hotelmaria.net\/en\/wp-json\/wp\/v2\/comments?post=826"}],"version-history":[{"count":5,"href":"https:\/\/hotelmaria.net\/en\/wp-json\/wp\/v2\/pages\/826\/revisions"}],"predecessor-version":[{"id":1079,"href":"https:\/\/hotelmaria.net\/en\/wp-json\/wp\/v2\/pages\/826\/revisions\/1079"}],"wp:attachment":[{"href":"https:\/\/hotelmaria.net\/en\/wp-json\/wp\/v2\/media?parent=826"}],"curies":[{"name":"wp","href":"https:\/\/api.w.org\/{rel}","templated":true}]}}