{"id":926,"date":"2018-04-11T11:54:52","date_gmt":"2018-04-11T09:54:52","guid":{"rendered":"http:\/\/hotelmaria.net\/piscina\/"},"modified":"2018-06-13T12:52:55","modified_gmt":"2018-06-13T10:52:55","slug":"swimmingpool","status":"publish","type":"page","link":"https:\/\/hotelmaria.net\/de\/swimmingpool\/","title":{"rendered":"Swimmingpool"},"content":{"rendered":"<div class=\"wpb-content-wrapper\"><p>[vc_row max_row_content_width=&#8220;100%&#8220; row_content_width=&#8220;100%&#8220;][vc_column]<div class=\"ult-spacer spacer-69deea9522462\" data-id=\"69deea9522462\" data-height=\"151\" data-height-mobile=\"0\" data-height-tab=\"108\" data-height-tab-portrait=\"108\" data-height-mobile-landscape=\"0\" style=\"clear:both;display:block;\"><\/div>[\/vc_column][\/vc_row][vc_row max_row_content_width=&#8220;100%&#8220; row_content_width=&#8220;100%&#8220; bg_row=&#8220;center center&#8220; css=&#8220;.vc_custom_1523438032628{background-image: url(http:\/\/hotelmaria.net\/wp-content\/uploads\/camere2.jpg?id=375) !important;background-position: center !important;background-repeat: no-repeat !important;background-size: cover !important;}&#8220;][vc_column][vc_empty_space height=&#8220;490px&#8220;][\/vc_column][\/vc_row][vc_row max_row_content_width=&#8220;1400px&#8220; row_content_width=&#8220;100%&#8220; bg_type=&#8220;bg_color&#8220; seperator_enable=&#8220;seperator_enable_value&#8220; seperator_type=&#8220;xlarge_circle_seperator&#8220; seperator_position=&#8220;bottom_seperator&#8220; seperator_svg_height=&#8220;100&#8243; seperator_shape_background=&#8220;#ffffff&#8220; bg_color_value=&#8220;#74c2dc&#8220;][vc_column][vc_row_inner equal_height=&#8220;yes&#8220; content_placement=&#8220;middle&#8220;][vc_column_inner el_class=&#8220;wow fadeIn whitefont&#8220; width=&#8220;1\/2&#8243; offset=&#8220;vc_col-lg-8 vc_col-md-8 vc_col-xs-12&#8243; css=&#8220;.vc_custom_1523372696741{padding-top: 50px !important;padding-right: 50px !important;padding-bottom: 50px !important;padding-left: 50px !important;background-position: 0 0 !important;background-repeat: repeat !important;}&#8220;][vc_custom_heading text=&#8220;Swimmingpool&#8220; font_container=&#8220;tag:h1|text_align:center|color:%23ffffff&#8220; use_theme_fonts=&#8220;yes&#8220;][vc_separator color=&#8220;custom&#8220; accent_color=&#8220;#ffffff&#8220; el_class=&#8220;separatore&#8220; css=&#8220;.vc_custom_1523365059271{margin-top: 20px !important;margin-bottom: 20px !important;}&#8220;][vc_column_text]<\/p>\n<p class=\"bolditalic\" style=\"text-align: center;\"><em>Mit unserem tollen Swimmingpool und der gro\u00dfen Sonnenterrasse \u2026.\u00a0 sind wir Ihre Oase in den Abruzzen.<\/em><\/p>\n<p style=\"text-align: center;\">Das Meer von\u00a0<strong class=\"evidenziato\">Pineto<\/strong>\u00a0ist sehr sch\u00f6n und wird somit seit vielen Jahren mit der Blauen Flagge ausgezeichnet. Es liegt ganz in der N\u00e4he des Hotels: \u00a0nutzen Sie unseren\u00a0<strong class=\"evidenziato\">kostenlosen Shuttle-Service\u00a0<\/strong>oder radeln Sie mit einem unserer Mountainbikes in weniger als zehn Minuten zum Meer.<br \/>\nWir haben jedoch festgestellt, dass unsere G\u00e4ste sich sehr gerne und sehr oft\u00a0<strong class=\"evidenziato\">an dem Swimmingpool des Hotels Maria\u00a0<\/strong>aufhalten, dort Ihren Urlaub verbringen, mit den Kindern lachen, sich auf der aufblasbaren Rutsche vergn\u00fcgen oder sich auf den Sonnenliegen der 500m2<strong>\u00a0<\/strong>gro\u00dfen\u00a0<strong class=\"evidenziato\">Sonnenterrasse erholen.<\/strong><\/p>\n<p style=\"text-align: center;\">Und das ist gut nachzuvollziehen: denn was gibt es Sch\u00f6neres, als einen in unserer American Bar zubereiteten Drink am Swimmingpool und das herrliche Klima von Pineto zu genie\u00dfen\u2026 sie werden sich wie in einer Oase f\u00fchlen.<\/p>\n<p>[\/vc_column_text][\/vc_column_inner][vc_column_inner width=&#8220;1\/2&#8243; offset=&#8220;vc_col-lg-4 vc_col-md-4 vc_col-xs-12&#8243; css=&#8220;.vc_custom_1523372613451{padding-top: 50px !important;padding-right: 50px !important;padding-bottom: 50px !important;padding-left: 50px !important;background-position: 0 0 !important;background-repeat: repeat !important;}&#8220;][vc_custom_heading text=&#8220;Angebote&#8220; font_container=&#8220;tag:h2|text_align:center|color:%23ffffff&#8220; use_theme_fonts=&#8220;yes&#8220;][vc_separator color=&#8220;custom&#8220; accent_color=&#8220;#ffffff&#8220; el_class=&#8220;separatore&#8220; css=&#8220;.vc_custom_1523372759124{margin-top: 20px !important;margin-bottom: 20px !important;}&#8220;][vc_basic_grid post_type=&#8220;offerte&#8220; max_items=&#8220;10&#8243; style=&#8220;pagination&#8220; items_per_page=&#8220;1&#8243; element_width=&#8220;12&#8243; gap=&#8220;5&#8243; arrows_design=&#8220;vc_arrow-icon-arrow_03_left&#8220; arrows_color=&#8220;grey&#8220; paging_design=&#8220;none&#8220; loop=&#8220;yes&#8220; item=&#8220;187&#8243; grid_id=&#8220;vc_gid:1528886297942-a5317cec-5890-3&#8243;][\/vc_column_inner][\/vc_row_inner][\/vc_column][\/vc_row][vc_row max_row_content_width=&#8220;1400px&#8220; row_content_width=&#8220;100%&#8220; bg_type=&#8220;bg_color&#8220; seperator_enable=&#8220;seperator_enable_value&#8220; seperator_type=&#8220;xlarge_circle_seperator&#8220; seperator_position=&#8220;bottom_seperator&#8220; seperator_svg_height=&#8220;100&#8243; seperator_shape_background=&#8220;#62c3d3&#8243; bg_color_value=&#8220;#ffffff&#8220;][vc_column][vc_row_inner equal_height=&#8220;yes&#8220; content_placement=&#8220;middle&#8220;][vc_column_inner width=&#8220;1\/2&#8243; offset=&#8220;vc_col-lg-4 vc_col-md-4 vc_col-xs-12&#8243; css=&#8220;.vc_custom_1523372613451{padding-top: 50px !important;padding-right: 50px !important;padding-bottom: 50px !important;padding-left: 50px !important;background-position: 0 0 !important;background-repeat: repeat !important;}&#8220;]<script>jQuery( document ).ready(function() {jQuery('.owl-imgcarousel69deea95224fa').owlCarousel({loop:false,nav:false,navText:[\"<i class=\\\"fa fa-arrow-left\\\" aria-hidden=\\\"true\\\"><\/i>\",\"<i class=\\\"fa fa-arrow-right\\\" aria-hidden=\\\"true\\\"><\/i>\"],dots:false,lazyLoad: true,autoplay:3000,items:1,animateIn: 'fadeIn',animateOut: 'fadeOut',});});<\/script><style>@media (min-width:1500px){.rolenzo_gal_page69deea95224fa {width:100%; float:left;}}@media (min-width:1200px) and (max-width:1499px) {.rolenzo_gal_page69deea95224fa  {width:100%; float:left;}}@media (min-width:992px) and (max-width:1199px) {.rolenzo_gal_page69deea95224fa  {width:100%; float:left;}}@media (min-width:768px) and (max-width:991px) {.rolenzo_gal_page69deea95224fa  {width:100%; float:left;}}@media (max-width:767px) {.rolenzo_gal_page69deea95224fa  {width:100%; float:left;}}<\/style><style>.rolenzo_gal69deea95224fa  {margin:10px}@media (min-width:1500px){ .rolenzo_gal69deea95224fa {height:250px}}@media (min-width:1200px) and (max-width:1499px) { .rolenzo_gal69deea95224fa {height:250px}}@media (min-width:992px) and (max-width:1199px) {.rolenzo_gal69deea95224fa {height:200px}}@media (min-width:768px) and (max-width:991px) {.rolenzo_gal69deea95224fa {height:150px}}@media (max-width:767px) { .rolenzo_gal69deea95224fa {height:250px}}body .owl-imgcarousel69deea95224fa .owl-nav .owl-prev, body .owl-imgcarousel69deea95224fa .owl-nav .owl-next {background:; color: }body .owl-imgcarousel69deea95224fa .owl-nav .owl-prev:hover, body .owl-imgcarousel69deea95224fa .owl-nav .owl-next:hover {background:; color:}<\/style><div class=><div class=\"owl-carousel owl-theme owl-imgcarousel69deea95224fa\" ><div class=\"item\"><div class='rolenzo_gal_page69deea95224fa'><a   class=\"ilightbox69deea95224fa\"  href=\"https:\/\/hotelmaria.net\/wp-content\/uploads\/139043510043f9431d85aff22cf01eab1d2bebeea3.jpg\"  ><div data-src=\"https:\/\/hotelmaria.net\/wp-content\/uploads\/139043510043f9431d85aff22cf01eab1d2bebeea3.jpg\" class=\"owl-lazy rolenzo_gal69deea95224fa hoverGal\" style=\"background:url(https:\/\/hotelmaria.net\/wp-content\/uploads\/139043510043f9431d85aff22cf01eab1d2bebeea3.jpg) no-repeat center center \/cover;position:relative; \"> <div class=\"overlay\" style=\" background-color:rgba(22,67,88,0.8);\">   <svg class=\"addSvg\" xmlns=\"http:\/\/www.w3.org\/2000\/svg\" xmlns:xlink=\"http:\/\/www.w3.org\/1999\/xlink\" version=\"1.1\" id=\"Capa_1\" x=\"0px\" y=\"0px\" viewBox=\"0 0 42 42\" style=\"enable-background:new 0 0 42 42;\" xml:space=\"preserve\"><polygon points=\"42,20 22,20 22,0 20,0 20,20 0,20 0,22 20,22 20,42 22,42 22,22 42,22 \" fill=\"#ffffff\"\/><g><\/g><g><\/g><g><\/g><g><\/g><g><\/g><g><\/g><g><\/g><g><\/g><g><\/g><g><\/g><g><\/g><g><\/g><g><\/g><g><\/g><g><\/g><\/svg><\/div><\/div><\/a><\/div><div class='rolenzo_gal_page69deea95224fa'><a   class=\"ilightbox69deea95224fa\"  href=\"https:\/\/hotelmaria.net\/wp-content\/uploads\/1390435186329f54b737eb4556d9648daed6297432.jpg\"  ><div data-src=\"https:\/\/hotelmaria.net\/wp-content\/uploads\/1390435186329f54b737eb4556d9648daed6297432.jpg\" class=\"owl-lazy rolenzo_gal69deea95224fa hoverGal\" style=\"background:url(https:\/\/hotelmaria.net\/wp-content\/uploads\/1390435186329f54b737eb4556d9648daed6297432.jpg) no-repeat center center \/cover;position:relative; \"> <div class=\"overlay\" style=\" background-color:rgba(22,67,88,0.8);\">   <svg class=\"addSvg\" xmlns=\"http:\/\/www.w3.org\/2000\/svg\" xmlns:xlink=\"http:\/\/www.w3.org\/1999\/xlink\" version=\"1.1\" id=\"Capa_1\" x=\"0px\" y=\"0px\" viewBox=\"0 0 42 42\" style=\"enable-background:new 0 0 42 42;\" xml:space=\"preserve\"><polygon points=\"42,20 22,20 22,0 20,0 20,20 0,20 0,22 20,22 20,42 22,42 22,22 42,22 \" fill=\"#ffffff\"\/><g><\/g><g><\/g><g><\/g><g><\/g><g><\/g><g><\/g><g><\/g><g><\/g><g><\/g><g><\/g><g><\/g><g><\/g><g><\/g><g><\/g><g><\/g><\/svg><\/div><\/div><\/a><\/div><\/div><div class=\"item\"><div class='rolenzo_gal_page69deea95224fa'><a   class=\"ilightbox69deea95224fa\"  href=\"https:\/\/hotelmaria.net\/wp-content\/uploads\/5996655.jpg\"  ><div data-src=\"https:\/\/hotelmaria.net\/wp-content\/uploads\/5996655.jpg\" class=\"owl-lazy rolenzo_gal69deea95224fa hoverGal\" style=\"background:url(https:\/\/hotelmaria.net\/wp-content\/uploads\/5996655.jpg) no-repeat center center \/cover;position:relative; \"> <div class=\"overlay\" style=\" background-color:rgba(22,67,88,0.8);\">   <svg class=\"addSvg\" xmlns=\"http:\/\/www.w3.org\/2000\/svg\" xmlns:xlink=\"http:\/\/www.w3.org\/1999\/xlink\" version=\"1.1\" id=\"Capa_1\" x=\"0px\" y=\"0px\" viewBox=\"0 0 42 42\" style=\"enable-background:new 0 0 42 42;\" xml:space=\"preserve\"><polygon points=\"42,20 22,20 22,0 20,0 20,20 0,20 0,22 20,22 20,42 22,42 22,22 42,22 \" fill=\"#ffffff\"\/><g><\/g><g><\/g><g><\/g><g><\/g><g><\/g><g><\/g><g><\/g><g><\/g><g><\/g><g><\/g><g><\/g><g><\/g><g><\/g><g><\/g><g><\/g><\/svg><\/div><\/div><\/a><\/div><div class='rolenzo_gal_page69deea95224fa'><a   class=\"ilightbox69deea95224fa\"  href=\"https:\/\/hotelmaria.net\/wp-content\/uploads\/10451057.jpg\"  ><div data-src=\"https:\/\/hotelmaria.net\/wp-content\/uploads\/10451057-1024x683.jpg\" class=\"owl-lazy rolenzo_gal69deea95224fa hoverGal\" style=\"background:url(https:\/\/hotelmaria.net\/wp-content\/uploads\/10451057-1024x683.jpg) no-repeat center center \/cover;position:relative; \"> <div class=\"overlay\" style=\" background-color:rgba(22,67,88,0.8);\">   <svg class=\"addSvg\" xmlns=\"http:\/\/www.w3.org\/2000\/svg\" xmlns:xlink=\"http:\/\/www.w3.org\/1999\/xlink\" version=\"1.1\" id=\"Capa_1\" x=\"0px\" y=\"0px\" viewBox=\"0 0 42 42\" style=\"enable-background:new 0 0 42 42;\" xml:space=\"preserve\"><polygon points=\"42,20 22,20 22,0 20,0 20,20 0,20 0,22 20,22 20,42 22,42 22,22 42,22 \" fill=\"#ffffff\"\/><g><\/g><g><\/g><g><\/g><g><\/g><g><\/g><g><\/g><g><\/g><g><\/g><g><\/g><g><\/g><g><\/g><g><\/g><g><\/g><g><\/g><g><\/g><\/svg><\/div><\/div><\/a><\/div><\/div><div class=\"item\"><div class='rolenzo_gal_page69deea95224fa'><a   class=\"ilightbox69deea95224fa\"  href=\"https:\/\/hotelmaria.net\/wp-content\/uploads\/37596921-2.jpg\"  ><div data-src=\"https:\/\/hotelmaria.net\/wp-content\/uploads\/37596921-2-1024x768.jpg\" class=\"owl-lazy rolenzo_gal69deea95224fa hoverGal\" style=\"background:url(https:\/\/hotelmaria.net\/wp-content\/uploads\/37596921-2-1024x768.jpg) no-repeat center center \/cover;position:relative; \"> <div class=\"overlay\" style=\" background-color:rgba(22,67,88,0.8);\">   <svg class=\"addSvg\" xmlns=\"http:\/\/www.w3.org\/2000\/svg\" xmlns:xlink=\"http:\/\/www.w3.org\/1999\/xlink\" version=\"1.1\" id=\"Capa_1\" x=\"0px\" y=\"0px\" viewBox=\"0 0 42 42\" style=\"enable-background:new 0 0 42 42;\" xml:space=\"preserve\"><polygon points=\"42,20 22,20 22,0 20,0 20,20 0,20 0,22 20,22 20,42 22,42 22,22 42,22 \" fill=\"#ffffff\"\/><g><\/g><g><\/g><g><\/g><g><\/g><g><\/g><g><\/g><g><\/g><g><\/g><g><\/g><g><\/g><g><\/g><g><\/g><g><\/g><g><\/g><g><\/g><\/svg><\/div><\/div><\/a><\/div><div class='rolenzo_gal_page69deea95224fa'><a   class=\"ilightbox69deea95224fa\"  href=\"https:\/\/hotelmaria.net\/wp-content\/uploads\/37596923.jpg\"  ><div data-src=\"https:\/\/hotelmaria.net\/wp-content\/uploads\/37596923-1024x768.jpg\" class=\"owl-lazy rolenzo_gal69deea95224fa hoverGal\" style=\"background:url(https:\/\/hotelmaria.net\/wp-content\/uploads\/37596923-1024x768.jpg) no-repeat center center \/cover;position:relative; \"> <div class=\"overlay\" style=\" background-color:rgba(22,67,88,0.8);\">   <svg class=\"addSvg\" xmlns=\"http:\/\/www.w3.org\/2000\/svg\" xmlns:xlink=\"http:\/\/www.w3.org\/1999\/xlink\" version=\"1.1\" id=\"Capa_1\" x=\"0px\" y=\"0px\" viewBox=\"0 0 42 42\" style=\"enable-background:new 0 0 42 42;\" xml:space=\"preserve\"><polygon points=\"42,20 22,20 22,0 20,0 20,20 0,20 0,22 20,22 20,42 22,42 22,22 42,22 \" fill=\"#ffffff\"\/><g><\/g><g><\/g><g><\/g><g><\/g><g><\/g><g><\/g><g><\/g><g><\/g><g><\/g><g><\/g><g><\/g><g><\/g><g><\/g><g><\/g><g><\/g><\/svg><\/div><\/div><\/a><\/div><\/div><div class=\"item\"><div class='rolenzo_gal_page69deea95224fa'><a   class=\"ilightbox69deea95224fa\"  href=\"https:\/\/hotelmaria.net\/wp-content\/uploads\/37596926.jpg\"  ><div data-src=\"https:\/\/hotelmaria.net\/wp-content\/uploads\/37596926-1024x768.jpg\" class=\"owl-lazy rolenzo_gal69deea95224fa hoverGal\" style=\"background:url(https:\/\/hotelmaria.net\/wp-content\/uploads\/37596926-1024x768.jpg) no-repeat center center \/cover;position:relative; \"> <div class=\"overlay\" style=\" background-color:rgba(22,67,88,0.8);\">   <svg class=\"addSvg\" xmlns=\"http:\/\/www.w3.org\/2000\/svg\" xmlns:xlink=\"http:\/\/www.w3.org\/1999\/xlink\" version=\"1.1\" id=\"Capa_1\" x=\"0px\" y=\"0px\" viewBox=\"0 0 42 42\" style=\"enable-background:new 0 0 42 42;\" xml:space=\"preserve\"><polygon points=\"42,20 22,20 22,0 20,0 20,20 0,20 0,22 20,22 20,42 22,42 22,22 42,22 \" fill=\"#ffffff\"\/><g><\/g><g><\/g><g><\/g><g><\/g><g><\/g><g><\/g><g><\/g><g><\/g><g><\/g><g><\/g><g><\/g><g><\/g><g><\/g><g><\/g><g><\/g><\/svg><\/div><\/div><\/a><\/div><div class='rolenzo_gal_page69deea95224fa'><a   class=\"ilightbox69deea95224fa\"  href=\"https:\/\/hotelmaria.net\/wp-content\/uploads\/56282253-1.jpg\"  ><div data-src=\"https:\/\/hotelmaria.net\/wp-content\/uploads\/56282253-1-1024x768.jpg\" class=\"owl-lazy rolenzo_gal69deea95224fa hoverGal\" style=\"background:url(https:\/\/hotelmaria.net\/wp-content\/uploads\/56282253-1-1024x768.jpg) no-repeat center center \/cover;position:relative; \"> <div class=\"overlay\" style=\" background-color:rgba(22,67,88,0.8);\">   <svg class=\"addSvg\" xmlns=\"http:\/\/www.w3.org\/2000\/svg\" xmlns:xlink=\"http:\/\/www.w3.org\/1999\/xlink\" version=\"1.1\" id=\"Capa_1\" x=\"0px\" y=\"0px\" viewBox=\"0 0 42 42\" style=\"enable-background:new 0 0 42 42;\" xml:space=\"preserve\"><polygon points=\"42,20 22,20 22,0 20,0 20,20 0,20 0,22 20,22 20,42 22,42 22,22 42,22 \" fill=\"#ffffff\"\/><g><\/g><g><\/g><g><\/g><g><\/g><g><\/g><g><\/g><g><\/g><g><\/g><g><\/g><g><\/g><g><\/g><g><\/g><g><\/g><g><\/g><g><\/g><\/svg><\/div><\/div><\/a><\/div><\/div><div class=\"item\"><div class='rolenzo_gal_page69deea95224fa'><a   class=\"ilightbox69deea95224fa\"  href=\"https:\/\/hotelmaria.net\/wp-content\/uploads\/56528739-1.jpg\"  ><div data-src=\"https:\/\/hotelmaria.net\/wp-content\/uploads\/56528739-1-1024x683.jpg\" class=\"owl-lazy rolenzo_gal69deea95224fa hoverGal\" style=\"background:url(https:\/\/hotelmaria.net\/wp-content\/uploads\/56528739-1-1024x683.jpg) no-repeat center center \/cover;position:relative; \"> <div class=\"overlay\" style=\" background-color:rgba(22,67,88,0.8);\">   <svg class=\"addSvg\" xmlns=\"http:\/\/www.w3.org\/2000\/svg\" xmlns:xlink=\"http:\/\/www.w3.org\/1999\/xlink\" version=\"1.1\" id=\"Capa_1\" x=\"0px\" y=\"0px\" viewBox=\"0 0 42 42\" style=\"enable-background:new 0 0 42 42;\" xml:space=\"preserve\"><polygon points=\"42,20 22,20 22,0 20,0 20,20 0,20 0,22 20,22 20,42 22,42 22,22 42,22 \" fill=\"#ffffff\"\/><g><\/g><g><\/g><g><\/g><g><\/g><g><\/g><g><\/g><g><\/g><g><\/g><g><\/g><g><\/g><g><\/g><g><\/g><g><\/g><g><\/g><g><\/g><\/svg><\/div><\/div><\/a><\/div><div class='rolenzo_gal_page69deea95224fa'><a   class=\"ilightbox69deea95224fa\"  href=\"https:\/\/hotelmaria.net\/wp-content\/uploads\/1390434205b694071dcbbc61fc90f07565517e4480.jpg\"  ><div data-src=\"https:\/\/hotelmaria.net\/wp-content\/uploads\/1390434205b694071dcbbc61fc90f07565517e4480.jpg\" class=\"owl-lazy rolenzo_gal69deea95224fa hoverGal\" style=\"background:url(https:\/\/hotelmaria.net\/wp-content\/uploads\/1390434205b694071dcbbc61fc90f07565517e4480.jpg) no-repeat center center \/cover;position:relative; \"> <div class=\"overlay\" style=\" background-color:rgba(22,67,88,0.8);\">   <svg class=\"addSvg\" xmlns=\"http:\/\/www.w3.org\/2000\/svg\" xmlns:xlink=\"http:\/\/www.w3.org\/1999\/xlink\" version=\"1.1\" id=\"Capa_1\" x=\"0px\" y=\"0px\" viewBox=\"0 0 42 42\" style=\"enable-background:new 0 0 42 42;\" xml:space=\"preserve\"><polygon points=\"42,20 22,20 22,0 20,0 20,20 0,20 0,22 20,22 20,42 22,42 22,22 42,22 \" fill=\"#ffffff\"\/><g><\/g><g><\/g><g><\/g><g><\/g><g><\/g><g><\/g><g><\/g><g><\/g><g><\/g><g><\/g><g><\/g><g><\/g><g><\/g><g><\/g><g><\/g><\/svg><\/div><\/div><\/a><\/div><\/div><\/div><\/div><script>jQuery('.ilightbox69deea95224fa').iLightBox({skin: 'metro-black',path: 'horizontal',controls: {toolbar: true,arrows: true,fullscreen: true,thumbnail: true,keyboard: true,mousewheel: true,swipe: true},caption: {start: false,}});<\/script>[\/vc_column_inner][vc_column_inner el_class=&#8220;wow fadeInUp &#8220; width=&#8220;1\/2&#8243; offset=&#8220;vc_col-lg-8 vc_col-md-8 vc_col-xs-12&#8243; css=&#8220;.vc_custom_1523373791997{padding-top: 50px !important;padding-right: 50px !important;padding-bottom: 50px !important;padding-left: 50px !important;background-position: 0 0 !important;background-repeat: repeat !important;}&#8220;][vc_custom_heading text=&#8220; Pool party&#8220; font_container=&#8220;tag:h1|text_align:center&#8220; use_theme_fonts=&#8220;yes&#8220;][vc_separator color=&#8220;custom&#8220; accent_color=&#8220;#164358&#8243; el_class=&#8220;separatore&#8220; css=&#8220;.vc_custom_1523373732213{margin-top: 20px !important;margin-bottom: 20px !important;}&#8220;][vc_column_text]<\/p>\n<p style=\"text-align: center;\">Sie d\u00fcrfen auf keinen Fall die\u00a0<span class=\"evidenziato\">Pool party\u00a0<\/span>verpassen, die ein Mal pro Woche in den Sommermonaten stattfindet. Es werden leckere Buffets und tolle Musik geboten.<\/p>\n<p style=\"text-align: center;\">In dem\u00a0<strong class=\"evidenziato\">Swimmingpool\u00a0<\/strong>des\u00a0<strong class=\"evidenziato\">Hotels \u00a0Maria<\/strong>\u00a0k\u00f6nnen die Kinder in absoluter Sicherheit spielen, da unser aufmerksamer und liebevoller Bademeister sie immer im Blick beh\u00e4lt.<\/p>\n<p style=\"text-align: center;\">Neben dem Vergn\u00fcgen im Swimmingpool k\u00f6nnen Sie auch einen sch\u00f6nen Spaziergang in dem\u00a0<strong class=\"evidenziato\">Meeresschutzgebiet Torre del Cerrano<\/strong>, machen, das 2010 auf den Gebieten von Pineto und Silvi ins Leben gerufen wurde. Die hohe Qualit\u00e4t der Natur in dieser Gegend zeigt sich auch durch das Vorkommen des Seeregenpfeifers. Dieser Vogel nistet bekanntlich nur dort, wo die Natur am unber\u00fchrtesten ist.<\/p>\n<p>[\/vc_column_text][\/vc_column_inner][vc_column_inner][vc_empty_space height=&#8220;64px&#8220;][\/vc_column_inner][\/vc_row_inner][\/vc_column][\/vc_row]<\/p>\n<\/div>","protected":false},"excerpt":{"rendered":"<p>[vc_row max_row_content_width=&#8220;100%&#8220; row_content_width=&#8220;100%&#8220;][vc_column][\/vc_column][\/vc_row][vc_row max_row_content_width=&#8220;100%&#8220; row_content_width=&#8220;100%&#8220; bg_row=&#8220;center center&#8220; css=&#8220;.vc_custom_1523438032628{background-image: url(http:\/\/hotelmaria.net\/wp-content\/uploads\/camere2.jpg?id=375) !important;background-position: center !important;background-repeat: no-repeat !important;background-size: cover !important;}&#8220;][vc_column][vc_empty_space height=&#8220;490px&#8220;][\/vc_column][\/vc_row][vc_row max_row_content_width=&#8220;1400px&#8220; row_content_width=&#8220;100%&#8220; bg_type=&#8220;bg_color&#8220; seperator_enable=&#8220;seperator_enable_value&#8220; seperator_type=&#8220;xlarge_circle_seperator&#8220; seperator_position=&#8220;bottom_seperator&#8220; seperator_svg_height=&#8220;100&#8243; seperator_shape_background=&#8220;#ffffff&#8220; bg_color_value=&#8220;#74c2dc&#8220;][vc_column][vc_row_inner equal_height=&#8220;yes&#8220; content_placement=&#8220;middle&#8220;][vc_column_inner el_class=&#8220;wow fadeIn whitefont&#8220; width=&#8220;1\/2&#8243; offset=&#8220;vc_col-lg-8 vc_col-md-8 vc_col-xs-12&#8243; css=&#8220;.vc_custom_1523372696741{padding-top: 50px !important;padding-right: 50px !important;padding-bottom: 50px !important;padding-left: 50px !important;background-position: 0 0 !important;background-repeat: repeat !important;}&#8220;][vc_custom_heading text=&#8220;Swimmingpool&#8220; font_container=&#8220;tag:h1|text_align:center|color:%23ffffff&#8220; use_theme_fonts=&#8220;yes&#8220;][vc_separator color=&#8220;custom&#8220; accent_color=&#8220;#ffffff&#8220; el_class=&#8220;separatore&#8220; &hellip; <a href=\"https:\/\/hotelmaria.net\/de\/swimmingpool\/\" class=\"more-link\"><span class=\"screen-reader-text\">\u201eSwimmingpool\u201c<\/span> weiterlesen<\/a><\/p>\n","protected":false},"author":1,"featured_media":0,"parent":0,"menu_order":0,"comment_status":"closed","ping_status":"closed","template":"","meta":{"footnotes":""},"_links":{"self":[{"href":"https:\/\/hotelmaria.net\/de\/wp-json\/wp\/v2\/pages\/926"}],"collection":[{"href":"https:\/\/hotelmaria.net\/de\/wp-json\/wp\/v2\/pages"}],"about":[{"href":"https:\/\/hotelmaria.net\/de\/wp-json\/wp\/v2\/types\/page"}],"author":[{"embeddable":true,"href":"https:\/\/hotelmaria.net\/de\/wp-json\/wp\/v2\/users\/1"}],"replies":[{"embeddable":true,"href":"https:\/\/hotelmaria.net\/de\/wp-json\/wp\/v2\/comments?post=926"}],"version-history":[{"count":2,"href":"https:\/\/hotelmaria.net\/de\/wp-json\/wp\/v2\/pages\/926\/revisions"}],"predecessor-version":[{"id":954,"href":"https:\/\/hotelmaria.net\/de\/wp-json\/wp\/v2\/pages\/926\/revisions\/954"}],"wp:attachment":[{"href":"https:\/\/hotelmaria.net\/de\/wp-json\/wp\/v2\/media?parent=926"}],"curies":[{"name":"wp","href":"https:\/\/api.w.org\/{rel}","templated":true}]}}