{"id":922,"date":"2018-04-11T12:51:05","date_gmt":"2018-04-11T10:51:05","guid":{"rendered":"http:\/\/hotelmaria.net\/dove-siamo\/"},"modified":"2018-06-13T12:50:39","modified_gmt":"2018-06-13T10:50:39","slug":"wo-wir-sind","status":"publish","type":"page","link":"https:\/\/hotelmaria.net\/de\/wo-wir-sind\/","title":{"rendered":"Wo wir sind"},"content":{"rendered":"<div class=\"wpb-content-wrapper\"><p>[vc_row max_row_content_width=&#8220;100%&#8220; row_content_width=&#8220;100%&#8220;][vc_column]<div class=\"ult-spacer spacer-69dee8700e7c4\" data-id=\"69dee8700e7c4\" data-height=\"151\" data-height-mobile=\"0\" data-height-tab=\"108\" data-height-tab-portrait=\"108\" data-height-mobile-landscape=\"0\" style=\"clear:both;display:block;\"><\/div>[\/vc_column][\/vc_row][vc_row max_row_content_width=&#8220;100%&#8220; row_content_width=&#8220;100%&#8220; bg_row=&#8220;center center&#8220;][vc_column][vc_single_image image=&#8220;696&#8243; img_size=&#8220;1920&#215;812&#8243; alignment=&#8220;center&#8220; onclick=&#8220;custom_link&#8220; img_link_target=&#8220;_blank&#8220; link=&#8220;https:\/\/goo.gl\/maps\/ACcW64QaiYS2&#8243;][\/vc_column][\/vc_row][vc_row max_row_content_width=&#8220;1400px&#8220; row_content_width=&#8220;100%&#8220; bg_type=&#8220;bg_color&#8220; seperator_enable=&#8220;seperator_enable_value&#8220; seperator_type=&#8220;xlarge_circle_seperator&#8220; seperator_position=&#8220;bottom_seperator&#8220; seperator_svg_height=&#8220;100&#8243; seperator_shape_background=&#8220;#ffffff&#8220; bg_color_value=&#8220;#74c2dc&#8220;][vc_column][vc_row_inner equal_height=&#8220;yes&#8220; content_placement=&#8220;middle&#8220;][vc_column_inner el_class=&#8220;wow fadeIn whitefont&#8220; width=&#8220;1\/2&#8243; offset=&#8220;vc_col-lg-8 vc_col-md-8 vc_col-xs-12&#8243; css=&#8220;.vc_custom_1523372696741{padding-top: 50px !important;padding-right: 50px !important;padding-bottom: 50px !important;padding-left: 50px !important;background-position: 0 0 !important;background-repeat: repeat !important;}&#8220;][vc_custom_heading text=&#8220;Wo wir sind&#8220; font_container=&#8220;tag:h1|text_align:center|color:%23ffffff&#8220; use_theme_fonts=&#8220;yes&#8220;][vc_separator color=&#8220;custom&#8220; accent_color=&#8220;#ffffff&#8220; el_class=&#8220;separatore&#8220; css=&#8220;.vc_custom_1523365059271{margin-top: 20px !important;margin-bottom: 20px !important;}&#8220;][vc_column_text]<\/p>\n<p class=\"bolditalic\" style=\"text-align: center;\"><em>G\u00f6nnen Sie sich auf halber Strecke zwischen Norden und S\u00fcden eine Pause in den Abruzzen, kommen Sie uns besuchen und genie\u00dfen Sie die Sch\u00f6nheit dieser Gegend und die Erholung.<\/em><\/p>\n<p style=\"text-align: center;\">Das\u00a0<strong>3-Sterne Hotel Maria\u00a0<\/strong>befindet sich in der Via Morandi in der Ortschaft \u201cBorgo Santa Maria\u201d in der N\u00e4he von\u00a0<strong>Pineto<\/strong>, entlang der abruzzesischen K\u00fcste; ein idealer Ort auch f\u00fcr eine Rast auf Ihren langen Reisen, auch Gesch\u00e4ftsreisen von Norden nach S\u00fcden.<\/p>\n<p style=\"text-align: center;\">Das\u00a0<strong>Hotel Maria,\u00a0<\/strong>nur wenige Minuten von Pineto entfernt, hat eine sehr ruhige Lage und bietet eine gem\u00fctliche und erholsame Atmosph\u00e4re.<\/p>\n<p style=\"text-align: center;\">Dank der guten Infrastruktur kann man problemlos die ganzen Abruzzen erreichen, auch dank unserer\u00a0<strong>kostenlosen Transfers:<\/strong><\/p>\n<ul style=\"text-align: center;\">\n<li><strong>Transfer vom und zum Bahnhof von Atri-Pineto<\/strong>;<\/li>\n<li><strong>Transfer vom und zum Flughafen \u201cAeroporto Internazionale D&#8217;Abruzzo\u201d (Pescara) bei Aufenthalten mit mehr als 3 \u00dcbernachtungen<\/strong>;<\/li>\n<li><strong>Shuttle-Bus Hotel\/Strand<\/strong><\/li>\n<\/ul>\n<p style=\"text-align: center;\"><strong>F\u00fcr das Navigationssystem\u00a0<\/strong>geben Sie die folgenden Koordinaten ein: 42.61.307; 14.04.155<\/p>\n<p>[\/vc_column_text][vc_btn title=&#8220;Berechnen Sie interaktiv Ihre Wegstrecke zum Hotel Maria.&#8220; style=&#8220;flat&#8220; shape=&#8220;round&#8220; color=&#8220;danger&#8220; size=&#8220;lg&#8220; align=&#8220;center&#8220; link=&#8220;url:https%3A%2F%2Fwww.google.com%2Fmaps%2Fdir%2F%2FHotel%2BMaria%2BPineto%2C%2BVia%2BR.%2BMorandi%2C%2B2%2C%2B64025%2BPineto%2BTE%2F%4042.613032%2C14.0391133%2C17z%2Fdata%3D!4m8!4m7!1m0!1m5!1m1!1s0x1331bd88ac8a4c51%3A0x368e30bbeef585d4!2m2!1d14.041302!2d42.613032||target:%20_blank|&#8220;][\/vc_column_inner][vc_column_inner width=&#8220;1\/2&#8243; offset=&#8220;vc_col-lg-4 vc_col-md-4 vc_col-xs-12&#8243; css=&#8220;.vc_custom_1523372613451{padding-top: 50px !important;padding-right: 50px !important;padding-bottom: 50px !important;padding-left: 50px !important;background-position: 0 0 !important;background-repeat: repeat !important;}&#8220;][vc_custom_heading text=&#8220;Angebote&#8220; font_container=&#8220;tag:h2|text_align:center|color:%23ffffff&#8220; use_theme_fonts=&#8220;yes&#8220; link=&#8220;url:http%3A%2F%2Fhotelmaria.net%2Fofferte-eventi%2F|||&#8220;][vc_separator color=&#8220;custom&#8220; accent_color=&#8220;#ffffff&#8220; el_class=&#8220;separatore&#8220; css=&#8220;.vc_custom_1523372759124{margin-top: 20px !important;margin-bottom: 20px !important;}&#8220;][vc_basic_grid post_type=&#8220;offerte&#8220; max_items=&#8220;10&#8243; style=&#8220;pagination&#8220; items_per_page=&#8220;1&#8243; element_width=&#8220;12&#8243; gap=&#8220;5&#8243; arrows_design=&#8220;vc_arrow-icon-arrow_03_left&#8220; arrows_color=&#8220;grey&#8220; paging_design=&#8220;none&#8220; loop=&#8220;yes&#8220; item=&#8220;187&#8243; grid_id=&#8220;vc_gid:1528886274877-eccb1bc9-e115-0&#8243;][\/vc_column_inner][\/vc_row_inner][\/vc_column][\/vc_row][vc_row max_row_content_width=&#8220;1400px&#8220; row_content_width=&#8220;100%&#8220; bg_type=&#8220;bg_color&#8220; seperator_enable=&#8220;seperator_enable_value&#8220; seperator_type=&#8220;xlarge_circle_seperator&#8220; seperator_position=&#8220;bottom_seperator&#8220; seperator_svg_height=&#8220;100&#8243; seperator_shape_background=&#8220;#62c3d3&#8243; bg_color_value=&#8220;#ffffff&#8220;][vc_column][vc_empty_space height=&#8220;132px&#8220;][\/vc_column][\/vc_row]<\/p>\n<\/div>","protected":false},"excerpt":{"rendered":"<p>[vc_row max_row_content_width=&#8220;100%&#8220; row_content_width=&#8220;100%&#8220;][vc_column][\/vc_column][\/vc_row][vc_row max_row_content_width=&#8220;100%&#8220; row_content_width=&#8220;100%&#8220; bg_row=&#8220;center center&#8220;][vc_column][vc_single_image image=&#8220;696&#8243; img_size=&#8220;1920&#215;812&#8243; alignment=&#8220;center&#8220; onclick=&#8220;custom_link&#8220; img_link_target=&#8220;_blank&#8220; link=&#8220;https:\/\/goo.gl\/maps\/ACcW64QaiYS2&#8243;][\/vc_column][\/vc_row][vc_row max_row_content_width=&#8220;1400px&#8220; row_content_width=&#8220;100%&#8220; bg_type=&#8220;bg_color&#8220; seperator_enable=&#8220;seperator_enable_value&#8220; seperator_type=&#8220;xlarge_circle_seperator&#8220; seperator_position=&#8220;bottom_seperator&#8220; seperator_svg_height=&#8220;100&#8243; seperator_shape_background=&#8220;#ffffff&#8220; bg_color_value=&#8220;#74c2dc&#8220;][vc_column][vc_row_inner equal_height=&#8220;yes&#8220; content_placement=&#8220;middle&#8220;][vc_column_inner el_class=&#8220;wow fadeIn whitefont&#8220; width=&#8220;1\/2&#8243; offset=&#8220;vc_col-lg-8 vc_col-md-8 vc_col-xs-12&#8243; css=&#8220;.vc_custom_1523372696741{padding-top: 50px !important;padding-right: 50px !important;padding-bottom: 50px !important;padding-left: 50px !important;background-position: 0 0 !important;background-repeat: repeat !important;}&#8220;][vc_custom_heading text=&#8220;Wo wir sind&#8220; font_container=&#8220;tag:h1|text_align:center|color:%23ffffff&#8220; use_theme_fonts=&#8220;yes&#8220;][vc_separator color=&#8220;custom&#8220; accent_color=&#8220;#ffffff&#8220; el_class=&#8220;separatore&#8220; css=&#8220;.vc_custom_1523365059271{margin-top: 20px &hellip; <a href=\"https:\/\/hotelmaria.net\/de\/wo-wir-sind\/\" class=\"more-link\"><span class=\"screen-reader-text\">\u201eWo wir sind\u201c<\/span> weiterlesen<\/a><\/p>\n","protected":false},"author":1,"featured_media":0,"parent":0,"menu_order":0,"comment_status":"closed","ping_status":"closed","template":"","meta":{"footnotes":""},"_links":{"self":[{"href":"https:\/\/hotelmaria.net\/de\/wp-json\/wp\/v2\/pages\/922"}],"collection":[{"href":"https:\/\/hotelmaria.net\/de\/wp-json\/wp\/v2\/pages"}],"about":[{"href":"https:\/\/hotelmaria.net\/de\/wp-json\/wp\/v2\/types\/page"}],"author":[{"embeddable":true,"href":"https:\/\/hotelmaria.net\/de\/wp-json\/wp\/v2\/users\/1"}],"replies":[{"embeddable":true,"href":"https:\/\/hotelmaria.net\/de\/wp-json\/wp\/v2\/comments?post=922"}],"version-history":[{"count":2,"href":"https:\/\/hotelmaria.net\/de\/wp-json\/wp\/v2\/pages\/922\/revisions"}],"predecessor-version":[{"id":951,"href":"https:\/\/hotelmaria.net\/de\/wp-json\/wp\/v2\/pages\/922\/revisions\/951"}],"wp:attachment":[{"href":"https:\/\/hotelmaria.net\/de\/wp-json\/wp\/v2\/media?parent=922"}],"curies":[{"name":"wp","href":"https:\/\/api.w.org\/{rel}","templated":true}]}}