{"id":920,"date":"2018-04-11T11:50:05","date_gmt":"2018-04-11T09:50:05","guid":{"rendered":"http:\/\/hotelmaria.net\/cucina\/"},"modified":"2018-06-13T12:49:49","modified_gmt":"2018-06-13T10:49:49","slug":"restaurant","status":"publish","type":"page","link":"https:\/\/hotelmaria.net\/de\/restaurant\/","title":{"rendered":"Restaurant"},"content":{"rendered":"<div class=\"wpb-content-wrapper\"><p>[vc_row max_row_content_width=&#8220;100%&#8220; row_content_width=&#8220;100%&#8220;][vc_column]<div class=\"ult-spacer spacer-69dee85ebb6d2\" data-id=\"69dee85ebb6d2\" data-height=\"151\" data-height-mobile=\"0\" data-height-tab=\"108\" data-height-tab-portrait=\"108\" data-height-mobile-landscape=\"0\" style=\"clear:both;display:block;\"><\/div>[\/vc_column][\/vc_row][vc_row max_row_content_width=&#8220;100%&#8220; row_content_width=&#8220;100%&#8220; bg_row=&#8220;center center&#8220; css=&#8220;.vc_custom_1523439953776{background-image: url(http:\/\/hotelmaria.net\/wp-content\/uploads\/cucina4.jpg?id=389) !important;background-position: center !important;background-repeat: no-repeat !important;background-size: cover !important;}&#8220;][vc_column][vc_empty_space height=&#8220;490px&#8220;][\/vc_column][\/vc_row][vc_row max_row_content_width=&#8220;1400px&#8220; row_content_width=&#8220;100%&#8220; bg_type=&#8220;bg_color&#8220; seperator_enable=&#8220;seperator_enable_value&#8220; seperator_type=&#8220;xlarge_circle_seperator&#8220; seperator_position=&#8220;bottom_seperator&#8220; seperator_svg_height=&#8220;100&#8243; seperator_shape_background=&#8220;#ffffff&#8220; bg_color_value=&#8220;#74c2dc&#8220;][vc_column][vc_row_inner equal_height=&#8220;yes&#8220; content_placement=&#8220;middle&#8220;][vc_column_inner el_class=&#8220;wow fadeIn whitefont&#8220; width=&#8220;1\/2&#8243; offset=&#8220;vc_col-lg-8 vc_col-md-8 vc_col-xs-12&#8243; css=&#8220;.vc_custom_1523372696741{padding-top: 50px !important;padding-right: 50px !important;padding-bottom: 50px !important;padding-left: 50px !important;background-position: 0 0 !important;background-repeat: repeat !important;}&#8220;][vc_custom_heading text=&#8220;Restaurant&#8220; font_container=&#8220;tag:h1|text_align:center|color:%23ffffff&#8220; use_theme_fonts=&#8220;yes&#8220;][vc_separator color=&#8220;custom&#8220; accent_color=&#8220;#ffffff&#8220; el_class=&#8220;separatore&#8220; css=&#8220;.vc_custom_1523365059271{margin-top: 20px !important;margin-bottom: 20px !important;}&#8220;][vc_column_text]<\/p>\n<p class=\"bolditalic\" style=\"text-align: center;\"><em>Das Meer der Abruzzen, Sonne, Spa\u00df, Erholung und gutes Essen. Was wollen Sie mehr?<\/em><\/p>\n<p style=\"text-align: center;\">Die\u00a0<strong class=\"evidenziato\">K\u00fcche\u00a0<\/strong>ist unser Aush\u00e4ngeschild, worauf wir sehr stolz sind. \u00a0Wir k\u00fcmmern uns selbst um die Verpflegung der G\u00e4ste, denen wir 3 Men\u00fcs zur Auswahl bieten; Fisch gibt es zwei Mal pro Woche. Wir bieten verschiedene regionale und nationale Speisen, die direkt im klimatisierten Speisesaal serviert werden.\u00a0<strong class=\"evidenziato\">Wein\u00a0<\/strong>und\u00a0<strong class=\"evidenziato\">Wasser\u00a0<\/strong>zu den Mahlzeiten werden von dem\u00a0<strong class=\"evidenziato\">Hotel Maria\u00a0<\/strong>gestellt<strong>.<\/strong><\/p>\n<p style=\"text-align: center;\">Zum\u00a0<strong class=\"evidenziato\">Fr\u00fchst\u00fcck<\/strong>\u00a0gibt es ein reichhaltiges Buffet und\u00a0<strong class=\"evidenziato\">hausgemachte Kuchen.\u00a0<\/strong><\/p>\n<p>Im Sommer k\u00f6nnen Sie dank des milden Klimas im Freien unter der gro\u00dfen \u00fcberdachten Terrasse fr\u00fchst\u00fccken.<\/p>\n<p style=\"text-align: center;\">W\u00e4hlen Sie f\u00fcr Ihren\u00a0<strong class=\"evidenziato\">Urlaub in den Abruzzen\u00a0<\/strong>die Qualit\u00e4t und Nat\u00fcrlichkeit des\u00a0<strong class=\"evidenziato\">Hotels Maria<\/strong>: entdecken Sie\u00a0 \u00fcber den Geschmack die Wege zum Gl\u00fcck.<\/p>\n<p>[\/vc_column_text][\/vc_column_inner][vc_column_inner width=&#8220;1\/2&#8243; offset=&#8220;vc_col-lg-4 vc_col-md-4 vc_col-xs-12&#8243; css=&#8220;.vc_custom_1523372613451{padding-top: 50px !important;padding-right: 50px !important;padding-bottom: 50px !important;padding-left: 50px !important;background-position: 0 0 !important;background-repeat: repeat !important;}&#8220;][vc_custom_heading text=&#8220;Angebote&#8220; font_container=&#8220;tag:h2|text_align:center|color:%23ffffff&#8220; use_theme_fonts=&#8220;yes&#8220;][vc_separator color=&#8220;custom&#8220; accent_color=&#8220;#ffffff&#8220; el_class=&#8220;separatore&#8220; css=&#8220;.vc_custom_1523372759124{margin-top: 20px !important;margin-bottom: 20px !important;}&#8220;][vc_basic_grid post_type=&#8220;offerte&#8220; max_items=&#8220;10&#8243; style=&#8220;pagination&#8220; items_per_page=&#8220;1&#8243; element_width=&#8220;12&#8243; gap=&#8220;5&#8243; arrows_design=&#8220;vc_arrow-icon-arrow_03_left&#8220; arrows_color=&#8220;grey&#8220; paging_design=&#8220;none&#8220; loop=&#8220;yes&#8220; item=&#8220;187&#8243; grid_id=&#8220;vc_gid:1528886276926-b8651c06-016a-5&#8243;][\/vc_column_inner][\/vc_row_inner][\/vc_column][\/vc_row][vc_row max_row_content_width=&#8220;1400px&#8220; row_content_width=&#8220;100%&#8220; bg_type=&#8220;bg_color&#8220; seperator_enable=&#8220;seperator_enable_value&#8220; seperator_type=&#8220;xlarge_circle_seperator&#8220; seperator_position=&#8220;bottom_seperator&#8220; seperator_svg_height=&#8220;100&#8243; seperator_shape_background=&#8220;#62c3d3&#8243; bg_color_value=&#8220;#ffffff&#8220;][vc_column][vc_row_inner equal_height=&#8220;yes&#8220; content_placement=&#8220;middle&#8220;][vc_column_inner offset=&#8220;vc_col-lg-12 vc_col-md-12 vc_col-xs-12&#8243; css=&#8220;.vc_custom_1523440023862{padding-top: 50px !important;padding-right: 50px !important;padding-bottom: 50px !important;padding-left: 50px !important;background-position: 0 0 !important;background-repeat: repeat !important;}&#8220;]<script>jQuery( document ).ready(function() {jQuery('.owl-imgcarousel69dee85ebb770').owlCarousel({loop:false,nav:true,navText:[\"<i class=\\\"fa fa-arrow-left\\\" aria-hidden=\\\"true\\\"><\/i>\",\"<i class=\\\"fa fa-arrow-right\\\" aria-hidden=\\\"true\\\"><\/i>\"],dots:false,lazyLoad: true,autoplay:3000,responsive:{0:{items:2},768:{items:2},992:{items:3},1200:{items:4},1500:{items:4}}});});<\/script><style>.rolenzo_gal69dee85ebb770  {margin:10px}@media (min-width:1500px){ .rolenzo_gal69dee85ebb770 {height:350px}}@media (min-width:1200px) and (max-width:1499px) { .rolenzo_gal69dee85ebb770 {height:350px}}@media (min-width:992px) and (max-width:1199px) {.rolenzo_gal69dee85ebb770 {height:300px}}@media (min-width:768px) and (max-width:991px) {.rolenzo_gal69dee85ebb770 {height:250px}}@media (max-width:767px) { .rolenzo_gal69dee85ebb770 {height:250px}}body .owl-imgcarousel69dee85ebb770 .owl-nav .owl-prev, body .owl-imgcarousel69dee85ebb770 .owl-nav .owl-next {background:#164358; color: #ffffff}body .owl-imgcarousel69dee85ebb770 .owl-nav .owl-prev:hover, body .owl-imgcarousel69dee85ebb770 .owl-nav .owl-next:hover {background:rgba(22,67,88,0.9); color:#ffffff}<\/style><div class=><div class=\"owl-carousel owl-theme owl-imgcarousel69dee85ebb770\" ><div class=\"item\"><a   class=\"ilightbox69dee85ebb770\"  href=\"https:\/\/hotelmaria.net\/wp-content\/uploads\/1390434757636cdfa3fd24b207441eb30c8cc241a6.jpg\"  ><div data-src=\"https:\/\/hotelmaria.net\/wp-content\/uploads\/1390434757636cdfa3fd24b207441eb30c8cc241a6.jpg\" class=\"owl-lazy rolenzo_gal69dee85ebb770 hoverGal\" style=\"background:url(https:\/\/hotelmaria.net\/wp-content\/uploads\/1390434757636cdfa3fd24b207441eb30c8cc241a6.jpg) no-repeat center center \/cover;position:relative; \"> <div class=\"overlay\" style=\" background-color:rgba(22,67,88,0.8);\">   <svg class=\"addSvg\" xmlns=\"http:\/\/www.w3.org\/2000\/svg\" xmlns:xlink=\"http:\/\/www.w3.org\/1999\/xlink\" version=\"1.1\" id=\"Capa_1\" x=\"0px\" y=\"0px\" viewBox=\"0 0 42 42\" style=\"enable-background:new 0 0 42 42;\" xml:space=\"preserve\"><polygon points=\"42,20 22,20 22,0 20,0 20,20 0,20 0,22 20,22 20,42 22,42 22,22 42,22 \" fill=\"#ffffff\"\/><g><\/g><g><\/g><g><\/g><g><\/g><g><\/g><g><\/g><g><\/g><g><\/g><g><\/g><g><\/g><g><\/g><g><\/g><g><\/g><g><\/g><g><\/g><\/svg><\/div><\/div><\/a><\/div><div class=\"item\"><a   class=\"ilightbox69dee85ebb770\"  href=\"https:\/\/hotelmaria.net\/wp-content\/uploads\/13904351075185eb42536b24f65dbfa1666a718530.jpg\"  ><div data-src=\"https:\/\/hotelmaria.net\/wp-content\/uploads\/13904351075185eb42536b24f65dbfa1666a718530.jpg\" class=\"owl-lazy rolenzo_gal69dee85ebb770 hoverGal\" style=\"background:url(https:\/\/hotelmaria.net\/wp-content\/uploads\/13904351075185eb42536b24f65dbfa1666a718530.jpg) no-repeat center center \/cover;position:relative; \"> <div class=\"overlay\" style=\" background-color:rgba(22,67,88,0.8);\">   <svg class=\"addSvg\" xmlns=\"http:\/\/www.w3.org\/2000\/svg\" xmlns:xlink=\"http:\/\/www.w3.org\/1999\/xlink\" version=\"1.1\" id=\"Capa_1\" x=\"0px\" y=\"0px\" viewBox=\"0 0 42 42\" style=\"enable-background:new 0 0 42 42;\" xml:space=\"preserve\"><polygon points=\"42,20 22,20 22,0 20,0 20,20 0,20 0,22 20,22 20,42 22,42 22,22 42,22 \" fill=\"#ffffff\"\/><g><\/g><g><\/g><g><\/g><g><\/g><g><\/g><g><\/g><g><\/g><g><\/g><g><\/g><g><\/g><g><\/g><g><\/g><g><\/g><g><\/g><g><\/g><\/svg><\/div><\/div><\/a><\/div><div class=\"item\"><a   class=\"ilightbox69dee85ebb770\"  href=\"https:\/\/hotelmaria.net\/wp-content\/uploads\/139043517842930eb2e17973d4cb6d1ad99edd3fc0.jpg\"  ><div data-src=\"https:\/\/hotelmaria.net\/wp-content\/uploads\/139043517842930eb2e17973d4cb6d1ad99edd3fc0.jpg\" class=\"owl-lazy rolenzo_gal69dee85ebb770 hoverGal\" style=\"background:url(https:\/\/hotelmaria.net\/wp-content\/uploads\/139043517842930eb2e17973d4cb6d1ad99edd3fc0.jpg) no-repeat center center \/cover;position:relative; \"> <div class=\"overlay\" style=\" background-color:rgba(22,67,88,0.8);\">   <svg class=\"addSvg\" xmlns=\"http:\/\/www.w3.org\/2000\/svg\" xmlns:xlink=\"http:\/\/www.w3.org\/1999\/xlink\" version=\"1.1\" id=\"Capa_1\" x=\"0px\" y=\"0px\" viewBox=\"0 0 42 42\" style=\"enable-background:new 0 0 42 42;\" xml:space=\"preserve\"><polygon points=\"42,20 22,20 22,0 20,0 20,20 0,20 0,22 20,22 20,42 22,42 22,22 42,22 \" fill=\"#ffffff\"\/><g><\/g><g><\/g><g><\/g><g><\/g><g><\/g><g><\/g><g><\/g><g><\/g><g><\/g><g><\/g><g><\/g><g><\/g><g><\/g><g><\/g><g><\/g><\/svg><\/div><\/div><\/a><\/div><div class=\"item\"><a   class=\"ilightbox69dee85ebb770\"  href=\"https:\/\/hotelmaria.net\/wp-content\/uploads\/piscina3.jpg\"  ><div data-src=\"https:\/\/hotelmaria.net\/wp-content\/uploads\/piscina3.jpg\" class=\"owl-lazy rolenzo_gal69dee85ebb770 hoverGal\" style=\"background:url(https:\/\/hotelmaria.net\/wp-content\/uploads\/piscina3.jpg) no-repeat center center \/cover;position:relative; \"> <div class=\"overlay\" style=\" background-color:rgba(22,67,88,0.8);\">   <svg class=\"addSvg\" xmlns=\"http:\/\/www.w3.org\/2000\/svg\" xmlns:xlink=\"http:\/\/www.w3.org\/1999\/xlink\" version=\"1.1\" id=\"Capa_1\" x=\"0px\" y=\"0px\" viewBox=\"0 0 42 42\" style=\"enable-background:new 0 0 42 42;\" xml:space=\"preserve\"><polygon points=\"42,20 22,20 22,0 20,0 20,20 0,20 0,22 20,22 20,42 22,42 22,22 42,22 \" fill=\"#ffffff\"\/><g><\/g><g><\/g><g><\/g><g><\/g><g><\/g><g><\/g><g><\/g><g><\/g><g><\/g><g><\/g><g><\/g><g><\/g><g><\/g><g><\/g><g><\/g><\/svg><\/div><\/div><\/a><\/div><div class=\"item\"><a   class=\"ilightbox69dee85ebb770\"  href=\"https:\/\/hotelmaria.net\/wp-content\/uploads\/1390434298bd81031701a2b732a08b299179e1c2ef.jpg\"  ><div data-src=\"https:\/\/hotelmaria.net\/wp-content\/uploads\/1390434298bd81031701a2b732a08b299179e1c2ef.jpg\" class=\"owl-lazy rolenzo_gal69dee85ebb770 hoverGal\" style=\"background:url(https:\/\/hotelmaria.net\/wp-content\/uploads\/1390434298bd81031701a2b732a08b299179e1c2ef.jpg) no-repeat center center \/cover;position:relative; \"> <div class=\"overlay\" style=\" background-color:rgba(22,67,88,0.8);\">   <svg class=\"addSvg\" xmlns=\"http:\/\/www.w3.org\/2000\/svg\" xmlns:xlink=\"http:\/\/www.w3.org\/1999\/xlink\" version=\"1.1\" id=\"Capa_1\" x=\"0px\" y=\"0px\" viewBox=\"0 0 42 42\" style=\"enable-background:new 0 0 42 42;\" xml:space=\"preserve\"><polygon points=\"42,20 22,20 22,0 20,0 20,20 0,20 0,22 20,22 20,42 22,42 22,22 42,22 \" fill=\"#ffffff\"\/><g><\/g><g><\/g><g><\/g><g><\/g><g><\/g><g><\/g><g><\/g><g><\/g><g><\/g><g><\/g><g><\/g><g><\/g><g><\/g><g><\/g><g><\/g><\/svg><\/div><\/div><\/a><\/div><div class=\"item\"><a   class=\"ilightbox69dee85ebb770\"  href=\"https:\/\/hotelmaria.net\/wp-content\/uploads\/1390434323ef88990f6d053844f1f47d7549bbda98.jpg\"  ><div data-src=\"https:\/\/hotelmaria.net\/wp-content\/uploads\/1390434323ef88990f6d053844f1f47d7549bbda98.jpg\" class=\"owl-lazy rolenzo_gal69dee85ebb770 hoverGal\" style=\"background:url(https:\/\/hotelmaria.net\/wp-content\/uploads\/1390434323ef88990f6d053844f1f47d7549bbda98.jpg) no-repeat center center \/cover;position:relative; \"> <div class=\"overlay\" style=\" background-color:rgba(22,67,88,0.8);\">   <svg class=\"addSvg\" xmlns=\"http:\/\/www.w3.org\/2000\/svg\" xmlns:xlink=\"http:\/\/www.w3.org\/1999\/xlink\" version=\"1.1\" id=\"Capa_1\" x=\"0px\" y=\"0px\" viewBox=\"0 0 42 42\" style=\"enable-background:new 0 0 42 42;\" xml:space=\"preserve\"><polygon points=\"42,20 22,20 22,0 20,0 20,20 0,20 0,22 20,22 20,42 22,42 22,22 42,22 \" fill=\"#ffffff\"\/><g><\/g><g><\/g><g><\/g><g><\/g><g><\/g><g><\/g><g><\/g><g><\/g><g><\/g><g><\/g><g><\/g><g><\/g><g><\/g><g><\/g><g><\/g><\/svg><\/div><\/div><\/a><\/div><div class=\"item\"><a   class=\"ilightbox69dee85ebb770\"  href=\"https:\/\/hotelmaria.net\/wp-content\/uploads\/1390434584a20b6db1a44b6a2c5fe1731c31560512.jpg\"  ><div data-src=\"https:\/\/hotelmaria.net\/wp-content\/uploads\/1390434584a20b6db1a44b6a2c5fe1731c31560512.jpg\" class=\"owl-lazy rolenzo_gal69dee85ebb770 hoverGal\" style=\"background:url(https:\/\/hotelmaria.net\/wp-content\/uploads\/1390434584a20b6db1a44b6a2c5fe1731c31560512.jpg) no-repeat center center \/cover;position:relative; \"> <div class=\"overlay\" style=\" background-color:rgba(22,67,88,0.8);\">   <svg class=\"addSvg\" xmlns=\"http:\/\/www.w3.org\/2000\/svg\" xmlns:xlink=\"http:\/\/www.w3.org\/1999\/xlink\" version=\"1.1\" id=\"Capa_1\" x=\"0px\" y=\"0px\" viewBox=\"0 0 42 42\" style=\"enable-background:new 0 0 42 42;\" xml:space=\"preserve\"><polygon points=\"42,20 22,20 22,0 20,0 20,20 0,20 0,22 20,22 20,42 22,42 22,22 42,22 \" fill=\"#ffffff\"\/><g><\/g><g><\/g><g><\/g><g><\/g><g><\/g><g><\/g><g><\/g><g><\/g><g><\/g><g><\/g><g><\/g><g><\/g><g><\/g><g><\/g><g><\/g><\/svg><\/div><\/div><\/a><\/div><div class=\"item\"><a   class=\"ilightbox69dee85ebb770\"  href=\"https:\/\/hotelmaria.net\/wp-content\/uploads\/1390434723bf78d65ad94b0118e49d6608d02eb5bc.jpg\"  ><div data-src=\"https:\/\/hotelmaria.net\/wp-content\/uploads\/1390434723bf78d65ad94b0118e49d6608d02eb5bc.jpg\" class=\"owl-lazy rolenzo_gal69dee85ebb770 hoverGal\" style=\"background:url(https:\/\/hotelmaria.net\/wp-content\/uploads\/1390434723bf78d65ad94b0118e49d6608d02eb5bc.jpg) no-repeat center center \/cover;position:relative; \"> <div class=\"overlay\" style=\" background-color:rgba(22,67,88,0.8);\">   <svg class=\"addSvg\" xmlns=\"http:\/\/www.w3.org\/2000\/svg\" xmlns:xlink=\"http:\/\/www.w3.org\/1999\/xlink\" version=\"1.1\" id=\"Capa_1\" x=\"0px\" y=\"0px\" viewBox=\"0 0 42 42\" style=\"enable-background:new 0 0 42 42;\" xml:space=\"preserve\"><polygon points=\"42,20 22,20 22,0 20,0 20,20 0,20 0,22 20,22 20,42 22,42 22,22 42,22 \" fill=\"#ffffff\"\/><g><\/g><g><\/g><g><\/g><g><\/g><g><\/g><g><\/g><g><\/g><g><\/g><g><\/g><g><\/g><g><\/g><g><\/g><g><\/g><g><\/g><g><\/g><\/svg><\/div><\/div><\/a><\/div><div class=\"item\"><a   class=\"ilightbox69dee85ebb770\"  href=\"https:\/\/hotelmaria.net\/wp-content\/uploads\/1390435051a8f42d79dc010158337f2ed595d8ce6f.jpg\"  ><div data-src=\"https:\/\/hotelmaria.net\/wp-content\/uploads\/1390435051a8f42d79dc010158337f2ed595d8ce6f.jpg\" class=\"owl-lazy rolenzo_gal69dee85ebb770 hoverGal\" style=\"background:url(https:\/\/hotelmaria.net\/wp-content\/uploads\/1390435051a8f42d79dc010158337f2ed595d8ce6f.jpg) no-repeat center center \/cover;position:relative; \"> <div class=\"overlay\" style=\" background-color:rgba(22,67,88,0.8);\">   <svg class=\"addSvg\" xmlns=\"http:\/\/www.w3.org\/2000\/svg\" xmlns:xlink=\"http:\/\/www.w3.org\/1999\/xlink\" version=\"1.1\" id=\"Capa_1\" x=\"0px\" y=\"0px\" viewBox=\"0 0 42 42\" style=\"enable-background:new 0 0 42 42;\" xml:space=\"preserve\"><polygon points=\"42,20 22,20 22,0 20,0 20,20 0,20 0,22 20,22 20,42 22,42 22,22 42,22 \" fill=\"#ffffff\"\/><g><\/g><g><\/g><g><\/g><g><\/g><g><\/g><g><\/g><g><\/g><g><\/g><g><\/g><g><\/g><g><\/g><g><\/g><g><\/g><g><\/g><g><\/g><\/svg><\/div><\/div><\/a><\/div><div class=\"item\"><a   class=\"ilightbox69dee85ebb770\"  href=\"https:\/\/hotelmaria.net\/wp-content\/uploads\/1390435067aaf14e312a4e98e015f3f64034123aab.jpg\"  ><div data-src=\"https:\/\/hotelmaria.net\/wp-content\/uploads\/1390435067aaf14e312a4e98e015f3f64034123aab.jpg\" class=\"owl-lazy rolenzo_gal69dee85ebb770 hoverGal\" style=\"background:url(https:\/\/hotelmaria.net\/wp-content\/uploads\/1390435067aaf14e312a4e98e015f3f64034123aab.jpg) no-repeat center center \/cover;position:relative; \"> <div class=\"overlay\" style=\" background-color:rgba(22,67,88,0.8);\">   <svg class=\"addSvg\" xmlns=\"http:\/\/www.w3.org\/2000\/svg\" xmlns:xlink=\"http:\/\/www.w3.org\/1999\/xlink\" version=\"1.1\" id=\"Capa_1\" x=\"0px\" y=\"0px\" viewBox=\"0 0 42 42\" style=\"enable-background:new 0 0 42 42;\" xml:space=\"preserve\"><polygon points=\"42,20 22,20 22,0 20,0 20,20 0,20 0,22 20,22 20,42 22,42 22,22 42,22 \" fill=\"#ffffff\"\/><g><\/g><g><\/g><g><\/g><g><\/g><g><\/g><g><\/g><g><\/g><g><\/g><g><\/g><g><\/g><g><\/g><g><\/g><g><\/g><g><\/g><g><\/g><\/svg><\/div><\/div><\/a><\/div><div class=\"item\"><a   class=\"ilightbox69dee85ebb770\"  href=\"https:\/\/hotelmaria.net\/wp-content\/uploads\/1390435072c582f4cd88f38a1ec82695ba7d6c718a.jpg\"  ><div data-src=\"https:\/\/hotelmaria.net\/wp-content\/uploads\/1390435072c582f4cd88f38a1ec82695ba7d6c718a.jpg\" class=\"owl-lazy rolenzo_gal69dee85ebb770 hoverGal\" style=\"background:url(https:\/\/hotelmaria.net\/wp-content\/uploads\/1390435072c582f4cd88f38a1ec82695ba7d6c718a.jpg) no-repeat center center \/cover;position:relative; \"> <div class=\"overlay\" style=\" background-color:rgba(22,67,88,0.8);\">   <svg class=\"addSvg\" xmlns=\"http:\/\/www.w3.org\/2000\/svg\" xmlns:xlink=\"http:\/\/www.w3.org\/1999\/xlink\" version=\"1.1\" id=\"Capa_1\" x=\"0px\" y=\"0px\" viewBox=\"0 0 42 42\" style=\"enable-background:new 0 0 42 42;\" xml:space=\"preserve\"><polygon points=\"42,20 22,20 22,0 20,0 20,20 0,20 0,22 20,22 20,42 22,42 22,22 42,22 \" fill=\"#ffffff\"\/><g><\/g><g><\/g><g><\/g><g><\/g><g><\/g><g><\/g><g><\/g><g><\/g><g><\/g><g><\/g><g><\/g><g><\/g><g><\/g><g><\/g><g><\/g><\/svg><\/div><\/div><\/a><\/div><div class=\"item\"><a   class=\"ilightbox69dee85ebb770\"  href=\"https:\/\/hotelmaria.net\/wp-content\/uploads\/1390435221ef647b99217c3123a97d327535770967.jpg\"  ><div data-src=\"https:\/\/hotelmaria.net\/wp-content\/uploads\/1390435221ef647b99217c3123a97d327535770967.jpg\" class=\"owl-lazy rolenzo_gal69dee85ebb770 hoverGal\" style=\"background:url(https:\/\/hotelmaria.net\/wp-content\/uploads\/1390435221ef647b99217c3123a97d327535770967.jpg) no-repeat center center \/cover;position:relative; \"> <div class=\"overlay\" style=\" background-color:rgba(22,67,88,0.8);\">   <svg class=\"addSvg\" xmlns=\"http:\/\/www.w3.org\/2000\/svg\" xmlns:xlink=\"http:\/\/www.w3.org\/1999\/xlink\" version=\"1.1\" id=\"Capa_1\" x=\"0px\" y=\"0px\" viewBox=\"0 0 42 42\" style=\"enable-background:new 0 0 42 42;\" xml:space=\"preserve\"><polygon points=\"42,20 22,20 22,0 20,0 20,20 0,20 0,22 20,22 20,42 22,42 22,22 42,22 \" fill=\"#ffffff\"\/><g><\/g><g><\/g><g><\/g><g><\/g><g><\/g><g><\/g><g><\/g><g><\/g><g><\/g><g><\/g><g><\/g><g><\/g><g><\/g><g><\/g><g><\/g><\/svg><\/div><\/div><\/a><\/div><div class=\"item\"><a   class=\"ilightbox69dee85ebb770\"  href=\"https:\/\/hotelmaria.net\/wp-content\/uploads\/13904343439fd88b12d0ad8ac99b030e8c4e5b2540.jpg\"  ><div data-src=\"https:\/\/hotelmaria.net\/wp-content\/uploads\/13904343439fd88b12d0ad8ac99b030e8c4e5b2540.jpg\" class=\"owl-lazy rolenzo_gal69dee85ebb770 hoverGal\" style=\"background:url(https:\/\/hotelmaria.net\/wp-content\/uploads\/13904343439fd88b12d0ad8ac99b030e8c4e5b2540.jpg) no-repeat center center \/cover;position:relative; \"> <div class=\"overlay\" style=\" background-color:rgba(22,67,88,0.8);\">   <svg class=\"addSvg\" xmlns=\"http:\/\/www.w3.org\/2000\/svg\" xmlns:xlink=\"http:\/\/www.w3.org\/1999\/xlink\" version=\"1.1\" id=\"Capa_1\" x=\"0px\" y=\"0px\" viewBox=\"0 0 42 42\" style=\"enable-background:new 0 0 42 42;\" xml:space=\"preserve\"><polygon points=\"42,20 22,20 22,0 20,0 20,20 0,20 0,22 20,22 20,42 22,42 22,22 42,22 \" fill=\"#ffffff\"\/><g><\/g><g><\/g><g><\/g><g><\/g><g><\/g><g><\/g><g><\/g><g><\/g><g><\/g><g><\/g><g><\/g><g><\/g><g><\/g><g><\/g><g><\/g><\/svg><\/div><\/div><\/a><\/div><div class=\"item\"><a   class=\"ilightbox69dee85ebb770\"  href=\"https:\/\/hotelmaria.net\/wp-content\/uploads\/139043331054dd7da9994d814cef19364f261ba0aa.jpg\"  ><div data-src=\"https:\/\/hotelmaria.net\/wp-content\/uploads\/139043331054dd7da9994d814cef19364f261ba0aa.jpg\" class=\"owl-lazy rolenzo_gal69dee85ebb770 hoverGal\" style=\"background:url(https:\/\/hotelmaria.net\/wp-content\/uploads\/139043331054dd7da9994d814cef19364f261ba0aa.jpg) no-repeat center center \/cover;position:relative; \"> <div class=\"overlay\" style=\" background-color:rgba(22,67,88,0.8);\">   <svg class=\"addSvg\" xmlns=\"http:\/\/www.w3.org\/2000\/svg\" xmlns:xlink=\"http:\/\/www.w3.org\/1999\/xlink\" version=\"1.1\" id=\"Capa_1\" x=\"0px\" y=\"0px\" viewBox=\"0 0 42 42\" style=\"enable-background:new 0 0 42 42;\" xml:space=\"preserve\"><polygon points=\"42,20 22,20 22,0 20,0 20,20 0,20 0,22 20,22 20,42 22,42 22,22 42,22 \" fill=\"#ffffff\"\/><g><\/g><g><\/g><g><\/g><g><\/g><g><\/g><g><\/g><g><\/g><g><\/g><g><\/g><g><\/g><g><\/g><g><\/g><g><\/g><g><\/g><g><\/g><\/svg><\/div><\/div><\/a><\/div><\/div><\/div><script>jQuery('.ilightbox69dee85ebb770').iLightBox({skin: 'metro-black',path: 'horizontal',controls: {toolbar: true,arrows: true,fullscreen: true,thumbnail: true,keyboard: true,mousewheel: true,swipe: true},caption: {start: false,}});<\/script>[\/vc_column_inner][vc_column_inner][vc_empty_space height=&#8220;64px&#8220;][\/vc_column_inner][\/vc_row_inner][\/vc_column][\/vc_row]<\/p>\n<\/div>","protected":false},"excerpt":{"rendered":"<p>[vc_row max_row_content_width=&#8220;100%&#8220; row_content_width=&#8220;100%&#8220;][vc_column][\/vc_column][\/vc_row][vc_row max_row_content_width=&#8220;100%&#8220; row_content_width=&#8220;100%&#8220; bg_row=&#8220;center center&#8220; css=&#8220;.vc_custom_1523439953776{background-image: url(http:\/\/hotelmaria.net\/wp-content\/uploads\/cucina4.jpg?id=389) !important;background-position: center !important;background-repeat: no-repeat !important;background-size: cover !important;}&#8220;][vc_column][vc_empty_space height=&#8220;490px&#8220;][\/vc_column][\/vc_row][vc_row max_row_content_width=&#8220;1400px&#8220; row_content_width=&#8220;100%&#8220; bg_type=&#8220;bg_color&#8220; seperator_enable=&#8220;seperator_enable_value&#8220; seperator_type=&#8220;xlarge_circle_seperator&#8220; seperator_position=&#8220;bottom_seperator&#8220; seperator_svg_height=&#8220;100&#8243; seperator_shape_background=&#8220;#ffffff&#8220; bg_color_value=&#8220;#74c2dc&#8220;][vc_column][vc_row_inner equal_height=&#8220;yes&#8220; content_placement=&#8220;middle&#8220;][vc_column_inner el_class=&#8220;wow fadeIn whitefont&#8220; width=&#8220;1\/2&#8243; offset=&#8220;vc_col-lg-8 vc_col-md-8 vc_col-xs-12&#8243; css=&#8220;.vc_custom_1523372696741{padding-top: 50px !important;padding-right: 50px !important;padding-bottom: 50px !important;padding-left: 50px !important;background-position: 0 0 !important;background-repeat: repeat !important;}&#8220;][vc_custom_heading text=&#8220;Restaurant&#8220; font_container=&#8220;tag:h1|text_align:center|color:%23ffffff&#8220; use_theme_fonts=&#8220;yes&#8220;][vc_separator color=&#8220;custom&#8220; accent_color=&#8220;#ffffff&#8220; el_class=&#8220;separatore&#8220; &hellip; <a href=\"https:\/\/hotelmaria.net\/de\/restaurant\/\" class=\"more-link\"><span class=\"screen-reader-text\">\u201eRestaurant\u201c<\/span> weiterlesen<\/a><\/p>\n","protected":false},"author":1,"featured_media":0,"parent":0,"menu_order":0,"comment_status":"closed","ping_status":"closed","template":"","meta":{"footnotes":""},"_links":{"self":[{"href":"https:\/\/hotelmaria.net\/de\/wp-json\/wp\/v2\/pages\/920"}],"collection":[{"href":"https:\/\/hotelmaria.net\/de\/wp-json\/wp\/v2\/pages"}],"about":[{"href":"https:\/\/hotelmaria.net\/de\/wp-json\/wp\/v2\/types\/page"}],"author":[{"embeddable":true,"href":"https:\/\/hotelmaria.net\/de\/wp-json\/wp\/v2\/users\/1"}],"replies":[{"embeddable":true,"href":"https:\/\/hotelmaria.net\/de\/wp-json\/wp\/v2\/comments?post=920"}],"version-history":[{"count":2,"href":"https:\/\/hotelmaria.net\/de\/wp-json\/wp\/v2\/pages\/920\/revisions"}],"predecessor-version":[{"id":950,"href":"https:\/\/hotelmaria.net\/de\/wp-json\/wp\/v2\/pages\/920\/revisions\/950"}],"wp:attachment":[{"href":"https:\/\/hotelmaria.net\/de\/wp-json\/wp\/v2\/media?parent=920"}],"curies":[{"name":"wp","href":"https:\/\/api.w.org\/{rel}","templated":true}]}}