{"id":908,"date":"2018-04-10T12:41:02","date_gmt":"2018-04-10T10:41:02","guid":{"rendered":"http:\/\/hotelmaria.net\/hotel\/"},"modified":"2020-02-22T17:55:20","modified_gmt":"2020-02-22T16:55:20","slug":"hotel-in-die-abruzzen-pineto","status":"publish","type":"page","link":"https:\/\/hotelmaria.net\/de\/hotel-in-die-abruzzen-pineto\/","title":{"rendered":"Hotel"},"content":{"rendered":"<div class=\"wpb-content-wrapper\"><p>[vc_row max_row_content_width=&#8220;100%&#8220; row_content_width=&#8220;100%&#8220;][vc_column]<div class=\"ult-spacer spacer-69deee2be3b11\" data-id=\"69deee2be3b11\" data-height=\"151\" data-height-mobile=\"0\" data-height-tab=\"108\" data-height-tab-portrait=\"108\" data-height-mobile-landscape=\"0\" style=\"clear:both;display:block;\"><\/div>[\/vc_column][\/vc_row][vc_row max_row_content_width=&#8220;100%&#8220; row_content_width=&#8220;100%&#8220; bg_row=&#8220;center center&#8220; css=&#8220;.vc_custom_1523374440674{background-image: url(http:\/\/hotelmaria.net\/wp-content\/uploads\/index1.jpg?id=67) !important;background-position: center !important;background-repeat: no-repeat !important;background-size: cover !important;}&#8220;][vc_column][vc_empty_space height=&#8220;490px&#8220;][\/vc_column][\/vc_row][vc_row max_row_content_width=&#8220;1400px&#8220; row_content_width=&#8220;100%&#8220; bg_type=&#8220;bg_color&#8220; seperator_enable=&#8220;seperator_enable_value&#8220; seperator_type=&#8220;xlarge_circle_seperator&#8220; seperator_position=&#8220;bottom_seperator&#8220; seperator_svg_height=&#8220;100&#8243; seperator_shape_background=&#8220;#ffffff&#8220; bg_color_value=&#8220;#74c2dc&#8220;][vc_column][vc_row_inner equal_height=&#8220;yes&#8220; content_placement=&#8220;middle&#8220;][vc_column_inner el_class=&#8220;wow fadeIn whitefont&#8220; offset=&#8220;vc_col-lg-8 vc_col-md-8 vc_col-xs-12&#8243; css=&#8220;.vc_custom_1528882876431{padding-top: 50px !important;padding-right: 50px !important;padding-bottom: 50px !important;padding-left: 50px !important;background-position: 0 0 !important;background-repeat: repeat !important;}&#8220;][vc_custom_heading text=&#8220;Hotel Maria &#8211; Pineto&#8220; font_container=&#8220;tag:h1|text_align:center|color:%23ffffff&#8220; use_theme_fonts=&#8220;yes&#8220;][vc_separator color=&#8220;custom&#8220; accent_color=&#8220;#ffffff&#8220; el_class=&#8220;separatore&#8220; css=&#8220;.vc_custom_1523365059271{margin-top: 20px !important;margin-bottom: 20px !important;}&#8220;][vc_column_text]<\/p>\n<p style=\"text-align: center;\">Das\u00a0<strong class=\"evidenziato\">3-Sterne-Hotel Maria in der N\u00e4he von Pineto\u00a0<\/strong>hat eine ruhige und zauberhafte Lage auf den H\u00fcgeln \u00fcber der Adria der Abruzzen.<\/p>\n<p style=\"text-align: center;\">Seit 1976 leitet die\u00a0<strong class=\"evidenziato\">Familie Del Sole<\/strong>\u00a0mit Enthusiasmus und Leidenschaft das Hotel und empf\u00e4ngt alle G\u00e4ste mit\u00a0<strong class=\"evidenziato\">Herzlichkeit und Professionalit\u00e4t.\u00a0<\/strong>Das ganze Jahr \u00fcber bietet sie Ihnen einen angenehmen Aufenthalt mit viel Vergn\u00fcgen, Erholung und Gelassenheit.<\/p>\n<p style=\"text-align: center;\">Nicht nur die nette famili\u00e4re Atmosph\u00e4re des\u00a0<strong class=\"evidenziato\">Hotels Maria<\/strong>, sondern auch der Badeort\u00a0<strong class=\"evidenziato\">Pineto,\u00a0<\/strong>der gr\u00fcne Strand der Abruzzen,<strong>\u00a0<\/strong>wird Sie begeistern.\u00a0 Er bietet ein\u00a0<strong class=\"evidenziato\">blaues flach abfallendes Meer, was vor allem f\u00fcr Kinder\u00a0<\/strong>ideal ist, um ruhig und sicher am Strand zu spielen.<br \/>\nDer Strand hat einen\u00a0<strong class=\"evidenziato\">feinen goldgelben Sand\u00a0<\/strong>und wird von einem wundersch\u00f6nen\u00a0<strong class=\"evidenziato\">Pinienwald,\u00a0<\/strong>die gr\u00fcne Lunge des Ortes,\u00a0<strong class=\"evidenziato\">\u00a0<\/strong>ges\u00e4umt. Er eignet sich ideal f\u00fcr lange Spazierg\u00e4nge, Jogging und\u00a0<strong class=\"evidenziato\">Fahrradtouren<\/strong>. Der Fahrradweg ist 6km lang und geht bis nach Scerne di Pineto.<br \/>\nLeihen Sie sich bei uns kostenlos ein Fahrrad aus, um diese wundersch\u00f6ne Gegend zu erkunden.<\/p>\n<p style=\"text-align: center;\">Das\u00a0<strong class=\"evidenziato\">3-Sterne Hotel Maria\u00a0<\/strong>befindet sich nur wenige Minuten vom Meer entfernt und in der N\u00e4he \u00a0der Autobahnausfahrt Atri-Pineto auf der Autobahn \u00a0A14, die nach Bari und Bologna f\u00fchrt. Es ist eine\u00a0<strong class=\"evidenziato\">kleine Oase,\u00a0<\/strong>wo man sich das ganze Jahr \u00fcber erholen und Kraft tanken kann. Das Hotel bietet sich auch f\u00fcr Gesch\u00e4ftsreisende oder f\u00fcr\u00a0<strong class=\"evidenziato\">eine angenehme Rast\u00a0<\/strong>auf der Fahrt von Norden nach S\u00fcden an.<\/p>\n<p>[\/vc_column_text][\/vc_column_inner][vc_column_inner offset=&#8220;vc_col-lg-4 vc_col-md-4 vc_col-xs-12&#8243; css=&#8220;.vc_custom_1528882866491{padding-top: 50px !important;padding-right: 50px !important;padding-bottom: 50px !important;padding-left: 50px !important;background-position: 0 0 !important;background-repeat: repeat !important;}&#8220;][vc_custom_heading text=&#8220;Angebote&#8220; font_container=&#8220;tag:h2|text_align:center|color:%23ffffff&#8220; use_theme_fonts=&#8220;yes&#8220;][vc_separator color=&#8220;custom&#8220; accent_color=&#8220;#ffffff&#8220; el_class=&#8220;separatore&#8220; css=&#8220;.vc_custom_1523372759124{margin-top: 20px !important;margin-bottom: 20px !important;}&#8220;][vc_basic_grid post_type=&#8220;offerte&#8220; max_items=&#8220;10&#8243; style=&#8220;pagination&#8220; items_per_page=&#8220;1&#8243; element_width=&#8220;12&#8243; gap=&#8220;5&#8243; arrows_design=&#8220;vc_arrow-icon-arrow_03_left&#8220; arrows_color=&#8220;grey&#8220; paging_design=&#8220;none&#8220; loop=&#8220;yes&#8220; item=&#8220;187&#8243; grid_id=&#8220;vc_gid:1528886146925-281ab80e-06aa-3&#8243;][\/vc_column_inner][\/vc_row_inner][\/vc_column][\/vc_row][vc_row max_row_content_width=&#8220;1400px&#8220; row_content_width=&#8220;100%&#8220; bg_type=&#8220;bg_color&#8220; seperator_enable=&#8220;seperator_enable_value&#8220; seperator_type=&#8220;xlarge_circle_seperator&#8220; seperator_position=&#8220;bottom_seperator&#8220; seperator_svg_height=&#8220;100&#8243; seperator_shape_background=&#8220;#62c3d3&#8243; bg_color_value=&#8220;#ffffff&#8220;][vc_column][vc_row_inner equal_height=&#8220;yes&#8220; content_placement=&#8220;middle&#8220;][vc_column_inner offset=&#8220;vc_col-lg-4 vc_col-md-4 vc_col-xs-12&#8243; css=&#8220;.vc_custom_1528882933505{padding-top: 50px !important;padding-right: 50px !important;padding-bottom: 50px !important;padding-left: 50px !important;background-position: 0 0 !important;background-repeat: repeat !important;}&#8220;]<script>jQuery( document ).ready(function() {jQuery('.owl-imgcarousel69deee2be3ba5').owlCarousel({loop:false,nav:false,navText:[\"<i class=\\\"fa fa-arrow-left\\\" aria-hidden=\\\"true\\\"><\/i>\",\"<i class=\\\"fa fa-arrow-right\\\" aria-hidden=\\\"true\\\"><\/i>\"],dots:false,lazyLoad: true,autoplay:3000,items:1,animateIn: 'fadeIn',animateOut: 'fadeOut',});});<\/script><style>.rolenzo_gal69deee2be3ba5  {margin:0px}@media (min-width:1500px){ .rolenzo_gal69deee2be3ba5 {height:350px}}@media (min-width:1200px) and (max-width:1499px) { .rolenzo_gal69deee2be3ba5 {height:350px}}@media (min-width:992px) and (max-width:1199px) {.rolenzo_gal69deee2be3ba5 {height:300px}}@media (min-width:768px) and (max-width:991px) {.rolenzo_gal69deee2be3ba5 {height:250px}}@media (max-width:767px) { .rolenzo_gal69deee2be3ba5 {height:250px}}body .owl-imgcarousel69deee2be3ba5 .owl-nav .owl-prev, body .owl-imgcarousel69deee2be3ba5 .owl-nav .owl-next {background:; color: }body .owl-imgcarousel69deee2be3ba5 .owl-nav .owl-prev:hover, body .owl-imgcarousel69deee2be3ba5 .owl-nav .owl-next:hover {background:; color:}<\/style><div class=><div class=\"owl-carousel owl-theme owl-imgcarousel69deee2be3ba5\" ><div class=\"item\"><a   class=\"ilightbox69deee2be3ba5\"  href=\"https:\/\/hotelmaria.net\/wp-content\/uploads\/6061318.jpg\"  ><div data-src=\"https:\/\/hotelmaria.net\/wp-content\/uploads\/6061318-1024x768.jpg\" class=\"owl-lazy rolenzo_gal69deee2be3ba5 hoverGal\" style=\"background:url(https:\/\/hotelmaria.net\/wp-content\/uploads\/6061318-1024x768.jpg) no-repeat center center \/cover;position:relative; \"> <div class=\"overlay\" style=\" background-color:rgba(22,67,88,0.8);\">   <svg class=\"addSvg\" xmlns=\"http:\/\/www.w3.org\/2000\/svg\" xmlns:xlink=\"http:\/\/www.w3.org\/1999\/xlink\" version=\"1.1\" id=\"Capa_1\" x=\"0px\" y=\"0px\" viewBox=\"0 0 42 42\" style=\"enable-background:new 0 0 42 42;\" xml:space=\"preserve\"><polygon points=\"42,20 22,20 22,0 20,0 20,20 0,20 0,22 20,22 20,42 22,42 22,22 42,22 \" fill=\"#ffffff\"\/><g><\/g><g><\/g><g><\/g><g><\/g><g><\/g><g><\/g><g><\/g><g><\/g><g><\/g><g><\/g><g><\/g><g><\/g><g><\/g><g><\/g><g><\/g><\/svg><\/div><\/div><\/a><\/div><div class=\"item\"><a   class=\"ilightbox69deee2be3ba5\"  href=\"https:\/\/hotelmaria.net\/wp-content\/uploads\/56528557-1.jpg\"  ><div data-src=\"https:\/\/hotelmaria.net\/wp-content\/uploads\/56528557-1-1024x683.jpg\" class=\"owl-lazy rolenzo_gal69deee2be3ba5 hoverGal\" style=\"background:url(https:\/\/hotelmaria.net\/wp-content\/uploads\/56528557-1-1024x683.jpg) no-repeat center center \/cover;position:relative; \"> <div class=\"overlay\" style=\" background-color:rgba(22,67,88,0.8);\">   <svg class=\"addSvg\" xmlns=\"http:\/\/www.w3.org\/2000\/svg\" xmlns:xlink=\"http:\/\/www.w3.org\/1999\/xlink\" version=\"1.1\" id=\"Capa_1\" x=\"0px\" y=\"0px\" viewBox=\"0 0 42 42\" style=\"enable-background:new 0 0 42 42;\" xml:space=\"preserve\"><polygon points=\"42,20 22,20 22,0 20,0 20,20 0,20 0,22 20,22 20,42 22,42 22,22 42,22 \" fill=\"#ffffff\"\/><g><\/g><g><\/g><g><\/g><g><\/g><g><\/g><g><\/g><g><\/g><g><\/g><g><\/g><g><\/g><g><\/g><g><\/g><g><\/g><g><\/g><g><\/g><\/svg><\/div><\/div><\/a><\/div><div class=\"item\"><a   class=\"ilightbox69deee2be3ba5\"  href=\"https:\/\/hotelmaria.net\/wp-content\/uploads\/56528739.jpg\"  ><div data-src=\"https:\/\/hotelmaria.net\/wp-content\/uploads\/56528739-1024x683.jpg\" class=\"owl-lazy rolenzo_gal69deee2be3ba5 hoverGal\" style=\"background:url(https:\/\/hotelmaria.net\/wp-content\/uploads\/56528739-1024x683.jpg) no-repeat center center \/cover;position:relative; \"> <div class=\"overlay\" style=\" background-color:rgba(22,67,88,0.8);\">   <svg class=\"addSvg\" xmlns=\"http:\/\/www.w3.org\/2000\/svg\" xmlns:xlink=\"http:\/\/www.w3.org\/1999\/xlink\" version=\"1.1\" id=\"Capa_1\" x=\"0px\" y=\"0px\" viewBox=\"0 0 42 42\" style=\"enable-background:new 0 0 42 42;\" xml:space=\"preserve\"><polygon points=\"42,20 22,20 22,0 20,0 20,20 0,20 0,22 20,22 20,42 22,42 22,22 42,22 \" fill=\"#ffffff\"\/><g><\/g><g><\/g><g><\/g><g><\/g><g><\/g><g><\/g><g><\/g><g><\/g><g><\/g><g><\/g><g><\/g><g><\/g><g><\/g><g><\/g><g><\/g><\/svg><\/div><\/div><\/a><\/div><div class=\"item\"><a   class=\"ilightbox69deee2be3ba5\"  href=\"https:\/\/hotelmaria.net\/wp-content\/uploads\/56294451.jpg\"  ><div data-src=\"https:\/\/hotelmaria.net\/wp-content\/uploads\/56294451-1024x723.jpg\" class=\"owl-lazy rolenzo_gal69deee2be3ba5 hoverGal\" style=\"background:url(https:\/\/hotelmaria.net\/wp-content\/uploads\/56294451-1024x723.jpg) no-repeat center center \/cover;position:relative; \"> <div class=\"overlay\" style=\" background-color:rgba(22,67,88,0.8);\">   <svg class=\"addSvg\" xmlns=\"http:\/\/www.w3.org\/2000\/svg\" xmlns:xlink=\"http:\/\/www.w3.org\/1999\/xlink\" version=\"1.1\" id=\"Capa_1\" x=\"0px\" y=\"0px\" viewBox=\"0 0 42 42\" style=\"enable-background:new 0 0 42 42;\" xml:space=\"preserve\"><polygon points=\"42,20 22,20 22,0 20,0 20,20 0,20 0,22 20,22 20,42 22,42 22,22 42,22 \" fill=\"#ffffff\"\/><g><\/g><g><\/g><g><\/g><g><\/g><g><\/g><g><\/g><g><\/g><g><\/g><g><\/g><g><\/g><g><\/g><g><\/g><g><\/g><g><\/g><g><\/g><\/svg><\/div><\/div><\/a><\/div><div class=\"item\"><a   class=\"ilightbox69deee2be3ba5\"  href=\"https:\/\/hotelmaria.net\/wp-content\/uploads\/56282253.jpg\"  ><div data-src=\"https:\/\/hotelmaria.net\/wp-content\/uploads\/56282253-1024x768.jpg\" class=\"owl-lazy rolenzo_gal69deee2be3ba5 hoverGal\" style=\"background:url(https:\/\/hotelmaria.net\/wp-content\/uploads\/56282253-1024x768.jpg) no-repeat center center \/cover;position:relative; \"> <div class=\"overlay\" style=\" background-color:rgba(22,67,88,0.8);\">   <svg class=\"addSvg\" xmlns=\"http:\/\/www.w3.org\/2000\/svg\" xmlns:xlink=\"http:\/\/www.w3.org\/1999\/xlink\" version=\"1.1\" id=\"Capa_1\" x=\"0px\" y=\"0px\" viewBox=\"0 0 42 42\" style=\"enable-background:new 0 0 42 42;\" xml:space=\"preserve\"><polygon points=\"42,20 22,20 22,0 20,0 20,20 0,20 0,22 20,22 20,42 22,42 22,22 42,22 \" fill=\"#ffffff\"\/><g><\/g><g><\/g><g><\/g><g><\/g><g><\/g><g><\/g><g><\/g><g><\/g><g><\/g><g><\/g><g><\/g><g><\/g><g><\/g><g><\/g><g><\/g><\/svg><\/div><\/div><\/a><\/div><\/div><\/div><script>jQuery('.ilightbox69deee2be3ba5').iLightBox({skin: 'metro-black',path: 'horizontal',controls: {toolbar: true,arrows: true,fullscreen: true,thumbnail: true,keyboard: true,mousewheel: true,swipe: true},caption: {start: false,}});<\/script>[\/vc_column_inner][vc_column_inner el_class=&#8220;wow fadeInUp &#8220; offset=&#8220;vc_col-lg-8 vc_col-md-8 vc_col-xs-12&#8243; css=&#8220;.vc_custom_1528882944994{padding-top: 50px !important;padding-right: 50px !important;padding-bottom: 50px !important;padding-left: 50px !important;background-position: 0 0 !important;background-repeat: repeat !important;}&#8220;][vc_custom_heading text=&#8220;Die authentische abruzzesische Gastfreundschaft&#8220; font_container=&#8220;tag:h1|text_align:center&#8220; use_theme_fonts=&#8220;yes&#8220;][vc_separator color=&#8220;custom&#8220; accent_color=&#8220;#164358&#8243; el_class=&#8220;separatore&#8220; css=&#8220;.vc_custom_1523373732213{margin-top: 20px !important;margin-bottom: 20px !important;}&#8220;][vc_column_text]<\/p>\n<p style=\"text-align: center;\">Das\u00a0<strong class=\"evidenziato\">3-Sterne Hotel Maria\u00a0<\/strong>befindet sich nur wenige Minuten vom Meer entfernt und in der N\u00e4he \u00a0der Autobahnausfahrt Atri-Pineto auf der Autobahn \u00a0A14, die nach Bari und Bologna f\u00fchrt. Es ist eine\u00a0<strong class=\"evidenziato\">kleine Oase,\u00a0<\/strong>wo man sich das ganze Jahr \u00fcber erholen und Kraft tanken kann. Das Hotel bietet sich auch f\u00fcr Gesch\u00e4ftsreisende oder f\u00fcr\u00a0<strong class=\"evidenziato\">eine angenehme Rast\u00a0<\/strong>auf der Fahrt von Norden nach S\u00fcden an.<\/p>\n<p style=\"text-align: center;\">Hier k\u00f6nnen Sie die authentische\u00a0<strong class=\"evidenziato\">abruzzesische Gastfreundschaft\u00a0<\/strong>und die\u00a0<strong class=\"evidenziato\">typische K\u00fcche\u00a0<\/strong>\u00a0testen. Probieren Sie vor allem unsere\u00a0<strong class=\"evidenziato\">handgemachte Pasta\u00a0<\/strong>und zum Fr\u00fchst\u00fcck die leckeren hausgemachten Kuchen und Geb\u00e4ckst\u00fccke wie den traditionellen abruzzesischen Kranzkuchen und die Kekse, die schon unserer Gro\u00dfeltern liebten.<\/p>\n<p style=\"text-align: center;\">Wollen Sie mehr zu unseren Rezepten wissen?Dann fragen Sie uns, wie wir die Gerichte zubereiten. Sie k\u00f6nnen uns kostenlos \u00fcber Skype kontaktieren. Unser Kontakt lautet:\u00a0<a href=\"skype:hotelmariapineto?call\">hotelmariapineto<\/a>.<\/p>\n<p>[\/vc_column_text][\/vc_column_inner][vc_column_inner][vc_empty_space height=&#8220;64px&#8220;][\/vc_column_inner][\/vc_row_inner][\/vc_column][\/vc_row]<\/p>\n<\/div>","protected":false},"excerpt":{"rendered":"<p>[vc_row max_row_content_width=&#8220;100%&#8220; row_content_width=&#8220;100%&#8220;][vc_column][\/vc_column][\/vc_row][vc_row max_row_content_width=&#8220;100%&#8220; row_content_width=&#8220;100%&#8220; bg_row=&#8220;center center&#8220; css=&#8220;.vc_custom_1523374440674{background-image: url(http:\/\/hotelmaria.net\/wp-content\/uploads\/index1.jpg?id=67) !important;background-position: center !important;background-repeat: no-repeat !important;background-size: cover !important;}&#8220;][vc_column][vc_empty_space height=&#8220;490px&#8220;][\/vc_column][\/vc_row][vc_row max_row_content_width=&#8220;1400px&#8220; row_content_width=&#8220;100%&#8220; bg_type=&#8220;bg_color&#8220; seperator_enable=&#8220;seperator_enable_value&#8220; seperator_type=&#8220;xlarge_circle_seperator&#8220; seperator_position=&#8220;bottom_seperator&#8220; seperator_svg_height=&#8220;100&#8243; seperator_shape_background=&#8220;#ffffff&#8220; bg_color_value=&#8220;#74c2dc&#8220;][vc_column][vc_row_inner equal_height=&#8220;yes&#8220; content_placement=&#8220;middle&#8220;][vc_column_inner el_class=&#8220;wow fadeIn whitefont&#8220; offset=&#8220;vc_col-lg-8 vc_col-md-8 vc_col-xs-12&#8243; css=&#8220;.vc_custom_1528882876431{padding-top: 50px !important;padding-right: 50px !important;padding-bottom: 50px !important;padding-left: 50px !important;background-position: 0 0 !important;background-repeat: repeat !important;}&#8220;][vc_custom_heading text=&#8220;Hotel Maria &#8211; Pineto&#8220; font_container=&#8220;tag:h1|text_align:center|color:%23ffffff&#8220; use_theme_fonts=&#8220;yes&#8220;][vc_separator color=&#8220;custom&#8220; &hellip; <a href=\"https:\/\/hotelmaria.net\/de\/hotel-in-die-abruzzen-pineto\/\" class=\"more-link\"><span class=\"screen-reader-text\">\u201eHotel\u201c<\/span> weiterlesen<\/a><\/p>\n","protected":false},"author":1,"featured_media":0,"parent":0,"menu_order":0,"comment_status":"closed","ping_status":"closed","template":"","meta":{"footnotes":""},"_links":{"self":[{"href":"https:\/\/hotelmaria.net\/de\/wp-json\/wp\/v2\/pages\/908"}],"collection":[{"href":"https:\/\/hotelmaria.net\/de\/wp-json\/wp\/v2\/pages"}],"about":[{"href":"https:\/\/hotelmaria.net\/de\/wp-json\/wp\/v2\/types\/page"}],"author":[{"embeddable":true,"href":"https:\/\/hotelmaria.net\/de\/wp-json\/wp\/v2\/users\/1"}],"replies":[{"embeddable":true,"href":"https:\/\/hotelmaria.net\/de\/wp-json\/wp\/v2\/comments?post=908"}],"version-history":[{"count":2,"href":"https:\/\/hotelmaria.net\/de\/wp-json\/wp\/v2\/pages\/908\/revisions"}],"predecessor-version":[{"id":948,"href":"https:\/\/hotelmaria.net\/de\/wp-json\/wp\/v2\/pages\/908\/revisions\/948"}],"wp:attachment":[{"href":"https:\/\/hotelmaria.net\/de\/wp-json\/wp\/v2\/media?parent=908"}],"curies":[{"name":"wp","href":"https:\/\/api.w.org\/{rel}","templated":true}]}}