{"id":891,"date":"2017-07-24T11:14:41","date_gmt":"2017-07-24T09:14:41","guid":{"rendered":"http:\/\/hotelmaria.net\/home\/"},"modified":"2020-02-23T01:22:20","modified_gmt":"2020-02-23T00:22:20","slug":"home","status":"publish","type":"page","link":"https:\/\/hotelmaria.net\/de\/","title":{"rendered":"Home"},"content":{"rendered":"<div class=\"wpb-content-wrapper\"><p>[vc_row max_row_content_width=&#8220;100%&#8220; row_content_width=&#8220;100%&#8220; css=&#8220;.vc_custom_1524067169680{background-color: #f9f9f9 !important;}&#8220;][vc_column]<div class=\"ult-spacer spacer-69ded27f04f25\" data-id=\"69ded27f04f25\" data-height=\"151\" data-height-mobile=\"0\" data-height-tab=\"108\" data-height-tab-portrait=\"108\" data-height-mobile-landscape=\"0\" style=\"clear:both;display:block;\"><\/div>[rev_slider_vc alias=&#8220;home&#8220; el_class=&#8220;marginzero&#8220;][\/vc_column][\/vc_row][vc_row max_row_content_width=&#8220;100%&#8220; row_content_width=&#8220;100%&#8220; bg_type=&#8220;bg_color&#8220; seperator_enable=&#8220;seperator_enable_value&#8220; seperator_type=&#8220;xlarge_circle_seperator&#8220; seperator_position=&#8220;bottom_seperator&#8220; seperator_svg_height=&#8220;100&#8243; seperator_shape_background=&#8220;#ffffff&#8220; css=&#8220;.vc_custom_1526310838757{padding-top: 50px !important;padding-right: 50px !important;padding-bottom: 50px !important;padding-left: 50px !important;}&#8220; bg_color_value=&#8220;#dddddd&#8220;][vc_column][vc_custom_heading text=&#8220;Angebote&#8220; font_container=&#8220;tag:h2|text_align:center&#8220; use_theme_fonts=&#8220;yes&#8220;][vc_separator color=&#8220;custom&#8220; accent_color=&#8220;#164358&#8243; el_class=&#8220;separatore&#8220; css=&#8220;.vc_custom_1523367825688{margin-top: 20px !important;margin-bottom: 20px !important;}&#8220;][\/vc_column][vc_column offset=&#8220;vc_hidden-sm vc_hidden-xs&#8220;][vc_basic_grid post_type=&#8220;offerte&#8220; max_items=&#8220;10&#8243; style=&#8220;pagination&#8220; items_per_page=&#8220;4&#8243; element_width=&#8220;3&#8243; gap=&#8220;5&#8243; arrows_design=&#8220;vc_arrow-icon-arrow_03_left&#8220; arrows_color=&#8220;grey&#8220; paging_color=&#8220;black&#8220; loop=&#8220;yes&#8220; item=&#8220;187&#8243; grid_id=&#8220;vc_gid:1582417148785-7e444c31-3d59-7&#8243;][\/vc_column][vc_column offset=&#8220;vc_hidden-lg vc_hidden-md vc_hidden-xs&#8220;][vc_basic_grid post_type=&#8220;offerte&#8220; max_items=&#8220;-1&#8243; style=&#8220;pagination&#8220; items_per_page=&#8220;2&#8243; element_width=&#8220;6&#8243; gap=&#8220;5&#8243; arrows_design=&#8220;vc_arrow-icon-arrow_03_left&#8220; arrows_color=&#8220;grey&#8220; paging_color=&#8220;black&#8220; loop=&#8220;yes&#8220; item=&#8220;187&#8243; grid_id=&#8220;vc_gid:1582417148786-d50560e6-2025-8&#8243;][\/vc_column][vc_column offset=&#8220;vc_hidden-lg vc_hidden-md vc_hidden-sm&#8220;][vc_basic_grid post_type=&#8220;offerte&#8220; max_items=&#8220;-1&#8243; style=&#8220;pagination&#8220; items_per_page=&#8220;1&#8243; element_width=&#8220;12&#8243; gap=&#8220;5&#8243; arrows_design=&#8220;vc_arrow-icon-arrow_03_left&#8220; arrows_color=&#8220;grey&#8220; paging_color=&#8220;black&#8220; loop=&#8220;yes&#8220; item=&#8220;187&#8243; grid_id=&#8220;vc_gid:1582417148789-9065812f-4069-5&#8243;][\/vc_column][\/vc_row][vc_row max_row_content_width=&#8220;100%&#8220; row_content_width=&#8220;100%&#8220; bg_type=&#8220;bg_color&#8220; seperator_enable=&#8220;seperator_enable_value&#8220; seperator_type=&#8220;xlarge_circle_seperator&#8220; seperator_position=&#8220;bottom_seperator&#8220; seperator_svg_height=&#8220;100&#8243; seperator_shape_background=&#8220;#62c3d3&#8243; bg_color_value=&#8220;#ffffff&#8220; css=&#8220;.vc_custom_1526310871207{padding-bottom: 120px !important;}&#8220;][vc_column][vc_row_inner equal_height=&#8220;yes&#8220; content_placement=&#8220;middle&#8220;][vc_column_inner el_class=&#8220;borderright noimg&#8220; width=&#8220;1\/2&#8243; offset=&#8220;vc_col-lg-4 vc_col-md-4 vc_hidden-xs&#8220; css=&#8220;.vc_custom_1528882790735{margin-top: 0px !important;margin-right: 0px !important;margin-bottom: 0px !important;margin-left: 0px !important;padding-top: 0px !important;padding-right: 0px !important;padding-bottom: 0px !important;padding-left: 0px !important;}&#8220;]<script>jQuery( document ).ready(function() {jQuery('.owl-imgcarousel69ded27f04fb9').owlCarousel({loop:true,nav:false,navText:[\"<i class=\\\"fa fa-arrow-left\\\" aria-hidden=\\\"true\\\"><\/i>\",\"<i class=\\\"fa fa-arrow-right\\\" aria-hidden=\\\"true\\\"><\/i>\"],dots:false,lazyLoad: true,autoplay:3000,responsive:{0:{items:1},768:{items:1},992:{items:1},1200:{items:1},1500:{items:1}}});});<\/script><style>.rolenzo_gal69ded27f04fb9  {margin:0px}@media (min-width:1500px){ .rolenzo_gal69ded27f04fb9 {height:600px}}@media (min-width:1200px) and (max-width:1499px) { .rolenzo_gal69ded27f04fb9 {height:600px}}@media (min-width:992px) and (max-width:1199px) {.rolenzo_gal69ded27f04fb9 {height:500px}}@media (min-width:768px) and (max-width:991px) {.rolenzo_gal69ded27f04fb9 {height:500px}}@media (max-width:767px) { .rolenzo_gal69ded27f04fb9 {height:300px}}body .owl-imgcarousel69ded27f04fb9 .owl-nav .owl-prev, body .owl-imgcarousel69ded27f04fb9 .owl-nav .owl-next {background:; color: }body .owl-imgcarousel69ded27f04fb9 .owl-nav .owl-prev:hover, body .owl-imgcarousel69ded27f04fb9 .owl-nav .owl-next:hover {background:; color:}<\/style><div class=><div class=\"owl-carousel owl-theme owl-imgcarousel69ded27f04fb9\" ><div class=\"item\"><a   class=\"ilightbox69ded27f04fb9\"  href=\"https:\/\/hotelmaria.net\/wp-content\/uploads\/37596926.jpg\"  ><div data-src=\"https:\/\/hotelmaria.net\/wp-content\/uploads\/37596926-1024x768.jpg\" class=\"owl-lazy rolenzo_gal69ded27f04fb9 hoverGal\" style=\"background:url(https:\/\/hotelmaria.net\/wp-content\/uploads\/37596926-1024x768.jpg) no-repeat center center \/cover;position:relative; \"> <div class=\"overlay\" style=\" background-color:;\">   <svg class=\"addSvg\" xmlns=\"http:\/\/www.w3.org\/2000\/svg\" xmlns:xlink=\"http:\/\/www.w3.org\/1999\/xlink\" version=\"1.1\" id=\"Capa_1\" x=\"0px\" y=\"0px\" viewBox=\"0 0 42 42\" style=\"enable-background:new 0 0 42 42;\" xml:space=\"preserve\"><polygon points=\"42,20 22,20 22,0 20,0 20,20 0,20 0,22 20,22 20,42 22,42 22,22 42,22 \" fill=\"\"\/><g><\/g><g><\/g><g><\/g><g><\/g><g><\/g><g><\/g><g><\/g><g><\/g><g><\/g><g><\/g><g><\/g><g><\/g><g><\/g><g><\/g><g><\/g><\/svg><\/div><\/div><\/a><\/div><div class=\"item\"><a   class=\"ilightbox69ded27f04fb9\"  href=\"https:\/\/hotelmaria.net\/wp-content\/uploads\/37596923.jpg\"  ><div data-src=\"https:\/\/hotelmaria.net\/wp-content\/uploads\/37596923-1024x768.jpg\" class=\"owl-lazy rolenzo_gal69ded27f04fb9 hoverGal\" style=\"background:url(https:\/\/hotelmaria.net\/wp-content\/uploads\/37596923-1024x768.jpg) no-repeat center center \/cover;position:relative; \"> <div class=\"overlay\" style=\" background-color:;\">   <svg class=\"addSvg\" xmlns=\"http:\/\/www.w3.org\/2000\/svg\" xmlns:xlink=\"http:\/\/www.w3.org\/1999\/xlink\" version=\"1.1\" id=\"Capa_1\" x=\"0px\" y=\"0px\" viewBox=\"0 0 42 42\" style=\"enable-background:new 0 0 42 42;\" xml:space=\"preserve\"><polygon points=\"42,20 22,20 22,0 20,0 20,20 0,20 0,22 20,22 20,42 22,42 22,22 42,22 \" fill=\"\"\/><g><\/g><g><\/g><g><\/g><g><\/g><g><\/g><g><\/g><g><\/g><g><\/g><g><\/g><g><\/g><g><\/g><g><\/g><g><\/g><g><\/g><g><\/g><\/svg><\/div><\/div><\/a><\/div><div class=\"item\"><a   class=\"ilightbox69ded27f04fb9\"  href=\"https:\/\/hotelmaria.net\/wp-content\/uploads\/5996451.jpg\"  ><div data-src=\"https:\/\/hotelmaria.net\/wp-content\/uploads\/5996451.jpg\" class=\"owl-lazy rolenzo_gal69ded27f04fb9 hoverGal\" style=\"background:url(https:\/\/hotelmaria.net\/wp-content\/uploads\/5996451.jpg) no-repeat center center \/cover;position:relative; \"> <div class=\"overlay\" style=\" background-color:;\">   <svg class=\"addSvg\" xmlns=\"http:\/\/www.w3.org\/2000\/svg\" xmlns:xlink=\"http:\/\/www.w3.org\/1999\/xlink\" version=\"1.1\" id=\"Capa_1\" x=\"0px\" y=\"0px\" viewBox=\"0 0 42 42\" style=\"enable-background:new 0 0 42 42;\" xml:space=\"preserve\"><polygon points=\"42,20 22,20 22,0 20,0 20,20 0,20 0,22 20,22 20,42 22,42 22,22 42,22 \" fill=\"\"\/><g><\/g><g><\/g><g><\/g><g><\/g><g><\/g><g><\/g><g><\/g><g><\/g><g><\/g><g><\/g><g><\/g><g><\/g><g><\/g><g><\/g><g><\/g><\/svg><\/div><\/div><\/a><\/div><div class=\"item\"><a   class=\"ilightbox69ded27f04fb9\"  href=\"https:\/\/hotelmaria.net\/wp-content\/uploads\/56282253.jpg\"  ><div data-src=\"https:\/\/hotelmaria.net\/wp-content\/uploads\/56282253-1024x768.jpg\" class=\"owl-lazy rolenzo_gal69ded27f04fb9 hoverGal\" style=\"background:url(https:\/\/hotelmaria.net\/wp-content\/uploads\/56282253-1024x768.jpg) no-repeat center center \/cover;position:relative; \"> <div class=\"overlay\" style=\" background-color:;\">   <svg class=\"addSvg\" xmlns=\"http:\/\/www.w3.org\/2000\/svg\" xmlns:xlink=\"http:\/\/www.w3.org\/1999\/xlink\" version=\"1.1\" id=\"Capa_1\" x=\"0px\" y=\"0px\" viewBox=\"0 0 42 42\" style=\"enable-background:new 0 0 42 42;\" xml:space=\"preserve\"><polygon points=\"42,20 22,20 22,0 20,0 20,20 0,20 0,22 20,22 20,42 22,42 22,22 42,22 \" fill=\"\"\/><g><\/g><g><\/g><g><\/g><g><\/g><g><\/g><g><\/g><g><\/g><g><\/g><g><\/g><g><\/g><g><\/g><g><\/g><g><\/g><g><\/g><g><\/g><\/svg><\/div><\/div><\/a><\/div><div class=\"item\"><a   class=\"ilightbox69ded27f04fb9\"  href=\"https:\/\/hotelmaria.net\/wp-content\/uploads\/1390434205b694071dcbbc61fc90f07565517e4480.jpg\"  ><div data-src=\"https:\/\/hotelmaria.net\/wp-content\/uploads\/1390434205b694071dcbbc61fc90f07565517e4480.jpg\" class=\"owl-lazy rolenzo_gal69ded27f04fb9 hoverGal\" style=\"background:url(https:\/\/hotelmaria.net\/wp-content\/uploads\/1390434205b694071dcbbc61fc90f07565517e4480.jpg) no-repeat center center \/cover;position:relative; \"> <div class=\"overlay\" style=\" background-color:;\">   <svg class=\"addSvg\" xmlns=\"http:\/\/www.w3.org\/2000\/svg\" xmlns:xlink=\"http:\/\/www.w3.org\/1999\/xlink\" version=\"1.1\" id=\"Capa_1\" x=\"0px\" y=\"0px\" viewBox=\"0 0 42 42\" style=\"enable-background:new 0 0 42 42;\" xml:space=\"preserve\"><polygon points=\"42,20 22,20 22,0 20,0 20,20 0,20 0,22 20,22 20,42 22,42 22,22 42,22 \" fill=\"\"\/><g><\/g><g><\/g><g><\/g><g><\/g><g><\/g><g><\/g><g><\/g><g><\/g><g><\/g><g><\/g><g><\/g><g><\/g><g><\/g><g><\/g><g><\/g><\/svg><\/div><\/div><\/a><\/div><\/div><\/div><script>jQuery('.ilightbox69ded27f04fb9').iLightBox({skin: 'metro-black',path: 'horizontal',controls: {toolbar: true,arrows: true,fullscreen: true,thumbnail: true,keyboard: true,mousewheel: true,swipe: true},caption: {start: false,}});<\/script>[\/vc_column_inner][vc_column_inner el_class=&#8220;wow fadeIn&#8220; width=&#8220;1\/2&#8243; offset=&#8220;vc_col-lg-4 vc_col-md-4 vc_col-xs-12&#8243; css=&#8220;.vc_custom_1528882795399{padding-top: 50px !important;padding-right: 50px !important;padding-bottom: 50px !important;padding-left: 50px !important;}&#8220;][vc_custom_heading text=&#8220;Hotel Maria &#8211; Pineto&#8220; font_container=&#8220;tag:h1|text_align:center&#8220; use_theme_fonts=&#8220;yes&#8220;][vc_separator color=&#8220;custom&#8220; accent_color=&#8220;#164358&#8243; el_class=&#8220;separatore&#8220; css=&#8220;.vc_custom_1523357198229{margin-top: 20px !important;margin-bottom: 20px !important;}&#8220;][vc_column_text]<\/p>\n<p class=\"bolditalic\" style=\"text-align: center;\">Zwischen Norden und S\u00fcden liegen die wundersch\u00f6nen Abruzzen, das Meer von Pineto und die ruhige Atmosph\u00e4re des Hotels Maria<\/p>\n<p style=\"text-align: center;\">Das\u00a0<strong class=\"evidenziato\">3-Sterne-Hotel Maria in der N\u00e4he von Pineto\u00a0<\/strong>hat eine ruhige und zauberhafte Lage auf den H\u00fcgeln \u00fcber der Adria der Abruzzen.<\/p>\n<p>[\/vc_column_text][vc_btn title=&#8220;mehr infos&#8220; style=&#8220;custom&#8220; custom_background=&#8220;#67acc2&#8243; custom_text=&#8220;#ffffff&#8220; shape=&#8220;round&#8220; align=&#8220;center&#8220; link=&#8220;url:https%3A%2F%2Fhotelmaria.net%2Fde%2Fhotel-in-die-abruzzen-pineto%2F|||&#8220;][\/vc_column_inner][vc_column_inner el_class=&#8220;borderleft&#8220; offset=&#8220;vc_col-lg-4 vc_col-md-4 vc_col-xs-12&#8243; css=&#8220;.vc_custom_1524067604692{padding-top: 50px !important;padding-right: 50px !important;padding-bottom: 50px !important;padding-left: 50px !important;background-image: url(http:\/\/hotelmaria.net\/wp-content\/uploads\/diagonalwaves.png?id=102) !important;}&#8220;][vc_custom_heading text=&#8220;Warum bei uns buchen?&#8220; use_theme_fonts=&#8220;yes&#8220;][vc_separator color=&#8220;custom&#8220; align=&#8220;align_left&#8220; accent_color=&#8220;#164358&#8243; el_class=&#8220;separatore&#8220; css=&#8220;.vc_custom_1523358194582{margin-top: 20px !important;margin-bottom: 20px !important;}&#8220;]<div class=\"aio-icon-component    style_1\"><div id=\"Info-box-wrap-4375\" class=\"aio-icon-box default-icon\" style=\"\"  ><div class=\"aio-icon-default\"><div class=\"ult-just-icon-wrapper  \"><div class=\"align-icon\" style=\"text-align:center;\">\n<div class=\"aio-icon-img \" style=\"font-size:48px;display:inline-block;\" >\n\t<img decoding=\"async\" class=\"img-icon\" alt=\"null\" src=\"https:\/\/hotelmaria.net\/wp-content\/uploads\/music-social-group.png\"\/>\n<\/div><\/div><\/div><\/div><div class=\"aio-icon-header\" ><h4 class=\"aio-icon-title ult-responsive\"  data-ultimate-target='#Info-box-wrap-4375 .aio-icon-title'  data-responsive-json-new='{\"font-size\":\"\",\"line-height\":\"\"}'  style=\"\">Familienmanagement<\/h4><\/div> <!-- header --><\/div> <!-- aio-icon-box --><\/div> <!-- aio-icon-component --><div class=\"aio-icon-component    style_1\"><a class=\"aio-icon-box-link\" href=\"http:\/\/hotelmaria.net\/servizi\/\" ><div id=\"Info-box-wrap-4329\" class=\"aio-icon-box default-icon\" style=\"\"  ><div class=\"aio-icon-default\"><div class=\"ult-just-icon-wrapper  \"><div class=\"align-icon\" style=\"text-align:center;\">\n<div class=\"aio-icon-img \" style=\"font-size:48px;display:inline-block;\" >\n\t<img decoding=\"async\" class=\"img-icon\" alt=\"null\" src=\"https:\/\/hotelmaria.net\/wp-content\/uploads\/handshake.png\"\/>\n<\/div><\/div><\/div><\/div><div class=\"aio-icon-header\" ><h4 class=\"aio-icon-title ult-responsive\"  data-ultimate-target='#Info-box-wrap-4329 .aio-icon-title'  data-responsive-json-new='{\"font-size\":\"\",\"line-height\":\"\"}'  style=\"\">Viele Dienste<\/h4><\/div> <!-- header --><\/div> <!-- aio-icon-box --><\/a><\/div> <!-- aio-icon-component --><div class=\"aio-icon-component    style_1\"><a class=\"aio-icon-box-link\" href=\"http:\/\/hotelmaria.net\/cucina\/\" ><div id=\"Info-box-wrap-3321\" class=\"aio-icon-box default-icon\" style=\"\"  ><div class=\"aio-icon-default\"><div class=\"ult-just-icon-wrapper  \"><div class=\"align-icon\" style=\"text-align:center;\">\n<div class=\"aio-icon-img \" style=\"font-size:48px;display:inline-block;\" >\n\t<img decoding=\"async\" class=\"img-icon\" alt=\"null\" src=\"https:\/\/hotelmaria.net\/wp-content\/uploads\/restaurant.png\"\/>\n<\/div><\/div><\/div><\/div><div class=\"aio-icon-header\" ><h4 class=\"aio-icon-title ult-responsive\"  data-ultimate-target='#Info-box-wrap-3321 .aio-icon-title'  data-responsive-json-new='{\"font-size\":\"\",\"line-height\":\"\"}'  style=\"\">Hausmannskost<\/h4><\/div> <!-- header --><\/div> <!-- aio-icon-box --><\/a><\/div> <!-- aio-icon-component --><div class=\"aio-icon-component    style_1\"><div id=\"Info-box-wrap-2650\" class=\"aio-icon-box default-icon\" style=\"\"  ><div class=\"aio-icon-default\"><div class=\"ult-just-icon-wrapper  \"><div class=\"align-icon\" style=\"text-align:center;\">\n<div class=\"aio-icon-img \" style=\"font-size:48px;display:inline-block;\" >\n\t<img decoding=\"async\" class=\"img-icon\" alt=\"null\" src=\"https:\/\/hotelmaria.net\/wp-content\/uploads\/charity.png\"\/>\n<\/div><\/div><\/div><\/div><div class=\"aio-icon-header\" ><h4 class=\"aio-icon-title ult-responsive\"  data-ultimate-target='#Info-box-wrap-2650 .aio-icon-title'  data-responsive-json-new='{\"font-size\":\"\",\"line-height\":\"\"}'  style=\"\">Freundliche und famili\u00e4re Umgebung<\/h4><\/div> <!-- header --><\/div> <!-- aio-icon-box --><\/div> <!-- aio-icon-component --><div class=\"aio-icon-component    style_1\"><div id=\"Info-box-wrap-6411\" class=\"aio-icon-box default-icon\" style=\"\"  ><div class=\"aio-icon-header\" ><h4 class=\"aio-icon-title ult-responsive\"  data-ultimate-target='#Info-box-wrap-6411 .aio-icon-title'  data-responsive-json-new='{\"font-size\":\"\",\"line-height\":\"\"}'  style=\"\">und vieles mehr ...<\/h4><\/div> <!-- header --><\/div> <!-- aio-icon-box --><\/div> <!-- aio-icon-component -->[\/vc_column_inner][\/vc_row_inner][vc_row_inner equal_height=&#8220;yes&#8220; content_placement=&#8220;middle&#8220;][vc_column_inner el_class=&#8220;wow fadeIn whitefont&#8220; offset=&#8220;vc_col-lg-8 vc_col-md-8 vc_col-xs-12&#8243; css=&#8220;.vc_custom_1524067533061{padding-top: 50px !important;padding-right: 50px !important;padding-bottom: 50px !important;padding-left: 50px !important;background-image: url(http:\/\/hotelmaria.net\/wp-content\/uploads\/wall.png?id=133) !important;background-position: 0 0 !important;background-repeat: repeat !important;}&#8220;][vc_custom_heading text=&#8220;Zimmer&#8220; font_container=&#8220;tag:h1|text_align:center|color:%23ffffff&#8220; use_theme_fonts=&#8220;yes&#8220;][vc_separator color=&#8220;custom&#8220; accent_color=&#8220;#ffffff&#8220; el_class=&#8220;separatore&#8220; css=&#8220;.vc_custom_1523365059271{margin-top: 20px !important;margin-bottom: 20px !important;}&#8220;][vc_column_text]<\/p>\n<p class=\"bolditalic\" style=\"text-align: center;\"><em>Es ist einfach traumhaft, am Meer zu sein und auf den Gran Sasso zu blicken<\/em><\/p>\n<p style=\"text-align: center;\">Die 23 Zimmer des\u00a0<strong class=\"evidenziato\">Hotels Maria<\/strong>\u00a0in der N\u00e4he von Pineto bieten eine elegante Einrichtung, viel Komfort und einen Balkon mit einem wirklich atemberaubenden Blick: die Umgebung ist eine wundersch\u00f6ne Mischung aus Meer, H\u00fcgeln, Weinbergen und Olivenhainen. Von einigen Zimmern kann man sogar den Gran Sasso sehen.<\/p>\n<p>[\/vc_column_text][vc_btn title=&#8220;mehr infos&#8220; style=&#8220;custom&#8220; custom_background=&#8220;#67acc2&#8243; custom_text=&#8220;#ffffff&#8220; shape=&#8220;round&#8220; align=&#8220;center&#8220; link=&#8220;url:https%3A%2F%2Fhotelmaria.net%2Fde%2Fzimmer%2F|||&#8220;][\/vc_column_inner][vc_column_inner el_class=&#8220;whitefont&#8220; offset=&#8220;vc_col-lg-4 vc_col-md-4 vc_col-xs-12&#8243; css=&#8220;.vc_custom_1526313671706{padding-top: 50px !important;padding-right: 50px !important;padding-bottom: 50px !important;padding-left: 50px !important;background-color: #01733c !important;background-position: center !important;background-repeat: no-repeat !important;background-size: cover !important;}&#8220;]<script>jQuery( document ).ready(function() {jQuery('.owl-testimonial').owlCarousel({loop:false,margin:20,nav:true,navText:[\"<i class=\\\"fa fa-arrow-left\\\" aria-hidden=\\\"true\\\"><\/i>\",\"<i class=\\\"fa fa-arrow-right\\\" aria-hidden=\\\"true\\\"><\/i>\"],dots:false,autoplay: true,autoplayTimeout:5000,autoplayHoverPause:true,responsive:{0:{items:1},768:{items:1},992:{items:1},1200:{items:1},1500:{items:1}}});});<\/script><style>body .owl-testimonial .owl-nav .owl-prev, body .owl-testimonial .owl-nav .owl-next {background:#67acc2; color: #ffffff}body .owl-testimonial .owl-nav .owl-prev:hover, body .owl-testimonial .owl-nav .owl-next:hover {background:#67acc2; color:#ffffff}body .testimonial-star .fa {color:#ffffff}<\/style><div class=><div class=\"owl-carousel owl-theme owl-testimonial\"><div class=\"item\"><img src='https:\/\/hotelmaria.net\/wp-content\/themes\/rolenzo\/shortcodes\/img\/tripadvisor.png' class='testimonial-tripadvisor testimonial-image'\/><h3>Da non perdere....<\/h3> <p class=\"testimonial-content\">\u00c9 come sentirsi a casa.... cordialit\u00e0 ospitalit\u00e0 e disponibilit\u00e0 di tutto lo staff. Camere pulite e comode. Ottima la cucina... Vengo spesso a Pescara per lavoro e non posso non pernottare all'Hotel Maria.<\/p><p class=\"testimonial-name\"><em>Massimiliano T<\/em><\/p><\/div><div class=\"item\"><img src='https:\/\/hotelmaria.net\/wp-content\/themes\/rolenzo\/shortcodes\/img\/tripadvisor.png' class='testimonial-tripadvisor testimonial-image'\/><h3>Vacanza super<\/h3> <p class=\"testimonial-content\">Non si pu\u00f2 desiderare di pi\u00f9: accoglienza, pulizia, cordialit\u00e0, disponibilit\u00e0, gentilezza, cibo fantastico, festa in piscina super lo consiglio per grandi e piccini da ritornare complimenti ancora a Ovidio Loredana e a tutto lo staff continuate cos\u00ec' grazie ancora da Nicola Gloria Maria Luca Roberta e Aurora da Cavarzere (VE)<\/p><p class=\"testimonial-name\"><em>marangoninicola<\/em><\/p><\/div><div class=\"item\"><img src='https:\/\/hotelmaria.net\/wp-content\/themes\/rolenzo\/shortcodes\/img\/tripadvisor.png' class='testimonial-tripadvisor testimonial-image'\/><h3>Ottima vacanza<\/h3> <p class=\"testimonial-content\">Ho trascorso le vacanze presso l'hotel Maria di Pineto nel mese di luglio 2017. La mia esperienza \u00e8 stata molto positiva. Ottima qualit\u00e0 servizi \/prezzo; responsabili dell'albero molto affabili; personale estremamente cortese e disponibile; Consiglio di soggiornare in questa struttura. Domenico da Torino<\/p><p class=\"testimonial-name\"><em>mariarinald0<\/em><\/p><\/div><div class=\"item\"><img src='https:\/\/hotelmaria.net\/wp-content\/themes\/rolenzo\/shortcodes\/img\/tripadvisor.png' class='testimonial-tripadvisor testimonial-image'\/><h3>Ottimo 3 stelle!<\/h3> <p class=\"testimonial-content\">Personale gentilissimo e disponibile;piscina non molto grande ma con uno scivolo fantastico,se avete dei bambini un p\u00f2 spericolati ne rimarranno entusiasti! Buono il ristorante.Veramente un soggiorno piacevole.<\/p><p class=\"testimonial-name\"><em>Soniettasun<\/em><\/p><\/div><div class=\"item\"><img src='https:\/\/hotelmaria.net\/wp-content\/themes\/rolenzo\/shortcodes\/img\/tripadvisor.png' class='testimonial-tripadvisor testimonial-image'\/><h3>Posto tranquillo e prezzo onesto<\/h3> <p class=\"testimonial-content\">Camere pulite e munite di Wi-Fi, Sky e condizionatori. Piscina in hotel e ombrellone in spiaggia (con rispettivo servizio navetta) inclusi nel prezzo. Colazione abbondante. Per pranzo e cena prodotti ottimi a prezzi molto onesti. Davvero consigliato anche a famiglie con bambini.<\/p><p class=\"testimonial-name\"><em>Andrea O<\/em><\/p><\/div><\/div><\/div>[\/vc_column_inner][\/vc_row_inner][\/vc_column][\/vc_row]<\/p>\n<\/div>","protected":false},"excerpt":{"rendered":"<p>[vc_row max_row_content_width=&#8220;100%&#8220; row_content_width=&#8220;100%&#8220; css=&#8220;.vc_custom_1524067169680{background-color: #f9f9f9 !important;}&#8220;][vc_column][rev_slider_vc alias=&#8220;home&#8220; el_class=&#8220;marginzero&#8220;][\/vc_column][\/vc_row][vc_row max_row_content_width=&#8220;100%&#8220; row_content_width=&#8220;100%&#8220; bg_type=&#8220;bg_color&#8220; seperator_enable=&#8220;seperator_enable_value&#8220; seperator_type=&#8220;xlarge_circle_seperator&#8220; seperator_position=&#8220;bottom_seperator&#8220; seperator_svg_height=&#8220;100&#8243; seperator_shape_background=&#8220;#ffffff&#8220; css=&#8220;.vc_custom_1526310838757{padding-top: 50px !important;padding-right: 50px !important;padding-bottom: 50px !important;padding-left: 50px !important;}&#8220; bg_color_value=&#8220;#dddddd&#8220;][vc_column][vc_custom_heading text=&#8220;Angebote&#8220; font_container=&#8220;tag:h2|text_align:center&#8220; use_theme_fonts=&#8220;yes&#8220;][vc_separator color=&#8220;custom&#8220; accent_color=&#8220;#164358&#8243; el_class=&#8220;separatore&#8220; css=&#8220;.vc_custom_1523367825688{margin-top: 20px !important;margin-bottom: 20px !important;}&#8220;][\/vc_column][vc_column offset=&#8220;vc_hidden-sm vc_hidden-xs&#8220;][vc_basic_grid post_type=&#8220;offerte&#8220; max_items=&#8220;10&#8243; style=&#8220;pagination&#8220; items_per_page=&#8220;4&#8243; element_width=&#8220;3&#8243; gap=&#8220;5&#8243; arrows_design=&#8220;vc_arrow-icon-arrow_03_left&#8220; arrows_color=&#8220;grey&#8220; paging_color=&#8220;black&#8220; loop=&#8220;yes&#8220; item=&#8220;187&#8243; grid_id=&#8220;vc_gid:1582417148785-7e444c31-3d59-7&#8243;][\/vc_column][vc_column offset=&#8220;vc_hidden-lg vc_hidden-md vc_hidden-xs&#8220;][vc_basic_grid post_type=&#8220;offerte&#8220; &hellip; <a href=\"https:\/\/hotelmaria.net\/de\/\" class=\"more-link\"><span class=\"screen-reader-text\">\u201eHome\u201c<\/span> weiterlesen<\/a><\/p>\n","protected":false},"author":1,"featured_media":0,"parent":0,"menu_order":0,"comment_status":"closed","ping_status":"closed","template":"","meta":{"footnotes":""},"_links":{"self":[{"href":"https:\/\/hotelmaria.net\/de\/wp-json\/wp\/v2\/pages\/891"}],"collection":[{"href":"https:\/\/hotelmaria.net\/de\/wp-json\/wp\/v2\/pages"}],"about":[{"href":"https:\/\/hotelmaria.net\/de\/wp-json\/wp\/v2\/types\/page"}],"author":[{"embeddable":true,"href":"https:\/\/hotelmaria.net\/de\/wp-json\/wp\/v2\/users\/1"}],"replies":[{"embeddable":true,"href":"https:\/\/hotelmaria.net\/de\/wp-json\/wp\/v2\/comments?post=891"}],"version-history":[{"count":6,"href":"https:\/\/hotelmaria.net\/de\/wp-json\/wp\/v2\/pages\/891\/revisions"}],"predecessor-version":[{"id":1070,"href":"https:\/\/hotelmaria.net\/de\/wp-json\/wp\/v2\/pages\/891\/revisions\/1070"}],"wp:attachment":[{"href":"https:\/\/hotelmaria.net\/de\/wp-json\/wp\/v2\/media?parent=891"}],"curies":[{"name":"wp","href":"https:\/\/api.w.org\/{rel}","templated":true}]}}